{"id":1635,"date":"2015-03-10T17:03:35","date_gmt":"2015-03-10T16:03:35","guid":{"rendered":"http:\/\/www.manq.it\/?page_id=1635"},"modified":"2021-04-22T11:47:59","modified_gmt":"2021-04-22T09:47:59","slug":"portogallo-spagna-2007","status":"publish","type":"page","link":"https:\/\/www.manq.it\/index.php\/portogallo-spagna-2007\/","title":{"rendered":"Portogallo &#038; Spagna &#8211; 2007"},"content":{"rendered":"<p><iframe loading=\"lazy\" src=\"https:\/\/maps.google.com\/maps?f=d&amp;source=s_d&amp;saddr=Madrid,+Spagna&amp;daddr=Oporto,+Portogallo+to:40.1643062,-8.8378982+to:Coimbra,+Portogallo+to:Lisbona,+Portogallo+to:Albufeira,+Portogallo+to:Siviglia,+Spagna+to:Tarifa,+Spagna+to:36.1297041,-5.3420778+to:M%C3%A1laga,+Spagna+to:C%C3%B3rdoba,+Spagna+to:Granada,+Spagna+to:Toledo,+Spagna+to:Madrid,+Spagna&amp;hl=it&amp;geocode=FQe2aAIdEnzH_ymBPAqAlylCDTFpIoxhwd42xA%3BFWQsdAIdiVx8_ylp1HTw-mQkDTEvKhThESxWQA%3BFdLbZAId9iR5_ykNp0ck2DciDTHAPEzS6hsaCw%3BFR16ZQId2zV__ym37svHwvgiDTHQMZDkvesABA%3BFczaTgIdd4t0_yk78-RhGjMZDTHQNpDkvesABA%3BFTDvNQIduCWC_ykfxN04rs4aDTFFEERipeci7Q%3BFSSDOgIdNa-k_ymRYr4UEWwSDTFIVv4cYhjwNA%3BFfGIJQIdnnuq_yljHD_C944MDTFjiaQqg_LgLA%3BFahLJwIdg3yu_ynZEeD4b78MDTFXTj_TEG8Q7w%3BFW1SMAIdbom8_yktIdtPxFlyDTHPMsrJktwlYA%3BFa8gQgIdiBK3_ynvCl75Jt9sDTHDVoQQ6NLxTQ%3BFfhHNwIdIxfJ_yl9wjIt5vxxDTFyDWDTnfdYkg%3BFTBCYAIdRYzC_ynx_bULrQtqDTH-rXVq6Ft_xg%3BFQe2aAIdEnzH_ymBPAqAlylCDTFpIoxhwd42xA&amp;aq=0&amp;oq=Madrid&amp;sll=35.87236,-5.284424&amp;sspn=0.815682,1.479034&amp;mra=ls&amp;via=2,8&amp;ie=UTF8&amp;t=m&amp;ll=38.594445,-6.276632&amp;spn=5.160273,5.806258&amp;output=embed\" width=\"650\" height=\"350\" frameborder=\"0\" marginwidth=\"0\" marginheight=\"0\" scrolling=\"no\"><\/iframe><\/p>\n<p style=\"text-align: justify;\">Il giro di Spagna e Portogallo dell\u2019estate 2007, va detto subito, \u00e8 riuscito solo a met\u00e0. Il problema, rispetto ad esempio ad altri viaggi fatti in precedenza, \u00e8 che per il primo anno il sottoscritto lavorava a tempo pieno e, di conseguenza, 20 giorni di tour continuo senza mai una sosta per riposare e senza nemmeno un giorno di stacco dal lavoro n\u00e9 alla partenza, n\u00e9 al ritorno, hanno tramutato la vacanza in una mazzata terribile. Personalmente mi sento di consigliare il viaggio spezzato in due tronconi: uno per il giro del Portogallo (che consiglio vivamente) ed uno per l\u2019Andalusia (che ho apprezzato sicuramente meno, ma credo soprattutto a causa della stanchezza). Ancora una volta la decisione \u00e8 stata di non prenotare nessuna sistemazione prima della partenza, trovando via via hotel disposti ad ospitarci. Ad essere onesti per\u00f2, questa strategia non si \u00e8 rivelata ottimale poich\u00e9 la zona \u00e8 fornita prettamente di hotel e, sebbene prenotarli a ridosso del pernottamento permette di incorrere in vere e proprie occasioni (ho passato notti in alberghi 5 stelle a poco pi\u00f9 di 40 euro), spesso si rischia di incorrere in zone \u201cno vacancy\u201d dove trovare da dormire porta non pochi problemi. Fortunatamente non \u00e8 mai stato necessario dormire in spiaggia, sebbene lo si sia spesso ipotizzato, ma sicuramente sono state buttate un sacco di ore per la ricerca di un tetto.<\/p>\n<p style=\"text-align: justify;\">La strategia scelta per questo tour \u00e8 stata di volo andata e ritorno su <strong>Madrid<\/strong>, facilmente reperibile con diverse compagnie low cost, e noleggio di un minivan (maxifun) per tutti i restanti spostamenti.<\/p>\n<p style=\"text-align: justify;\"><img decoding=\"async\" style=\"margin: 5px 0px 5px 10px; padding: 2px; border: 1px solid #FFFFFF;\" title=\"Missa, Odri, Simo, Peich e Max a Porto\" src=\"http:\/\/www.manq.it\/wordpress\/wp-content\/uploads\/viaggi\/Spagna1.jpg\" alt=\"\" width=\"300\" align=\"right\">Appena atterrati abbiamo ritirato il nostro Scudo e siamo partiti alla volta di <strong>Porto<\/strong>. La capitale del portogallo \u00e8 una citt\u00e0 molto strana e, a mio avviso, molto bella. E\u2019 sporca e mal tenuta, ma anche molto viva e suggestiva. I nostri giorni in loco sono trascorsi veloci, incentrati soprattutto sulla degustazione dell\u2019omonima bevanda locale. Consiglio a tal proposito la visita ad una delle tante cantine della citt\u00e0, nonch\u00e9 un bel aperitivo a base di Porto Cruz sulle rive del fiume, magari accompagnato ad un ottimo <a href=\"http:\/\/it.wikipedia.org\/wiki\/Chorizo\" target=\"_blank\" rel=\"noopener noreferrer\">chorizo<\/a>. Se si cerca invece una buona taverna dove mangiare a prezzi contenuti in quel di Porto, non posso che suggerire caldamente&nbsp;l\u2019ottimo Romao.<\/p>\n<p style=\"text-align: justify;\">La seconda tappa del viaggio \u00e8 stata fissata per <strong>Coimbra<\/strong>, tuttavia prima di arrivarci, si \u00e8 optato per una giornata di mare in quel di <strong>Figueira da Foz<\/strong>. Ok, lo ammetto, a Figueira ci si \u00e8 andati soprattutto per il nome che si sperava fosse evocativo della popolazione balneare. Non \u00e8 cos\u00ec. Per\u00f2 la giornata in spiaggia non \u00e8 stata malvagia e forse farci una scappata non \u00e8 stata poi un\u2019idea cos\u00ec cattiva. Coimbra \u00e8 una bella cittadina, con un bel centro pedonale e dei bei localini dove fare l\u2019aperitivo. Abbiamo anche visitato la famosa e antichissima Universit\u00e0 che, tuttavia, a me non \u00e8 parsa poi sto granch\u00e8, forse per via del tanto, troppo, caldo.<\/p>\n<p style=\"text-align: justify;\">Via di nuovo, rotta verso <strong>Lisbona<\/strong>, capitale del calcio Portoghese. Visitare tutto quello che c\u2019\u00e8 da vedere a Lisbona e dintorni \u00e8 una cosa lunga e laboriosa, almeno stando alle guide turistiche. Personalmente, dopo esserci stato, tutto quello sbattimento me lo risparmierei volentieri. Mi \u00e8 infatti piaciuta molto la zona di Bel\u00e9m e anche la zona dell\u2019Expo, che per\u00f2 ammetto possa non piacere a tutti e quindi forse gi\u00e0 passibile di taglio per i poco dotati in tempo di permanenza. Carino il centro storico, anche se vi circola una quantit\u00e0 di malavita fuori dal comune persino per noi giovani italiani. Spaccio a tutti gli angoli, anche insistente, e diversi personaggi che alla sera, incontrati per strada, mettono quel filo di paura anche ad un gruppo di ragazzi adulti e vaccinati come noi altri. La nota di merito di Lisbona la spendo per il Docks club, localino in zona porto dove siamo andati a ballare l\u2019ultima sera. Pieno di bella gente, musica onesta (danzerecciamente parlando) e simptica usanza di darti due consumazioni omaggio all\u2019ingresso.<\/p>\n<p style=\"text-align: justify;\"><img decoding=\"async\" style=\"margin: 10px 10px 0px 0px; padding: 2px; border: 1px solid #FFFFFF;\" title=\"Simo, Peich e Manq a Sintra\" src=\"http:\/\/www.manq.it\/wordpress\/wp-content\/uploads\/viaggi\/Spagna2.jpg\" alt=\"\" width=\"400\" align=\"left\">Nei pressi di Lisbona poi si trova quella che dovrebbe essere una zona storica interessantissima, nota col nome di <strong>Sintra<\/strong> e consigliata da tutte le guide. Io vorrei sapere chi le ha scritte, quelle guide. Si tratta di un complesso arabeggiante con annesso parco, un complesso monastico con annesso parco e un castello con annesso parco. Il complesso arabeggiante sembrava, a tutti gli effetti, una costruzione di Gardaland. Un\u2019accozzaglia colorata di stili architettonici mischiati alla rinfusa. Ora, non per fare il solito italiano, ma chi viene dal Bel Paese non ha certo bisogno di andare a vedere certe \u201cbilottate\u201d, per non parlare dell\u2019annesso parco su cui stendo direttamente un velo pietoso. Nemmeno tempo di fare un aperitivo, che Missa, evidentemente non pago, ha chiesto di vedere il complesso monastico. Ovviamente nessuno ha acconsentito ad accompagnarlo, tranne il sottoscritto che ha aderito pi\u00f9 che altro per scappare dall\u2019ambulante col flauto che ammorbava i clienti del bar. Se ho valutato male il complesso arabeggiante, \u00e8 meglio che non parli di quello monastico e del suo annesso parco. Ovviamente al castello non ci sono andato, preferendo aspettare fuori. La cosa buffa \u00e8 che tutti questi postacci sono a pagamento e costano pure un bel po\u2019, indi da parte mia sconsiglio veramente a chiunque di metterci piede.<br \/>\nRipartiti da Lisbona, la meta seguente era l\u2019Algarve, una splendida regione costiera a sud del Portogallo che ha l\u2019unico difetto di essere strapiena di turisti. Questo non da fastidio di per s\u00e9, ma implica la totale irreperibilit\u00e0 di posti letto a prezzi modici per chi non ha prenotato a mesi di distanza. Alla fine, dopo aver girato in lungo e in largo, abbiamo reperito un appartamento di 200 m2 (non scherzo) in quel di <strong>Albufeira<\/strong>, pagandolo non poco, ma potendo usufruire di un tot di servizi come internet e piscina. Il posto, come detto, \u00e8 molto bello ed \u00e8 pieno di vita, anche e soprattutto la sera. Essendo io d\u2019estate un perfetto tamarro, ricordo il concerto in spiaggia di Bob Sinclair come uno dei momenti pi\u00f9 divertenti della vacanza.<\/p>\n<p style=\"text-align: justify;\"><img decoding=\"async\" style=\"margin: 5px 0px 5px 10px; padding: 2px; border: 1px solid #FFFFFF;\" title=\"Bazzu a Siviglia\" src=\"http:\/\/www.manq.it\/wordpress\/wp-content\/uploads\/viaggi\/Spagna3.jpg\" alt=\"\" width=\"300\" align=\"right\">Dal Portogallo si passa alla Spagna e pi\u00f9 precisamente all&#8217;Andalusia. Prima tappa del viaggio \u00e8 <strong>Siviglia<\/strong>&nbsp;dove stiamo qualche giorno e dove ci raggiunge il settimo condottiero, ovvero Bazzu. Caratteristica principale di questa regione della penisola Iberica \u00e8 il caldo torrido, specie in Agosto. Per combatterlo noi abbiamo adottato una strategia fatta di copiose brocche di <a href=\"http:\/\/it.wikipedia.org\/wiki\/Sangr%C3%ADa\" target=\"_blank\" rel=\"noopener noreferrer\">sangria<\/a> da accompagnarsi al delizioso <a href=\"http:\/\/en.wikipedia.org\/wiki\/Jam%C3%B3n_ib%C3%A9rico\" target=\"_blank\" rel=\"noopener noreferrer\">jam\u00f3n ib\u00e9rico<\/a>, specialit\u00e0 locale tutto fuorch\u00e8 economica. Siviglia, a mio avviso, \u00e8 forse la pi\u00f9 bellina delle citt\u00e0 andaluse che abbiamo visitato ed il suo centro storico merita certamente una passeggiata. Per nessuna ragione, per\u00f2, consiglierei a qualcuno di visitare il famoso Real Alcazar. Lo dico chiaro e nell&#8217;unico modo possibile: \u00e8 veramente una merda.<\/p>\n<p style=\"text-align: justify;\">Lasciata la &#8220;capitale&#8221; della regione, si torna sul mare. La meta \u00e8 <strong>Tarifa<\/strong>, una cittadina nota soprattutto ai patiti di kitesurf, che vi si ritrovano in massa durante tutta l&#8217;estate. Chiariamo subito: se l&#8217;idea \u00e8 trascorrere dei giorni di mare facendo vita da spiaggia, Tarifa \u00e8 una meta che sconsiglio vivamnte. Il motivo per cui \u00e8 cos\u00ec nota nell&#8217;ambiente del surf \u00e8 che c&#8217;\u00e8 sempre un sacco di vento. Talmente tanto e talmente forte, che spesso stare in spiaggia \u00e8 impossibile a causa di&nbsp;vere e proprie tempeste di sabbia. Perch\u00e8 varrebbe la pena di fermarsi in questo posto, allora? Il bello di questa cittadina \u00e8 che \u00e8 popolata quasi esclusivamente da giovani. Il centro storico \u00e8 molto carino e pieno di localini, di conseguenza dopo il tramonto la vita pu\u00f2 diventare estremamente piacevole e adatta a chi \u00e8 in cerca soprattutto di divertimenti. L&#8217;ultimo consiglio che do a riguardo \u00e8 per\u00f2 di prenotare molto prima di arrivare in loco perch\u00e8 anche in questo caso il rischio \u00e8 di non trovare un alloggio accettabile. La cittadina \u00e8 piccola e ci viene veramente un sacco di gente a fare surf, quindi reperire posti letto all&#8217;ultimo momento pu\u00f2 diventare un&#8217;impresa improba. Noi, nella fattispecie, ci siamo ritrovati a dormire alla pensione Facundo, posto che credo di poter definire una delle peggiori sistemazioni in cui mi sia mai capitato di alloggiare. Tarifa \u00e8 anche un ottimo scalo per visitare <strong>Gibilterra<\/strong>. Io ci sono andato, accompagnato da Peich e Odri, e non mi \u00e8 spiaciuta affatto. Ovviamente l&#8217;attrazione principale sono le scimmie e devo dire che non hanno deluso. Siamo anche andati a visitare il famigerato cannone dalle 100 tonnellate, attrazione imperdibile che nemmeno tutti i locali conoscono e che credo nessuno possa rimpiangere di non aver visitato.<\/p>\n<p style=\"text-align: justify;\">E&#8217; la volta di <strong>Malaga<\/strong>. Con pessimo tempismo ci siamo arrivati esattamente il giorno dopo la conclusione della famosa <a href=\"http:\/\/it.wikipedia.org\/wiki\/M%C3%A1laga#Fiera_di_Agosto\" target=\"_blank\" rel=\"noopener noreferrer\">Fiera<\/a>, perdendoci probabilmente l&#8217;unica cosa buona del posto. La citt\u00e0, infatti, non \u00e8 niente di che ed il mare \u00e8 pure peggio, quindi non credo di doverne parlare ulteriormente.<\/p>\n<p style=\"text-align: justify;\"><img decoding=\"async\" style=\"margin: 10px 10px 0px 0px; padding: 2px; border: 1px solid #FFFFFF;\" title=\"Manq, Peich, Simo, Missa, Max e Odri al Santiago Bernabeu di Madrid\" src=\"http:\/\/www.manq.it\/wordpress\/wp-content\/uploads\/viaggi\/Spagna4.jpg\" alt=\"\" width=\"400\" align=\"left\">Il nostro giro a questo punto prevede <strong>Cordoba<\/strong>, citt\u00e0 situata nell&#8217;entroterra iberico e di difficile collocazione all&#8217;interno del nostro viaggio poich\u00e8, in qualsiasi modo, ci avrebbe portati a dover ritornare sui nostri passi per diversi km. Vedere Cordoba per\u00f2 pu\u00f2 valere la pena perch\u00e8 \u00e8 veramente graziosa, impregnata com&#8217;\u00e8 di quello stile arabeggiante. Il grosso problema \u00e8 che per farlo in Agosto, c&#8217;\u00e8 da combattere coi 42\u00b0 C e la cosa non \u00e8 affatto facile. A causa del caldo e della probabile scottatura presa con il Real Alcazar, mi sono risparmiato la Mezquita che a detta dei miei compari che l&#8217;hanno visitata, vorse sarebbe valsa gli 8 euro dell&#8217;ingresso. Io tuttavia non mi pento di averli investiti in birra, visto il clima.<\/p>\n<p style=\"text-align: justify;\">Eccoci in arrivo a <strong>Granada<\/strong>,che poi vuol dire Alhambra. Anche in questo caso, da bravi sprovveduti, non abbiamo prenotato per tempo la nostra visita, riuscendo cos\u00ec ad accaparrarci unicamente i biglietti per la visita ai giardini. I giardini non sono certamente il punto forte dell&#8217;Alhambra e quindi valutarla col materiale a disposizione sarebbe ingiusto. Posso tuttavia dire che visitare Granada senza visitare l&#8217;Alhambra per bene \u00e8 inutile o poco pi\u00f9.<\/p>\n<p style=\"text-align: justify;\">Di ritorno verso Madrid, l&#8217;ultima tappa prevista \u00e8 <strong>Toledo<\/strong>. Toledo \u00e8 una citt\u00e0 bellissima e la zona circostante, la Mancha, piena dei famosissimi mulini a vento, lo \u00e8 forse ancora di pi\u00f9. Sicuramente la citt\u00e0 pi\u00f9 bella che ho visto in tutta la vacanza. Certo, la mia passione per i borghi medievali la favorisce, in questo senso, ma credo veramene sia piaciuta moltissimo anche a tutti i miei compagni di viaggio. L&#8217;unica indicazione che do in merito, tuttavia, \u00e8 di lasciare la macchina fuori citt\u00e0, soprattutto se si \u00e8 al volante di un mezzo grosso come un SUV o un minivan. Le strade sono spesso strette e impervie e credo che nessuno mi crederebbe se facessi vedere la foto di dove abbiamo fatto passare lo Scudo.<\/p>\n<p style=\"text-align: justify;\">Il viaggio come detto si conclude a <strong>Madrid<\/strong>&nbsp;e siamo tutti troppo stanchi per poterla visitare come si deve. Facciamo cos\u00ec qualche giro per il centro, che non \u00e8 male, ma senza troppo impegno e attenzione. L&#8217;unica cosa che non potevamo certo farci mancare \u00e8 la visita al Santiago Bernabeu e al relativo museo, una tappa che per gli appassionati di calcio vale indubbiamente il prezzo del biglietto.<\/p>\n<p style=\"text-align: justify;\">Come detto all&#8217;inizio, questa esperienza itinerante non \u00e8 stata apprezzata appieno dal sottoscritto che avrebbe sicuramente preferito i due tour di Spagna e Portogallo se fossero stati separati.&nbsp;Questo, aggiunto all&#8217;assenza di soste o punti in cui tirare il fiato qualche giorno, al caldo torrido e alla non particolare bellezza di alcune delle mete ha reso il viaggio non certo uno dei miei preferiti.<\/p>\n<p style=\"text-align: justify;\">Di contro per\u00f2, alcune delle tappe valgono sicuramente una visita, soprattutto tra le portoghesi, e il viaggiare in sette su un&#8217;unica vettura ha reso l&#8217;atmosfera molto divertente e piacevole per l&#8217;intera durata della vacanza.<\/p>\n<p style=\"text-align: justify;\">In conclusione quindi, direi che il tour di Portogallo e Spagna vale la sufficienza.<\/p>\n<p style=\"text-align: left;\"><img decoding=\"async\" class=\"aligncenter\" src=\"http:\/\/www.manq.it\/wordpress\/wp-content\/uploads\/viaggi\/spagnagruppo.jpg\" alt=\"\" width=\"640\"><strong><br \/>\nTeam:<\/strong> Manq, Peich, Odri, Max, Missa, Simo e Bazzu<br \/>\n<strong>Durata:<\/strong> 20 giorni<br \/>\n<strong>Km percorsi:<\/strong> 2734 indicativamente, tratta aerea esclusa.<br \/>\n<strong>Mezzo di locomozione:<\/strong> Fiat Scudo<br \/>\n<strong>Spesa:<\/strong> 1500 euro (A persona, indicativamente)<br \/>\n<strong>Sponsor*:<\/strong> Porto Cruz e Cruzcampo<\/p>\n<p><strong>VALUTAZIONE:<\/strong><br \/>\n<img loading=\"lazy\" decoding=\"async\" class=\"alignnone size-full wp-image-1552\" src=\"http:\/\/www.manq.it\/wordpress\/wp-content\/uploads\/3-stelle.png\" alt=\"3-stelle\" width=\"200\" height=\"37\"><\/p>\n<p style=\"text-align: justify;\"><em>*Con Sponsor si intende il o i prodotti che si sono distinti per presenza costante durante il viaggio. Nessuno mi ha mai dato un euro per viaggiare, mai.<\/em><\/p>\n","protected":false},"excerpt":{"rendered":"<p>Il giro di Spagna e Portogallo dell\u2019estate 2007, va detto subito, \u00e8 riuscito solo a met\u00e0. Il problema, rispetto ad esempio ad altri viaggi fatti in precedenza, \u00e8 che per il primo anno il sottoscritto lavorava a tempo pieno e, di conseguenza, 20 giorni di tour continuo senza mai una sosta per riposare e senza&hellip;&nbsp;<a href=\"https:\/\/www.manq.it\/index.php\/portogallo-spagna-2007\/\" rel=\"bookmark\">Leggi tutto &raquo;<span class=\"screen-reader-text\">Portogallo &#038; Spagna &#8211; 2007<\/span><\/a><\/p>\n","protected":false},"author":1,"featured_media":0,"parent":0,"menu_order":0,"comment_status":"open","ping_status":"open","template":"","meta":{"neve_meta_sidebar":"","neve_meta_container":"","neve_meta_enable_content_width":"off","neve_meta_content_width":0,"neve_meta_title_alignment":"","neve_meta_author_avatar":"","neve_post_elements_order":"","neve_meta_disable_header":"","neve_meta_disable_footer":"","neve_meta_disable_title":"","footnotes":""},"class_list":["post-1635","page","type-page","status-publish","hentry"],"_links":{"self":[{"href":"https:\/\/www.manq.it\/index.php\/wp-json\/wp\/v2\/pages\/1635","targetHints":{"allow":["GET"]}}],"collection":[{"href":"https:\/\/www.manq.it\/index.php\/wp-json\/wp\/v2\/pages"}],"about":[{"href":"https:\/\/www.manq.it\/index.php\/wp-json\/wp\/v2\/types\/page"}],"author":[{"embeddable":true,"href":"https:\/\/www.manq.it\/index.php\/wp-json\/wp\/v2\/users\/1"}],"replies":[{"embeddable":true,"href":"https:\/\/www.manq.it\/index.php\/wp-json\/wp\/v2\/comments?post=1635"}],"version-history":[{"count":10,"href":"https:\/\/www.manq.it\/index.php\/wp-json\/wp\/v2\/pages\/1635\/revisions"}],"predecessor-version":[{"id":4216,"href":"https:\/\/www.manq.it\/index.php\/wp-json\/wp\/v2\/pages\/1635\/revisions\/4216"}],"wp:attachment":[{"href":"https:\/\/www.manq.it\/index.php\/wp-json\/wp\/v2\/media?parent=1635"}],"curies":[{"name":"wp","href":"https:\/\/api.w.org\/{rel}","templated":true}]}}