{"id":2898,"date":"2018-07-17T17:35:33","date_gmt":"2018-07-17T15:35:33","guid":{"rendered":"http:\/\/www.manq.it\/?page_id=2898"},"modified":"2021-04-22T11:50:37","modified_gmt":"2021-04-22T09:50:37","slug":"europa-centrale-agosto-2017","status":"publish","type":"page","link":"https:\/\/www.manq.it\/index.php\/europa-centrale-agosto-2017\/","title":{"rendered":"Europa Centrale &#8211; Agosto 2017"},"content":{"rendered":"<p style=\"text-align: justify;\">Quest&#8217;estate io, la Polly e Puffo abbiamo deciso di farci un bel giro della Sicilia: il connubio di natura e storia, il cibo squisito, il mare da urlo. Tutti gli ingredienti necessari per un tour di quindici giorni variegato e appagante sotto ogni punto di vista.<br \/>\nPeccato non ci abbiano fatto partire.<br \/>\nDopo 5 ore in coda al porto di Genova in attesa di imbarcarci sul traghetto, abbiamo appreso che a causa di un mare troppo mosso la Polly, al quinto mese di gravidanza, avrebbe potuto correre dei rischi per se stessa e per la piccola Olivia. La nostra ginecologa sostiene che in anni di carriera non le sia mai capitato di veder negato l&#8217;imbarco in nave ad una propria paziente, ma il capitano del traghetto \u00e8 stato irremovibile e quindi siamo rimasti a terra. Per gentile concessione di tutti gli dei tirati in ballo dal sottoscritto,&nbsp;<a href=\"http:\/\/www.gnv.it\/it\/\" target=\"_blank\" rel=\"noopener noreferrer\">GNV<\/a> ci ha rimborsato l&#8217;intero costo del biglietto. Avendo poi noi prenotato tutti gli alberghi con booking.com siamo riusciti anche a rientrare di tutte le spese di alloggio, esclusa la prima notte a Palermo.<br \/>\nPoteva andare meglio, ma anche molto peggio insomma. Come direbbe un mio caro amico:&nbsp; &#8220;Nella sfiga, siamo stati fortunati&#8221;.<br \/>\nLa domanda ora \u00e8: dove puoi andare se ti saltano le vacanze l&#8217;11 di Agosto, hai al seguito una donna incinta e un bambino di due anni e non vuoi ipotecare casa?<\/p>\n<p style=\"text-align: justify;\">In Europa Centrale.<\/p>\n<p><iframe loading=\"lazy\" style=\"border: 0;\" src=\"https:\/\/www.google.com\/maps\/embed?pb=!1m70!1m12!1m3!1d2762788.745822785!2d8.31582861366254!3d47.450239936461124!2m3!1f0!2f0!3f0!3m2!1i1024!2i768!4f13.1!4m55!3e0!4m5!1s0x4786b452e969a605%3A0x24d77919fa395652!2sGessate%2C+MI!3m2!1d45.5565542!2d9.4348624!4m5!1s0x479d6ecfe1f8ca73%3A0x9d201c7d281d9b0d!2sInnsbruck%2C+Austria!3m2!1d47.2692124!2d11.4041024!4m5!1s0x479e75f9a38c5fd9%3A0x10cb84a7db1987d!2sMonaco+di+Baviera%2C+Germania!3m2!1d48.1351253!2d11.5819805!4m5!1s0x479f57aeb5b61cd3%3A0xdd5daf85a98c21b7!2sNorimberga%2C+Germania!3m2!1d49.4521018!2d11.0766654!4m5!1s0x479ed315ab1592ff%3A0xa976ec228974611e!2sHarburg%2C+Germania!3m2!1d48.7854698!2d10.6951796!4m5!1s0x4799db34c1ad8fd3%3A0x79d5c11c7791cfe4!2sStoccarda%2C+Germania!3m2!1d48.7758459!2d9.1829321!4m5!1s0x479ba94c9070438d%3A0x41f6bb7a5dfb2f0!2sRavensburg%2C+Germania!3m2!1d47.7782704!2d9.612130299999999!4m5!1s0x479b35945194f1df%3A0xb04409e93f09d30a!2sMalbun%2C+Liechtenstein!3m2!1d47.1015157!2d9.6096276!4m5!1s0x4786b452e969a605%3A0x24d77919fa395652!2s20060+Gessate%2C+MI!3m2!1d45.5565542!2d9.4348624!5e0!3m2!1sit!2sit!4v1531828393249\" width=\"600\" height=\"450\" frameborder=\"0\" allowfullscreen=\"allowfullscreen\"><span data-mce-type=\"bookmark\" style=\"display: inline-block; width: 0px; overflow: hidden; line-height: 0;\" class=\"mce_SELRES_start\">\ufeff<\/span><\/iframe><\/p>\n<p style=\"text-align: justify;\">L&#8217;organizzazione, per ovvi motivi, \u00e8 stata lampo: aperto chrome, in un tab definivamo con google maps spostamenti in automobile che fossero fattibili nelle nostre condizioni e nell&#8217;altro sondavamo booking.com per alberghi accettabili in quel contesto. L&#8217;idea era di aggiungere tappe fino a che avessimo avuto mete interessanti in zona, per poi rientrare a casa senza rinunciare del tutto alle vacanze, ma possibilmente risparmiando un po&#8217; di soldi rispetto al piano originale.<br \/>\n<img decoding=\"async\" style=\"margin: 5px 0px 5px 10px; padding: 2px; border: 1px solid #FFFFFF;\" title=\"La Polly e Puffo a Monaco di Baviera\" src=\"http:\/\/www.manq.it\/wordpress\/wp-content\/uploads\/viaggi\/EC1.jpg\" alt=\"\" width=\"300\" align=\"right\">Ne \u00e8 uscito un tour di sette giorni tutto sommato godibile, che mi ha portato a visitare citt\u00e0 dove non ero mai stato, citt\u00e0 dove ero stato troppo giovane per poterle ricordare e citt\u00e0 dove sono stato tantissime volte, ma mai sufficientemente sobrio.<br \/>\nPrima tappa del nostro giro improvvisato \u00e8 stata <strong>Innsbruck<\/strong>, citt\u00e0 che non avevo mai visto. Che dire, \u00e8 carina. Ci abbiamo passato una notte, dedicando il pomeriggio e la sera dell&#8217;arrivo alla visita del centro citt\u00e0. A mio avviso pi\u00f9 che sufficienti. Il mattino dopo invece siamo andati all&#8217;<a href=\"https:\/\/www.alpenzoo.at\/it\/\" target=\"_blank\" rel=\"noopener noreferrer\">Alpenzoo<\/a>, per intrattenere un po&#8217; il piccolo. Come parco non \u00e8 per nulla male, ammetto, e la visita non mi \u00e8 pesata nonostante sia una di quelle cose che se non avessi un figlio non considererei nemmeno. 24 euro per tre ingressi (Giorgio pagava 2 euro), giusto come ulteriore riferimento per valutare una possibile visita.<br \/>\nLasciata l&#8217;Austria, siamo arrivati a <strong>Monaco di Baviera<\/strong>, citt\u00e0 in cui sono stato moltissime volte, ma che Polly non aveva mai visto. Girarla in famiglia \u00e8 certamente diverso dal venirci con gli amici e in estate \u00e8 sicuramente altra cosa rispetto all&#8217;inverno o al periodo dell&#8217;Oktoberfest, quindi \u00e8 stata comunque per tutti una nuova e piacevolissima esperienza. Abbiamo potuto girare il centro storico e i giardini senza farci mancare visita nelle birrerie pi\u00f9 famose come la storica <a href=\"https:\/\/www.hofbraeuhaus.de\" target=\"_blank\" rel=\"noopener noreferrer\">HB<\/a>, la <a href=\"https:\/\/loewenbraeu.de\/\" target=\"_blank\" rel=\"noopener noreferrer\">L\u00f6wenbr\u00e4u<\/a> e la <a href=\"https:\/\/www.augustinerkeller.de\" target=\"_blank\" rel=\"noopener noreferrer\">Augustiner<\/a>: posti dove oltre a bere \u00e8 possibile mangiare specialit\u00e0 tedesche a prezzi tutto sommato onesti. Posto che in Germania dove mangi, mangi male, l\u00ec almeno \u00e8 folkloristico.<br \/>\nIn Germania mangi male ovunque tranne a <strong>Norimberga<\/strong>, terza tappa del nostro tour. Su booking abbiamo trovato un&#8217;imperdibile offerta last minute per l&#8217;<a href=\"https:\/\/www.booking.com\/hotel\/de\/eazvictoriahotel.it.html?aid=304142;label=gen173nr-1DCAEoggJCAlhYSDNYBGhxiAEBmAEUwgEKd2luZG93cyAxMMgBDNgBA-gBAZICAXmoAgM;sid=6bab3019bd52815d9ec35d26bb1056c3\" target=\"_blank\" rel=\"noopener noreferrer\">Hotel Victoria<\/a>, ottima sistemazione in pienissimo centro storico. La cittadina \u00e8 sublime e la si gira comodamente a piedi, ma come dicevo il vero plus lo costituiscono le famose <a href=\"https:\/\/it.wikipedia.org\/wiki\/Salsiccia_di_Norimberga\" target=\"_blank\" rel=\"noopener noreferrer\">Salsiccette di Norimberga<\/a> (N\u00fcrnberger Rostbratwurst), da accompagnare rigorosamente all&#8217;insalata di patate fredde e ad una buona birra. Sull&#8217;euforia per la visita ad un sito medioevale cos\u00ec ben conservato \u00e8 iniziata una mini vacanza nella vacanza dedicata ad alcuni castelli: il primo \u00e8 proprio quello di Norimberga, che vale la visita se si \u00e8 appassionati. Puffo \u00e8 abbastanza fomentato dalle storie di draghi e cavalieri che gli racconto, quindi ha apprezzato e la cifra per entrare non \u00e8 cos\u00ec impegnativa.&nbsp;<\/p>\n<p style=\"text-align: justify;\">Prima di arrivare a Stoccarda quindi, abbiamo inserito altre due tappe di carattere storico: la prima \u00e8 <strong>Rothenburg ob der Tauber<\/strong>, un piccolissimo centro famoso per un dolcetto tipico e immangiabile, ma che io avevo letto essere stata l&#8217;ispirazione per il disegno del <a href=\"https:\/\/vignette.wikia.nocookie.net\/monkeyisland\/images\/a\/a8\/Melee_Island_-_Town.png\/revision\/latest?cb=20150126193515\" target=\"_blank\" rel=\"noopener noreferrer\">centro di M\u00eal\u00e9e<\/a>, da cui iniziano le avventure di Monkey Island. Per me quindi tappa imperdibile, ma devo dire che anche la Polly, che in un primo momento aveva ovviamente pensato fossi scemo, ha tutto sommato apprezzato l&#8217;idea.<br \/>\n<img decoding=\"async\" style=\"margin: 5px 10px 5px 0px; padding: 2px; border: 1px solid #FFFFFF;\" title=\"Manq e Puffo in Liechtenstein\" src=\"http:\/\/www.manq.it\/wordpress\/wp-content\/uploads\/viaggi\/EC2.jpg\" alt=\"\" width=\"300\" align=\"left\">La seconda tappa invece l&#8217;abbiamo fatta a <strong>Harburg<\/strong>, cittadina famosa per un altro castello. Abbiamo fatto la visita guidata e devo dire che \u00e8 stata molto piacevole: il castello \u00e8 ben conservato e le guide in costume hanno fatto la gioia di Giorgio. Arrivati a <strong>Stoccarda<\/strong> in serata, abbiamo avuto tempo giusto per una visita al centro storico. Non ho idea se la citt\u00e0 abbia altro da offrire, noi siamo rimasti giusto il tempo di dormire e ripartire, direzione Lago di Costanza. Lungo il tragitto, abbiamo fatto sosta all&#8217;ultimo castello, <a href=\"https:\/\/www.schloss-lichtenstein.de\/en\/\">Schloss Lichtenstein<\/a>, anche questo ben curato e visitabile, ma con l&#8217;aggiunta di essere collocato sul cucuzzolo di un monte, mostrando cos\u00ec un panorama davvero suggestivo a chi si ferma. Tanti castelli, lo so, ma come dicevo a noi piacciono. Se non siete appassionati, fra tutti forse selezionerei quello di Norimberga, perch\u00e8 non ci si deve andare apposta.<br \/>\nIl Lago di Costanza in Agosto \u00e8 super affollato di turisti, quindi abbiamo trovato da dormire poco fuori, nella ridente <strong>Ravensburg<\/strong>, proprio nei giorni in cui il centro era animato da un simpatico mercatino dell&#8217;usato. Se lo chiedete a me, il lago d&#8217;estate \u00e8 di una tristezza apocalittica e quello di Costanza \u00e8 decisamente meno bello di uno qualsiasi dei laghi del nord Italia. La cosa migliore di questa tappa \u00e8 la carne che ho mangiato da <a href=\"http:\/\/www.tiffany-friedrichshafen.de\/steak.html\" target=\"_blank\" rel=\"noopener noreferrer\">Tiffany&#8217;s<\/a>, ma tenete presente che il nome suggerisce qualcosa sul conto che vi arriva a fine cena.<br \/>\nLasciamo infine la Germania alle spalle per approdare niente meno che in Liechtenstein, Stato che mai in vita mia avrei pensato di visitare e che invece si \u00e8 rivelato un&#8217;ottima sosta prima del rientro a casa. Vaduz, la capitale, non ha molto da offrire oltre al castello reale, ma spostandosi a <strong>Malbun<\/strong> \u00e8 possibile soggiornare in un bel contesto alpino, fresco e rilassante. Noi siamo stati ospiti dell&#8217;hotel <a href=\"https:\/\/www.booking.com\/hotel\/li\/vogeli-alpenhotel-malbun.it.html?aid=304142;label=gen173nr-1DCAEoggJCAlhYSDNYBGhxiAEBmAEUwgEKd2luZG93cyAxMMgBDNgBA-gBAZICAXmoAgM;sid=6bab3019bd52815d9ec35d26bb1056c3\" target=\"_blank\" rel=\"noopener noreferrer\">V\u00f6geli Alpenhotel<\/a>, dove abbiamo anche cenato con dell&#8217;ottimo cervo e una fonduta da urlo. I prezzi sono altini, ma calcolando che l&#8217;alternativa \u00e8 la Svizzera, non c&#8217;\u00e8 davvero da stare a farsi troppe remore.<\/p>\n<p style=\"text-align: justify;\">In conclusione quindi il giro salva estate 2017 \u00e8 stato meglio di quanto sarebbe lecito aspettarsi da 7 giorni organizzati alla spera in Dio nel cuore di Agosto. Non una vacanza che rifarei, ovviamente, ma un&#8217;occasione per visitare posti che altrimenti forse non sarei riuscito a vedere.<\/p>\n<p><img decoding=\"async\" class=\"aligncenter\" src=\"http:\/\/www.manq.it\/wordpress\/wp-content\/uploads\/viaggi\/ECgruppo.jpg\" alt=\"\" width=\"640\"><strong><br \/>\nTeam:<\/strong> Manq, la Polly e Puffo<br \/>\n<strong>Durata:<\/strong> 7 giorni<br \/>\n<strong>Km percorsi:<\/strong> 1500 indicativamente.<br \/>\n<strong>Mezzo di locomozione:<\/strong> la nostra auto.<br \/>\n<strong>Spesa:<\/strong> 700 euro (Ad adulto, indicativamente e compresa la quota bimbo).<br \/>\n<strong>Sponsor*:<\/strong> Nurnberger.<\/p>\n<p><strong>VALUTAZIONE:<\/strong><br \/>\n<img loading=\"lazy\" decoding=\"async\" class=\"alignnone size-full wp-image-1552\" src=\"http:\/\/www.manq.it\/wordpress\/wp-content\/uploads\/3-stelle.png\" alt=\"3-stelle\" width=\"200\" height=\"37\"><\/p>\n<p style=\"text-align: justify;\"><em>*Con Sponsor si intende il o i prodotti che si sono distinti per presenza costante durante il viaggio. Nessuno mi ha mai dato un euro per viaggiare, mai.<\/em><\/p>\n","protected":false},"excerpt":{"rendered":"<p>Quest&#8217;estate io, la Polly e Puffo abbiamo deciso di farci un bel giro della Sicilia: il connubio di natura e storia, il cibo squisito, il mare da urlo. Tutti gli ingredienti necessari per un tour di quindici giorni variegato e appagante sotto ogni punto di vista. Peccato non ci abbiano fatto partire. Dopo 5 ore&hellip;&nbsp;<a href=\"https:\/\/www.manq.it\/index.php\/europa-centrale-agosto-2017\/\" rel=\"bookmark\">Leggi tutto &raquo;<span class=\"screen-reader-text\">Europa Centrale &#8211; Agosto 2017<\/span><\/a><\/p>\n","protected":false},"author":1,"featured_media":0,"parent":0,"menu_order":0,"comment_status":"closed","ping_status":"closed","template":"","meta":{"neve_meta_sidebar":"","neve_meta_container":"","neve_meta_enable_content_width":"off","neve_meta_content_width":0,"neve_meta_title_alignment":"","neve_meta_author_avatar":"","neve_post_elements_order":"","neve_meta_disable_header":"","neve_meta_disable_footer":"","neve_meta_disable_title":"","footnotes":""},"class_list":["post-2898","page","type-page","status-publish","hentry"],"_links":{"self":[{"href":"https:\/\/www.manq.it\/index.php\/wp-json\/wp\/v2\/pages\/2898","targetHints":{"allow":["GET"]}}],"collection":[{"href":"https:\/\/www.manq.it\/index.php\/wp-json\/wp\/v2\/pages"}],"about":[{"href":"https:\/\/www.manq.it\/index.php\/wp-json\/wp\/v2\/types\/page"}],"author":[{"embeddable":true,"href":"https:\/\/www.manq.it\/index.php\/wp-json\/wp\/v2\/users\/1"}],"replies":[{"embeddable":true,"href":"https:\/\/www.manq.it\/index.php\/wp-json\/wp\/v2\/comments?post=2898"}],"version-history":[{"count":10,"href":"https:\/\/www.manq.it\/index.php\/wp-json\/wp\/v2\/pages\/2898\/revisions"}],"predecessor-version":[{"id":4224,"href":"https:\/\/www.manq.it\/index.php\/wp-json\/wp\/v2\/pages\/2898\/revisions\/4224"}],"wp:attachment":[{"href":"https:\/\/www.manq.it\/index.php\/wp-json\/wp\/v2\/media?parent=2898"}],"curies":[{"name":"wp","href":"https:\/\/api.w.org\/{rel}","templated":true}]}}