{"id":3395,"date":"2019-08-28T17:17:49","date_gmt":"2019-08-28T15:17:49","guid":{"rendered":"https:\/\/www.manq.it\/?page_id=3395"},"modified":"2021-04-22T11:49:26","modified_gmt":"2021-04-22T09:49:26","slug":"giordania-agosto-2019","status":"publish","type":"page","link":"https:\/\/www.manq.it\/index.php\/giordania-agosto-2019\/","title":{"rendered":"Giordania &#8211; Agosto 2019"},"content":{"rendered":"<p><iframe loading=\"lazy\" style=\"border: 0;\" src=\"https:\/\/www.google.com\/maps\/embed?pb=!1m58!1m12!1m3!1d1753990.6666701608!2d34.324598465355976!3d30.837305732690076!2m3!1f0!2f0!3f0!3m2!1i1024!2i768!4f13.1!4m43!3e0!4m5!1s0x151b5fb85d7981af%3A0x631c30c0f8dc65e8!2sAmman%2C+Giordania!3m2!1d31.9539494!2d35.910635!4m5!1s0x151c802ff49ac08d%3A0x876c24b1cbded302!2sJerash%2C+Giordania!3m2!1d32.2746515!2d35.8960765!4m5!1s0x151b5fb85d7981af%3A0x631c30c0f8dc65e8!2sAmman%2C+Giordania!3m2!1d31.9539494!2d35.910635!4m5!1s0x15034a15b788ffd9%3A0x13d76fd89fb0fb9a!2sDead+Sea+Spa+Hotel%2C+Giordania!3m2!1d31.713490999999998!2d35.585594!4m5!1s0x15016ef1703b6071%3A0x199bf908679a2291!2sPetra%2C+Giordania!3m2!1d30.3284544!2d35.4443622!4m5!1s0x1500edcaadbb16ff%3A0x27721a2c46c8206b!2sWadi+Rum+Visitor+Center%2C+Wadi+Rum+Road%2C+Wadi+Rum+Village%2C+Giordania!3m2!1d29.6392629!2d35.4342936!4m5!1s0x15007639495aca4d%3A0x76c1b3906d56210a!2sTala+Bay%2C+Giordania!3m2!1d29.4097738!2d34.9761539!5e0!3m2!1sit!2sit!4v1566218663894!5m2!1sit!2sit\" width=\"700\" height=\"500\" frameborder=\"0\" allowfullscreen=\"allowfullscreen\"><span data-mce-type=\"bookmark\" style=\"display: inline-block; width: 0px; overflow: hidden; line-height: 0;\" class=\"mce_SELRES_start\">\ufeff<\/span><\/iframe><\/p>\n<p align=\"justify\">Il 2019 \u00e8 l&#8217;anno in cui la famiglia Manq ha deciso di approdare in medio oriente, andando per una delle sue mete pi\u00f9 note e suggestive: la Giordania.<br \/>\nPer una volta ci siamo appoggiati ad un&#8217;agenzia perch\u00e9 altrimenti avremmo potuto fare i visti dei bambini solo una volta atterrati ad Amman. La prudenza, che non \u00e8 mai troppa quando si viaggia, ci ha portati a considerare l&#8217;opzione di arrivare in loco e poi non riuscire nella pratica restando di fatto bloccati in dogana, cosa che ci \u00e8 parso sensato evitare, seppur pagando. L&#8217;agenzia a cui ci siamo appoggiati \u00e8 <a href=\"https:\/\/www.diomiratravel.com\/\" target=\"_blank\" rel=\"noopener noreferrer\">Diomira Travel<\/a>, che \u00e8 consigliata direttamente dall&#8217;<a href=\"http:\/\/it.visitjordan.com\/\" target=\"_blank\" rel=\"noopener noreferrer\">Ente del Turismo Giordano<\/a> e che \u00e8 quindi specializzata in viaggi verso questa destinazione. Se agenzia deve essere, tanto vale sceglierla specializzata.<br \/>\nIn linea di massima ci siamo trovati bene, al netto di alcuni inconvenienti indipendenti dal loro operato e che, anzi, il loro supporto ci ha aiutato a superare pi\u00f9 facilmente. L&#8217;unica pecca vera di cui sono responsabili \u00e8 la logistica dei voli.<br \/>\nLa Giordania non \u00e8 collegata benissimo in termini di voli aerei cos\u00ec per far funzionare il giro al meglio, ottimizzando i giorni, abbiamo optato per un volo di andata con Ryanair (Milano-Amman) ed un ritorno operato da Turkish Airlines (Aqaba-Amman-Istanbul-Milano). Il prezzo dei voli con queste combinazioni \u00e8 stato davvero molto alto, specie in relazione alla distanza percorsa. Fortunatamente il tour che avevamo in testa necessitava di soli 8 giorni, che si sono effettivamente rivelati pi\u00f9 che sufficienti, quindi quel che abbiamo speso in pi\u00f9 di aereo lo abbiamo risparmiato con gli alberghi. Quando imputo all&#8217;agenzia una colpa sulla logistica dei voli per\u00f2 mi riferisco all&#8217;averci prenotato i voli Aqaba-Amman e Amman-Istanbul con solo un&#8217;ora di scalo a disposizione. Quando abbiamo visto i biglietti abbiamo immediatamente segnalato che lo scalo ci sembrava troppo breve, ma ci \u00e8 stato risposto di non preoccuparci perch\u00e9 tanto &#8220;l&#8217;aeroporto di Amman \u00e8 piccolo&#8221;.&nbsp; Ecco, se vi capitasse non fidatevi. L&#8217;aeroporto non \u00e8 piccolo, non ci sono indicazioni, il personale fatica a comprendere l&#8217;inglese ed i controlli da fare sono lunghi e incasinati a meno di pagare 6 dollari extra a persona di &#8220;fast track&#8221;. Abbiamo preso la coincidenza letteralmente al volo.<\/p>\n<p style=\"text-align: justify;\"><img decoding=\"async\" style=\"margin: 5px 0px 5px 10px; padding: 2px; border: 1px solid #FFFFFF;\" title=\"Manq sul Mar Morto\" src=\"http:\/\/www.manq.it\/wordpress\/wp-content\/uploads\/viaggi\/Giordania1.jpg\" alt=\"\" width=\"250\" align=\"right\">Oltre ai voli e ai visti, l&#8217;agenzia ci ha prenotato le strutture in mezza pensione, la guida e i biglietti per Petra e il noleggio dell&#8217;auto, con annesso seggiolino. Il servizio offertoci da <a href=\"http:\/\/www.easy-car-rental.com\/\" target=\"_blank\" rel=\"noopener noreferrer\">Easy Rental<\/a> \u00e8 credo il peggiore mai fornito da una societ\u00e0 di noleggio auto a cui mi sia capitato di rivolgermi, ma in questo caso l&#8217;aiuto della nostra agenzia \u00e8 stato determinante ad uscirne tutto sommato indenni. In primo luogo, l&#8217;auto era priva di cinture di sicurezza atte a fissare i seggiolini dei bambini. La cosa, spiacevole di per se stessa, diventa ulteriormente fastidiosa nel momento in cui per avere i seggiolini (che senza cinture non posso usare) ho dovuto pagare quasi cento euro. Il lavoro di mediazione dell&#8217;agenzia per\u00f2 ci ha aiutati a farci risolvere il problema e dopo 24 ore i seggiolini erano correttamente saldi sul sedile posteriore. Altre fonti di disagio in merito a questo servizio di noleggio auto sono stati la consegna dell&#8217;auto in riserva (decisamente scomodo e antipatico), le condizioni dell&#8217;auto non proprio perfette, il dover pagare il parcheggio dell&#8217;aeroporto dove ce l&#8217;hanno consegnata e, dulcis in fundo, la totale mancanza di un piano plausibile per la riconsegna a fine tour. Tutte cose non gravi e certamente superabili, che per\u00f2 mi portano a sconsigliare vivamente quel servizio noleggio.<\/p>\n<p style=\"text-align: justify;\">In conclusione, viaggiare appoggiandosi ad un agenzia da un lato facilita il lavoro, offrendo un servizio di supporto che in posti con barriera linguistica importante \u00e8 sempre un vantaggio, ma in qualche modo &#8220;deresponsabilizza&#8221; e, almeno nel nostro caso, ci ha portati a prestare meno attenzione alla pianificazione del viaggio nei dettagli. Certo, non dover fare il lavoro da soli \u00e8 il principale scopo di andare tramite agenzia, ma questa valutazione credo vari molto da persona a persona. Se dovessi dare un consiglio, probabilmente io rifarei la scelta di appoggiarmi a Diomira, che nel complesso ha fatto un buon lavoro e offerto un buon supporto sul campo, ma solo perch\u00e9 viaggio con&nbsp; dei bambini. Per una coppia o un gruppo di adulti che sono abituati a muoversi e girare, l&#8217;opzione fai da te non dovrebbe causare alcun problema insormontabile e permetterebbe probabilmente di risparmiare un pochino.<\/p>\n<p style=\"text-align: justify;\">Prima di passare all&#8217;itinerario, una breve nota sulla moneta. In Giordania c&#8217;\u00e8 il Jordan Dollar (JD), che quando siamo andati noi veniva cambiato, indifferentemente, a 1.5 EUR o 1.5 USD. La carta di credito \u00e8 accettata molto frequentemente e anche i dollari americani funzionano abbastanza. Il suggerimento \u00e8 comunque di portarsi un pochino di USD e prelevare in loco qualche JD per coprire le piccole spese nei negozietti o nei chioschetti.&nbsp;<\/p>\n<p align=\"justify\">Il nostro itinerario \u00e8 iniziato da <strong>Amman<\/strong>, la capitale Giordana in cui siamo stati due mezze giornate. Non c&#8217;\u00e8 onestamente molto da vedere ad Amman, farci un giro aiuta pi\u00f9 che altro ad iniziare l&#8217;approccio all&#8217;atmosfera Giordana e medio orientale per chi, come me, non ci era mai stato. I centri commerciali sono completamente occidentali, ma lo scenario cittadino \u00e8 gi\u00e0 vicino all&#8217;immaginario che ci arriva dai film e dalle serie spy ambientate in quell&#8217;area, soprattutto in alcuni quartieri.&nbsp;<br \/>\nL&#8217;unica &#8220;attrazione&#8221; che posso segnalare \u00e8 la Cittadella, un piccolo sito archeologico che vale la pena vedere solo per impegnare il tempo, soprattutto se si ha in programma di visitare Jerash come abbiamo fatto noi. Proprio per fare Jerash abbiamo dormito ad Amman due notti, all&#8217;<a href=\"https:\/\/www.booking.com\/hotel\/jo\/olive-tree-amman.it.html?aid=311091;label=olive-tree-amman-jRT23a1ydvLmtssTFUTEzQS87171415219%3Apl%3Ata%3Ap1%3Ap2%3Aac%3Aap1t1%3Aneg%3Afi%3Atiaud-146342138710%3Akwd-82698812749%3Alp1008463%3Ali%3Adec%3Adm;sid=79cff2c5d868d8e636219e6bc5db9c6c;dest_id=-970362;dest_type=city;dist=0;group_adults=2;group_children=0;hapos=1;hpos=1;no_rooms=1;room1=A%2CA;sb_price_type=total;sr_order=popularity;srepoch=1567001505;srpvid=576963d0a00c02c8;type=total;ucfs=1&amp;#hotelTmpl\" target=\"_blank\" rel=\"noopener noreferrer\">Olive Tree Hotel<\/a>.&nbsp;<br \/>\n<img decoding=\"async\" style=\"margin: 5px 10px 5px 0px; padding: 2px; border: 1px solid #FFFFFF;\" title=\"La Polly e Olly a Petra\" src=\"http:\/\/www.manq.it\/wordpress\/wp-content\/uploads\/viaggi\/Giordania2.jpg\" alt=\"\" width=\"250\" align=\"left\"><strong>Jerash<\/strong> dista un&#8217;oretta di auto da Amman, quindi vale la pena non dormire l\u00ec. A volerla fare bene, dista massimo due ore dal Mar Morto, quindi invece di rientrare su Amman finita la visita pu\u00f2 valere la pena andare diretti alla terza tappa: si spende un po&#8217; di pi\u00f9 come albergo, ma il prezzo vale mezza giornata in meno ad Amman ed in pi\u00f9 di relax, quindi col senno di poi non avrei troppi dubbi nel fare questa modifica. Per la visita al sito di Jerash non abbiamo preso una guida, lo abbiamo visitato in modalit\u00e0 &#8220;fai da te&#8221; per essere pi\u00f9 flessibili coi bimbi. E&#8217; davvero molto grande e bello e personalmente mi \u00e8 piaciuto quanto quelli visti in <a href=\"https:\/\/www.manq.it\/index.php\/1653-2\/\" target=\"_blank\" rel=\"noopener noreferrer\">Turchia<\/a>, se non di pi\u00f9. La differenza \u00e8 che il sito di Jerash \u00e8 davvero mal tenuto sia a livello di sporcizia, che di generale incuria. In questo la Turchia al confronto sembra la Svizzera.<br \/>\nDopo la seconda notte ad Amman ci siamo quindi spostati sul <strong>Mar Morto<\/strong>, distante ancora una volta circa un&#8217;ora di auto. Lungo il tragitto abbiamo visto le indicazioni per il sito relativo a Giovanni Battista e abbiamo fatto la deviazione, ma arrivati al parcheggio ci \u00e8 sembrata una pacchianata acchiappa pellegrini e abbiamo fatto inversione senza neanche scendere dall&#8217;auto.<br \/>\nSul Mar Morto ci si va essenzialmente per rilassarsi, fare i fanghi e provare quella stranissima sensazione di galleggiamento estremo mentre si fa il bagno bestemmiando tra i denti a causa del bruciore lancinante che esploder\u00e0 da ogni singolo, minuscolo graffietto che avete sul corpo. Per chi viaggia con i bimbi \u00e8 un&#8217;ottima tappa intermedia che permette di staccare la spina dalle visite culturali e far sfogare un po&#8217; i piccoli in piscina. La nostra sistemazione in loco (una notte) \u00e8 stata presso il <a href=\"https:\/\/www.booking.com\/hotel\/jo\/dead-sea-spa.it.html?aid=311091;label=olive-tree-amman-jRT23a1ydvLmtssTFUTEzQS87171415219%3Apl%3Ata%3Ap1%3Ap2%3Aac%3Aap1t1%3Aneg%3Afi%3Atiaud-146342138710%3Akwd-82698812749%3Alp1008463%3Ali%3Adec%3Adm;sid=79cff2c5d868d8e636219e6bc5db9c6c;dest_id=-974221;dest_type=city;dist=0;group_adults=2;group_children=0;hapos=1;hpos=1;no_rooms=1;room1=A%2CA;sb_price_type=total;sr_order=popularity;srepoch=1567002354;srpvid=b8d96579d0bc0084;type=total;ucfs=1&amp;#hotelTmpl\" target=\"_blank\" rel=\"noopener noreferrer\">Dead Sea Spa Hotel<\/a> che ha svolto in pieno il compito regalandoci un giorno pieno di relax. Ha le piscine con gli scivoli.<\/p>\n<p align=\"justify\">Il transfer dal Mar Morto a <strong>Petra<\/strong> \u00e8 probabilmente il pi\u00f9 impegnativo del tour, sia per la distanza, che per i tantissimi tornanti che si devono affrontare arrampicandosi tra i monti. Noi abbiamo dedicato un giorno intero a questo spostamento, regalandoci mezza giornata ulteriore in piscina e partendo dopo pranzo in modo da far riposare i bimbi nelle tre ore di viaggio. Il paesaggio durante questo spostamento \u00e8 molto bello e quindi la giornata, per uno come me che apprezza molto il paesaggio mentre guida, \u00e8 stata comunque una bellissima esperienza. Arrivati a Petra la sera, abbiamo fatto un giretto per la cittadina, prima di dedicare tutto il giorno successivo alla visita del sito archeologico.<br \/>\nPetra \u00e8 oggettivamente stupenda e visitare tutto il sito richiede una giornata piena. Noi abbiamo scelto la visita guidata ed \u00e8 una cosa che consiglio. I bimbi fanno ovviamente pi\u00f9 fatica a stare ai ritmi della guida, ma sentirsela raccontare vale la pena. Abbiamo camminato tanto e visto tanto, unica cosa che non siamo riusciti a fare proprio per via dei bambini \u00e8 la salita al monastero, che ci \u00e8 stata presentata come lunga e ripida, quindi non abbiamo rischiato.<br \/>\nNelle due notti a Petra abbiamo dormito presso la <a href=\"http:\/\/www.guesthouse-petra.com\/\" target=\"_blank\" rel=\"noopener noreferrer\">Petra Guest House<\/a>, che sta praticamente all&#8217;ingresso del sito.<br \/>\n<img decoding=\"async\" style=\"margin: 5px 0px 5px 10px; padding: 2px; border: 1px solid #FFFFFF;\" title=\"Manq sul Mar Morto\" src=\"http:\/\/www.manq.it\/wordpress\/wp-content\/uploads\/viaggi\/Giordania3.jpg\" alt=\"\" width=\"250\" align=\"right\">Lasciata Petra, la destinazione seguente \u00e8 stata il deserto del <strong>Wadi Rum<\/strong>. Anche in questo caso il trasferimento \u00e8 piuttosto lungo, ma a differenza di quanto fatto per arrivare a Petra, siamo partiti alla mattina per poter sfruttare l&#8217;intera giornata nel deserto. L&#8217;escursione in Jeep tra le dune e i canyon del Wadi Rum, la cena con il cibo cotto nelle buche e la notte in tenda (noi l&#8217;abbiamo fatta al <a href=\"https:\/\/www.tripadvisor.it\/Hotel_Review-g303973-d1057526-Reviews-Sunset_Camp-Wadi_Rum_Al_Aqabah_Governorate.html\" target=\"_blank\" rel=\"noopener noreferrer\">Sunest Camp<\/a>) resteranno per sempre il ricordo pi\u00f9 nitido della mia esperienza in Giordania, una cosa da togliere il fiato. E menzione d&#8217;onore ai beduini, che sono certamente le persone pi\u00f9 squisite e gentili che abbiamo incontrato durante il viaggio.<br \/>\nConclusa anche questa esperienza, ci siamo trasferiti ad <strong>Aqaba<\/strong>, sul Mar Rosso, ultima tappa del viaggio e nuova meta di relax e sfogo per i bambini. Io non sono mai stato in Egitto, quindi non ho un corrispettivo, ma quel che posso dire \u00e8 che pur essendo la barriera quasi completamente distrutta, la fauna ittica \u00e8 meravigliosa e fare il bagno in quel mare, se piace nuotare insieme ai pesci, regala molte soddisfazioni.<br \/>\nDi contro, la spiaggia \u00e8 piuttosto lontana dagli standard per bambini, sia perch\u00e9 c&#8217;\u00e8 poca sabbia con cui giocare, sia soprattutto perch\u00e9 la temperatura della stessa pu\u00f2 raggiungere vette impressionanti e diventa davvero difficile camminare fuori dall&#8217;ombra senza ciabatte o scarpine. Noi siamo stati due notti presso il <a href=\"https:\/\/www.booking.com\/hotel\/jo\/marina-plaza-tala-bay-south-coast-aqaba-tala-bay.it.html?aid=311091;label=marine-plaza-HoSMjFCapTIETl5pGFBmTQS261005631722%3Apl%3Ata%3Ap1%3Ap2%3Aac%3Aap1t1%3Aneg%3Afi%3Atiaud-181873117683%3Akwd-670847838%3Alp1008463%3Ali%3Adec%3Adm;sid=79cff2c5d868d8e636219e6bc5db9c6c;dest_id=-970025;dest_type=city;dist=0;group_adults=2;group_children=0;hapos=1;hpos=1;no_rooms=1;room1=A%2CA;sb_price_type=total;sr_order=popularity;srepoch=1567150852;srpvid=a3a8360248640084;type=total;ucfs=1&amp;#hotelTmpl\" target=\"_blank\" rel=\"noopener noreferrer\">Marina Plaza<\/a> di Tala Bay.<\/p>\n<p align=\"justify\">In conclusione, la Giordania \u00e8 certamente uno dei posti pi\u00f9 affascinanti in cui sia stato, per distanza culturale e paesaggio incontrato. Interfacciarsi con la popolazione locale non \u00e8 sempre semplice, come non lo \u00e8 relazionarsi alla cultura araba, ma se si ha un po&#8217; di spirito di avventura e di adattamento se ne possono apprezzare le meraviglie.<\/p>\n<p align=\"justify\"><strong>VIAGGIARE CON BAMBINI:<\/strong><br \/>\nCome sempre, ecco alcune note utili per chi volesse programmare un viaggio del genere con dei bimbi piccoli al seguito.<br \/>\n<strong>Temperature<\/strong>: la nostra paura pi\u00f9 grande era di trovare un caldo insopportabile, ma non \u00e8 stato cos\u00ec nonostante fossimo in Agosto. In quasi tutte le mete &#8220;culturali&#8221; il sole picchia, ma il caldo \u00e8 secco e ventilato cosa che lo rende molto pi\u00f9 tollerabile di quanto sia a Milano. Non c&#8217;\u00e8 afa n\u00e9 umidit\u00e0, basta avere sempre un po&#8217; di acqua al seguito e si vive tranquilli. Noi abbiamo fatto un&#8217;escursione di due ore nel deserto alle 2 di pomeriggio senza il minimo problema. Nei due posti di mare invece, nonostante sia comunque secco, il caldo raggiunge davvero picchi notevoli, ma passando gran parte del tempo in acqua il problema \u00e8 di nuovo inesistente.<br \/>\n<strong>Igiene e cibo<\/strong>: senza girarci troppo intorno, la Giordania non \u00e8 un paese pulito. Su consiglio della guida noi abbiamo usato acqua in bottiglia per lavarci i denti per tutta la durata della vacanza, ma col senno del poi credo non fosse necessario, almeno nelle strutture in cui abbiamo soggiornato. Nessun problema invece con il cibo, sia per la qualit\u00e0 (non abbiamo mai avuto problemi), che per la variet\u00e0 (cucina molto mediterranea). Abbiamo mangiato tanta verdura, anche cruda, e i bimbi avevano sempre un&#8217;alternativa adatta a loro. Ovviamente non c&#8217;\u00e8 maiale, c&#8217;\u00e8 pochissimo manzo e non vi consiglio di ordinare una pasta o una pizza, per\u00f2 nel deserto ho mangiato una capra cotta in una buca che era deliziosa. Olivia ci \u00e8 impazzita. Io invece ho sviluppato una dipendenza da humus.<br \/>\n<strong>Negozi<\/strong>: ad Amman i centri commerciali sono come dicevo molto occidentali e ci si trova di tutto, dai pannolini al latte in polvere. Non abbiamo trovato pappe per neonati o omogeneizzati, che quindi potrebbero non essere reperibili in loco.<\/p>\n<p style=\"text-align: left;\"><img decoding=\"async\" class=\"aligncenter\" src=\"http:\/\/www.manq.it\/wordpress\/wp-content\/uploads\/viaggi\/giordaniagruppo.jpg\" alt=\"\" width=\"640\"><strong><br \/>\nTeam:<\/strong> La Polly, Puffo, Olly e Manq<br \/>\n<strong>Durata:<\/strong> 8 giorni<br \/>\n<strong>Km percorsi:<\/strong> 550 indicativamente, tratta aerea esclusa.<br \/>\n<strong>Mezzo di locomozione:<\/strong> Hyundai Sonata<br \/>\n<strong>Spesa:<\/strong> 2000 euro (A persona, indicativamente e includendo le quote dei bimbi)<br \/>\n<strong>Sponsor*:<\/strong> Jo Petrol<\/p>\n<p><strong>VALUTAZIONE:<\/strong><br \/>\n<img loading=\"lazy\" decoding=\"async\" class=\"alignnone size-full wp-image-1552\" src=\"http:\/\/www.manq.it\/wordpress\/wp-content\/uploads\/4-stelle.png\" alt=\"5-stelle\" width=\"200\" height=\"37\"><\/p>\n<p style=\"text-align: justify;\"><em>*Con Sponsor si intende il o i prodotti che si sono distinti per presenza costante durante il viaggio. Nessuno mi ha mai dato un euro per viaggiare, mai.<\/em><\/p>\n","protected":false},"excerpt":{"rendered":"<p>\ufeff Il 2019 \u00e8 l&#8217;anno in cui la famiglia Manq ha deciso di approdare in medio oriente, andando per una delle sue mete pi\u00f9 note e suggestive: la Giordania. Per una volta ci siamo appoggiati ad un&#8217;agenzia perch\u00e9 altrimenti avremmo potuto fare i visti dei bambini solo una volta atterrati ad Amman. La prudenza, che&hellip;&nbsp;<a href=\"https:\/\/www.manq.it\/index.php\/giordania-agosto-2019\/\" rel=\"bookmark\">Leggi tutto &raquo;<span class=\"screen-reader-text\">Giordania &#8211; Agosto 2019<\/span><\/a><\/p>\n","protected":false},"author":1,"featured_media":0,"parent":0,"menu_order":0,"comment_status":"closed","ping_status":"closed","template":"","meta":{"neve_meta_sidebar":"","neve_meta_container":"","neve_meta_enable_content_width":"off","neve_meta_content_width":0,"neve_meta_title_alignment":"","neve_meta_author_avatar":"","neve_post_elements_order":"","neve_meta_disable_header":"","neve_meta_disable_footer":"","neve_meta_disable_title":"","footnotes":""},"class_list":["post-3395","page","type-page","status-publish","hentry"],"_links":{"self":[{"href":"https:\/\/www.manq.it\/index.php\/wp-json\/wp\/v2\/pages\/3395","targetHints":{"allow":["GET"]}}],"collection":[{"href":"https:\/\/www.manq.it\/index.php\/wp-json\/wp\/v2\/pages"}],"about":[{"href":"https:\/\/www.manq.it\/index.php\/wp-json\/wp\/v2\/types\/page"}],"author":[{"embeddable":true,"href":"https:\/\/www.manq.it\/index.php\/wp-json\/wp\/v2\/users\/1"}],"replies":[{"embeddable":true,"href":"https:\/\/www.manq.it\/index.php\/wp-json\/wp\/v2\/comments?post=3395"}],"version-history":[{"count":12,"href":"https:\/\/www.manq.it\/index.php\/wp-json\/wp\/v2\/pages\/3395\/revisions"}],"predecessor-version":[{"id":4220,"href":"https:\/\/www.manq.it\/index.php\/wp-json\/wp\/v2\/pages\/3395\/revisions\/4220"}],"wp:attachment":[{"href":"https:\/\/www.manq.it\/index.php\/wp-json\/wp\/v2\/media?parent=3395"}],"curies":[{"name":"wp","href":"https:\/\/api.w.org\/{rel}","templated":true}]}}