{"id":1075,"date":"2015-10-02T09:28:13","date_gmt":"2015-10-02T07:28:13","guid":{"rendered":"http:\/\/www.manq.it\/waterdeep\/?page_id=1075"},"modified":"2020-12-15T17:27:26","modified_gmt":"2020-12-15T16:27:26","slug":"zulgos-il-chierico","status":"publish","type":"page","link":"https:\/\/www.manq.it\/waterdeep\/?page_id=1075","title":{"rendered":"Zulgos Helberad"},"content":{"rendered":"<p style=\"text-align: justify;\"><img decoding=\"async\" class=\"alignleft\" src=\"https:\/\/www.manq.it\/waterdeep\/wp-content\/uploads\/b5e8917c70b9863566da406e621cb7-212x300.jpg\"><strong><a href=\"https:\/\/www.manq.it\/waterdeep\/wp-content\/uploads\/Scheda-di-Zulgos.pdf\" target=\"_blank\" rel=\"noopener\">SCHEDA DEL PERSONAGGIO<\/a><\/strong><\/p>\n<p style=\"text-align: justify;\"><em>&#8220;Perch\u00e8 proprio io? Perch\u00e8 solamente io?&#8221;<\/em><\/p>\n<p style=\"text-align: justify;\">Il fatto di essere l&#8217;unico sopravvissuto all&#8217;eccidio del tuo villaggio natale (per pura fortuna, non certo per meriti, avendo allora solo otto anni), pu\u00f2 essere vissuto con senso di colpa o come un&#8217;opportunit\u00e0 da non buttare. Oggi, con la maturit\u00e0 di un uomo fatto (ma nient&#8217;affatto finito), posso serenamente dire che il senso di colpa \u00e8 stato superato ed il senso di vivere giorno per giorno l&#8217;opportunit\u00e0 dell&#8217;essere vivo ha condizionato in bene la mia esistenza. E quelle degli altri. Spero.<\/p>\n<p style=\"text-align: justify;\">Mi considero un uomo fortunato, molto fortunato. Senza volere essere irrispettoso o blasfemo; benedetto.<br \/>\nPerdere la mia famiglia in cos\u00ec verde et\u00e0, per quanto tragico, me ne ha donato una nuova, per la quale ho finora dedicato tutto. Ed in tempi duri come quelli che stiamo vivendo, non molti orfani possono essere benedetti con la possibilit\u00e0 di rinascere accolti e guidati dalle Spire del Mattino, come fu per me.<\/p>\n<p style=\"text-align: justify;\"><em>&#8220;Il Rinnovamento \u00e8 la Vita e la Vita \u00e8 Rinnovamento&#8221;. <\/em><\/p>\n<p style=\"text-align: justify;\">Lathander, con la sua Luce e la sua Ispirazione mi ha benedetto inculcandomi il concetto che ogni giorno che nasce deve essere un giorno dedito al miglioramento, alla conoscenza. Un&#8217;opportunit\u00e0 unica da non specare. Non saremo qui in eterno; il tempo scorre e ogni uomo deve fare tutto quanto in suo potere per migliorare s\u00e8 stesso e le persone intorno a lui.<br \/>\nPer questo la mia missione non pu\u00f2 essere che quella di far s\u00ec che tutti gli uomini di Waterdeep (la citt\u00e0 che mi ha benevolmente accolto dopo i tragici eventi della mia giovinezza) possano essere guidati da questo concetto, e di conseguenza, dalla radiosit\u00e0 della Luce di Lathander.<br \/>\nWaterdeep \u00e8 una citt\u00e0 immensa; immensamente perci\u00f2 intrisa di egoismi, malaffare, sopraffazione. Il Tempio di Lathander per quanto encomiabile per la dedizione profusa, non \u00e8 attualmente in grado di far breccia nelle anime di tutte le povere persone che non hanno avuto la fortuna di conoscere gli effetti benefici della Luce dell&#8217;Alba. Io magari sar\u00f2 solo una formica in questa immensit\u00e0, ma una formica instancabile che far\u00e0 di tutto affinc\u00e8 la Luce dell&#8217;Alba possa giungere a quanti pi\u00f9 possibile.<\/p>\n<p style=\"text-align: justify;\">In tutti questi anni di dedizione ( non amo utilizzare la parola &#8220;sacrificio&#8221; in quanto io ho sempre considerato il mio lavoro un onore) il mio impegno mi ha portato a raggiungere cariche sempre pi\u00f9 importanti e prestigiose. Ma la mia non \u00e8 vanagloria. Il prestigio, il potere e la ricchezza fine a s\u00e8 stessi li lascio ai nobili e ai poveri d&#8217;animo. L&#8217;aver scalato le gerarchie delle Spire del Mattino ed essere diventato in seguito Capogilda degli Spazzasterco per me non sono motivi di autocompiacimento. Ma passi necessari per una progressiva affermazione della Parola di Lathander in questa immensit\u00e0 chiamata Waterdeep.<br \/>\nHo lavorato molto per ripulire e sradicare, per quanto possibile, la Gilda degli Spazzasterco. E quando riesci a circondarti di brave persone, tutto diventa pi\u00f9 facile. La Gilda \u00e8 diventata pi\u00f9 efficiciente e produttiva, al contempo migliorando le condizioni stesse dei facente parte.<br \/>\nLa soddisfazione per i risultati conseguiti \u00e8 innegabile. E&#8217; il mio modo per ringraziare la citt\u00e0 di Waterdeep per avermi accolto.<\/p>\n<p style=\"text-align: justify;\">Ma il mio lavoro \u00e8 ben lungi dall&#8217;essere al capolinea. <a class=\"wp-live-preview\" href=\"https:\/\/www.manq.it\/waterdeep\/wp-content\/gallery\/png\/Ghentilara.jpg\" target=\"_blank\" rel=\"noopener noreferrer\">Ghentilara<\/a> mi sta affidando un nuovo incarico. Ho l&#8217;impressione che sia l&#8217;inzio di una nuova fase, ancora pi\u00f9 difficile delle precedenti.<br \/>\nLa cosa mi preoccupa e al contempo mi stimola. L&#8217;aver a che fare con i Ruldegost \u00e8 simbolo indiscutibile che le Spire del Mattino stiano alzando il tiro. Aver a che fare con una casata cos\u00ec importante pu\u00f2 essere il lasciapassare per un ampliamento dei nostri orizzonti in maniera esponenziale, ed essere probabilmente il fulcro attorno al quale questa collaborazione ruoter\u00e0, \u00e8 una grande responsabilit\u00e0.<br \/>\nSar\u00e0 difficile aver a che fare con gente altolocata per chi, come me, ha fatto della cultura del lavoro il perno della propria progressione. Ma questo mi viene chiesto, e se Ghentilara mi considera all&#8217;altezza, mi fido del suo giudizio.<br \/>\nSpero di non fallire, di non essere sopaffatto da un mondo nuovo e fondamentalmente fondato sulla sopraffazione dei ceti pi\u00f9 poveri.<br \/>\nSar\u00e0 anche per loro che non posso fallire questa importante occasione.<\/p>\n<p style=\"text-align: justify;\"><strong><span style=\"color: #ff0000;\">Note:<\/span><\/strong><br \/>\nZulgos \u00e8 stato capo gilda degli Spazzasterco fino al suo ritorno dalla spedizione ad Havertold, quando ha conosciuto i membri della casata Ruldegost ed ha deciso di abbandonare il suo ruolo per giocare un ruolo ancora pi\u00f9 attivo nell&#8217;ascesa del culto di Lathander all&#8217;interno della citt\u00e0.<\/p>\n<p style=\"text-align: justify;\"><strong><span style=\"color: #ff0000;\">La frattura&nbsp;con i&nbsp;Ruldegost:<\/span><\/strong><br \/>\nIl <a href=\"https:\/\/www.manq.it\/waterdeep\/?p=1518\" target=\"_blank\" rel=\"noopener noreferrer\">IX giorno<\/a> di Mirtul del 1370 la tensione tra Zulgos e la casata Ruldegost \u00e8 giunta ai massimi livelli ed il rapporto si \u00e8 spaccato, probabilmente in maniera irreversibile.<br \/>\nLa costante sensazione di essere usato e raggirato da parte di <a class=\"wp-live-preview\" href=\"https:\/\/www.manq.it\/waterdeep\/wp-content\/gallery\/png\/lord-bly.jpg\" target=\"_blank\" rel=\"noopener noreferrer\">Lord Bly<\/a>, come fosse una pedina degli intrighi politici della casata, e i continui screzi con Malcer avevano gi\u00e0 a lungo provato la pazienza del chierico che \u00e8 stata definitivamente compromessa da&nbsp;un ultimo alterco, avuto questa volta con Aethimir.<br \/>\nL&#8217;abbandono del gruppo da parte di Zulgos e la sua ira nei confronti di tutta casa Ruldegost aprono nuovi scenari nei gi\u00e0 delicati equilibri politici di Waterdeep.<\/p>\n<p style=\"text-align: justify;\"><strong><span style=\"color: #ff0000;\">La sparizione di Zulgos:<\/span><\/strong><br \/>\nPochi giorni dopo lo smarrimento del proprio simbolo sacro e l&#8217;abbandono del gruppo Zulgos spar\u00ec dalla circolazione, non fecendo quindi mai ritorno a Waterdeep.<br \/>\nNessuno dei suoi amici e contatti cittadini ha idea di dove sia finito, ma <a href=\"https:\/\/www.manq.it\/waterdeep\/?page_id=1611\" target=\"_blank\" rel=\"noopener\">noi sappiamo<\/a> essere stato rapito dalla banda di mezz&#8217;orchi Puma del Tuono. La sua sorte, da quel momento, non \u00e8 nota.<\/p>\n","protected":false},"excerpt":{"rendered":"<p>SCHEDA DEL PERSONAGGIO &#8220;Perch\u00e8 proprio io? Perch\u00e8 solamente io?&#8221; Il fatto di essere l&#8217;unico sopravvissuto all&#8217;eccidio del tuo villaggio natale (per pura fortuna, non certo per meriti, avendo allora solo otto anni), pu\u00f2 essere vissuto con senso di colpa o come un&#8217;opportunit\u00e0 da non buttare. Oggi, con la maturit\u00e0 di un uomo fatto (ma nient&#8217;affatto finito), posso serenamente dire che &hellip; <a class=\"meta-nav\" href=\"https:\/\/www.manq.it\/waterdeep\/?page_id=1075\">Continue reading &rarr;<\/a><\/p>\n","protected":false},"author":5,"featured_media":0,"parent":0,"menu_order":0,"comment_status":"closed","ping_status":"closed","template":"","meta":{"ngg_post_thumbnail":0,"footnotes":""},"class_list":["post-1075","page","type-page","status-publish","hentry"],"_links":{"self":[{"href":"https:\/\/www.manq.it\/waterdeep\/index.php?rest_route=\/wp\/v2\/pages\/1075","targetHints":{"allow":["GET"]}}],"collection":[{"href":"https:\/\/www.manq.it\/waterdeep\/index.php?rest_route=\/wp\/v2\/pages"}],"about":[{"href":"https:\/\/www.manq.it\/waterdeep\/index.php?rest_route=\/wp\/v2\/types\/page"}],"author":[{"embeddable":true,"href":"https:\/\/www.manq.it\/waterdeep\/index.php?rest_route=\/wp\/v2\/users\/5"}],"replies":[{"embeddable":true,"href":"https:\/\/www.manq.it\/waterdeep\/index.php?rest_route=%2Fwp%2Fv2%2Fcomments&post=1075"}],"version-history":[{"count":14,"href":"https:\/\/www.manq.it\/waterdeep\/index.php?rest_route=\/wp\/v2\/pages\/1075\/revisions"}],"predecessor-version":[{"id":2546,"href":"https:\/\/www.manq.it\/waterdeep\/index.php?rest_route=\/wp\/v2\/pages\/1075\/revisions\/2546"}],"wp:attachment":[{"href":"https:\/\/www.manq.it\/waterdeep\/index.php?rest_route=%2Fwp%2Fv2%2Fmedia&parent=1075"}],"curies":[{"name":"wp","href":"https:\/\/api.w.org\/{rel}","templated":true}]}}