{"id":1361,"date":"2015-12-16T00:09:18","date_gmt":"2015-12-15T23:09:18","guid":{"rendered":"http:\/\/www.manq.it\/waterdeep\/?page_id=1361"},"modified":"2020-12-15T17:25:15","modified_gmt":"2020-12-15T16:25:15","slug":"pence-ha-bisogno-di-aiuto","status":"publish","type":"page","link":"https:\/\/www.manq.it\/waterdeep\/?page_id=1361","title":{"rendered":"Pence ha bisogno di aiuto!"},"content":{"rendered":"<p style=\"text-align: justify;\"><em>Gli avvenimenti riportati qui di&nbsp;seguito fanno riferimento alla notte tra il <strong>Giorno XVIII<\/strong> e il <strong>Giorno XIX<\/strong> di <strong>Ches<\/strong>, anno <strong>1370 CV<\/strong>. <\/em><br \/>\n<em>In quei giorni il nostro amico Pence si trovava nel pieno delle sue indagini in merito ad <a class=\"wp-live-preview\" href=\"https:\/\/www.manq.it\/waterdeep\/wp-content\/gallery\/png\/Hagar.jpg\" target=\"_blank\" rel=\"noopener\">Hagar<\/a>, capo della trib\u00f9 Toro Alce che tanto fastidio stava recando alla gilda dei portuali.&nbsp;Stando ad alcune informazioni racimolate dalla Prima Guardia di casa Ruldegost, alcuni uomini di Hagar quella notte si sarebbero ritrovati alla taverna dell&#8217;Unicorno Nero e quella sarebbe potuta essere una buona occasione&nbsp;per intercettarli e spillare loro qualche ulteriore notizia riguardo all&#8217;Orso Blu.<\/em><br \/>\n<em>Per evitare di esporsi, per\u00f2, Pence prefer\u00ec non andare di persona nella taverna, anche in seguito ad alcune&nbsp;voci riferitegli da Malcer sul conto del locale, e cos\u00ec forte del suo ruolo presso la casata decise di incaricare quattro dei suoi sottoposti: <a class=\"wp-live-preview\" href=\"https:\/\/www.manq.it\/waterdeep\/wp-content\/gallery\/png\/arlo.jpg\" target=\"_blank\" rel=\"noopener\">Arlo<\/a>, <a class=\"wp-live-preview\" href=\"https:\/\/www.manq.it\/waterdeep\/wp-content\/gallery\/png\/thrur.jpg\" target=\"_blank\" rel=\"noopener\">Thrur<\/a>, <a class=\"wp-live-preview\" href=\"https:\/\/www.manq.it\/waterdeep\/wp-content\/gallery\/png\/sambril.jpg\" target=\"_blank\" rel=\"noopener\">Sambril<\/a> e l&#8217;odiato <a class=\"wp-live-preview\" href=\"https:\/\/www.manq.it\/waterdeep\/wp-content\/gallery\/png\/jurisk.jpg\" target=\"_blank\" rel=\"noopener\">Jurisk<\/a>.<\/em><br \/>\n<em>Quello che segue \u00e8 il racconto delle vicende dalla viva voce dei protagonisti.<\/em><\/p>\n<p style=\"text-align: justify;\"><strong>Jurisk<\/strong>: &#8220;Certo che mi ricordo quella notte! Il grande Pence, la Prima Guardia di casa Ruldegost, aveva bisogno di quattro uomini validi e fidati per un&#8217;importantissima missione e cos\u00ec \u00e8 venuto a chiamare me, chiedendomi chi altri potessi suggerire&#8230;&#8221;<\/p>\n<p style=\"text-align: justify;\"><strong>Thrur<\/strong>: &#8220;Ma per favore! Quel raccomandato di Pence come al solito cercava qualcuno che lavorasse al posto suo e ha scelto noi quattro perch\u00e8 eravamo gli unici presenti in sala da pranzo in quel momento. Ha avuto persino la faccia tosta di spacciarlo come fosse un ordine della casata.&#8221;<\/p>\n<p style=\"text-align: justify;\"><strong>Arlo<\/strong>: &#8220;Eh, ma Pence \u00e8 il capo.&#8221;<\/p>\n<p style=\"text-align: justify;\"><strong>Thrur<\/strong>: &#8220;Su questo avrei da discutere, ma anche fosse non \u00e8 tenuto ad usare il suo ruolo per rifilarci i suoi lavoretti sporchi.&#8221;<\/p>\n<p style=\"text-align: justify;\"><strong>Arlo<\/strong>: &#8220;Non era tanto sporco.&#8221;<\/p>\n<p style=\"text-align: justify;\"><strong>Sambril<\/strong>: &#8220;Se andate avanti cos\u00ec non finiamo pi\u00f9 di raccontarla, questa storia&#8230;&#8221;<\/p>\n<p style=\"text-align: justify;\"><strong>Arlo<\/strong>: &#8220;Un po&#8217; sporco forse s\u00ec. Ma non tanto.&#8221;<\/p>\n<p style=\"text-align: justify;\"><strong>Jurisk<\/strong>: &#8220;Allora, posso continuare? Dicevo che Pence ci ha contattati per un&#8217;importante missione&nbsp;di spionaggio. Ci saremmo dovuti recare alla taverna dell&#8217;Unicorno Nero per trovare informazioni su un certo Hagar, ma per farlo avevamo l&#8217;indicazione di tenere un basso profilo e non farci riconoscere&#8230;&#8221;<\/p>\n<p style=\"text-align: justify;\"><strong>Arlo<\/strong>: &#8220;E&#8217; vero. Mi ricordo che io ero vestito da Tempus.&#8221;<\/p>\n<p style=\"text-align: justify;\"><strong>Sambril<\/strong>: &#8220;Stavi molto bene, tra l&#8217;altro.&#8221;<\/p>\n<p style=\"text-align: justify;\"><strong>Thrur<\/strong>: &#8220;Quante volte dovr\u00f2 ripeterti di non guardare gli umani?&#8221;<\/p>\n<p style=\"text-align: justify;\"><strong>Sambril<\/strong>: &#8220;Pap\u00e0, sei proprio antico. Gli umani sono molto belli e io voglio farmi le mie esperienze&#8230;&#8221;<\/p>\n<p style=\"text-align: justify;\"><strong>Thrur<\/strong>: &#8220;SAMBRIL!!!&#8221;<\/p>\n<p style=\"text-align: justify;\"><strong>Jurisk<\/strong>: &#8220;Finitela voi due! Dove ero rimasto? Ah s\u00ec. La taverna. Abbiamo deciso di spacciarci per un mercante, io, e le sue guardie del corpo e ci siamo quindi recati all&#8217;Unicorno Nero, senza sapere quali terribili pericoli si celassero al suo interno.&#8221;<\/p>\n<p style=\"text-align: justify;\"><strong>Arlo<\/strong>: &#8220;Hai dimenticato che fuori dalla taverna c&#8217;era <a class=\"wp-live-preview\" href=\"https:\/\/www.manq.it\/waterdeep\/wp-content\/gallery\/lunicorno-nero\/Mendicante.png\" target=\"_blank\" rel=\"noopener\">un mendicante<\/a>. Gli ho dato una moneta.&#8221;<\/p>\n<p style=\"text-align: justify;\"><strong>Jurisk<\/strong>: &#8220;Non \u00e8 importante, direi.&#8221;<\/p>\n<p style=\"text-align: justify;\"><strong>Thrur<\/strong>: &#8220;Hai anche dimenticato che Pence ci ha mandati da soli perch\u00e8 \u00e8 un cagasotto.&#8221;<\/p>\n<p style=\"text-align: justify;\"><strong>Jurisk<\/strong>: &#8220;Non \u00e8 vero, Pence \u00e8 la nostra amata Prima Guardia e non \u00e8 un cagasotto.&#8221;<\/p>\n<p style=\"text-align: justify;\"><strong>Arlo<\/strong>: &#8220;Il cagasotto \u00e8 Jurisk, formalmente.&#8221;<\/p>\n<p style=\"text-align: justify;\"><strong>Jurisk<\/strong>: &#8220;BASTA!&#8221;<\/p>\n<p style=\"text-align: justify;\"><strong>Sambril<\/strong>: &#8220;Continuo a pensare che non finirete mai di raccontare questa storia&#8230;&#8221;<\/p>\n<p style=\"text-align: justify;\"><strong>Jurisk<\/strong>: &#8220;Vai avanti tu, se sei cos\u00ec brava.&#8221;<\/p>\n<p style=\"text-align: justify;\"><strong>Sambril<\/strong>: &#8220;Ok. Siamo arrivati in locanda e ci abbiamo trovato <a class=\"wp-live-preview\" href=\"https:\/\/www.manq.it\/waterdeep\/wp-content\/gallery\/lunicorno-nero\/Jenkin.jpg\" target=\"_blank\" rel=\"noopener\">Jenkin<\/a>, che era l&#8217;oste. Al bancone c&#8217;era <a class=\"wp-live-preview\" href=\"https:\/\/www.manq.it\/waterdeep\/wp-content\/gallery\/lunicorno-nero\/Drefus.jpg\" target=\"_blank\" rel=\"noopener\">un vecchio<\/a> col suo cane intento a mangiare uno stinco, mentre nel resto del locale c&#8217;erano solo altre sei persone, divise in due tavoli. Al primo erano seduti <a class=\"wp-live-preview\" href=\"https:\/\/www.manq.it\/waterdeep\/wp-content\/gallery\/lunicorno-nero\/Klade.jpg\" target=\"_blank\" rel=\"noopener\">Klade<\/a> e <a class=\"wp-live-preview\" href=\"https:\/\/www.manq.it\/waterdeep\/wp-content\/gallery\/lunicorno-nero\/Krig.jpg\" target=\"_blank\" rel=\"noopener\">Krig<\/a>, due mercanti di aringhe rosse. All&#8217;altro i quattro sgherri di Hagar a cui abbiamo rotto il culo: <a class=\"wp-live-preview\" href=\"https:\/\/www.manq.it\/waterdeep\/wp-content\/gallery\/lunicorno-nero\/Braglo.jpg\" target=\"_blank\" rel=\"noopener\">Braglo<\/a>, <a class=\"wp-live-preview\" href=\"https:\/\/www.manq.it\/waterdeep\/wp-content\/gallery\/lunicorno-nero\/Etuc.jpg\" target=\"_blank\" rel=\"noopener\">Etuc<\/a>, <a class=\"wp-live-preview\" href=\"https:\/\/www.manq.it\/waterdeep\/wp-content\/gallery\/lunicorno-nero\/Pibloj.jpg\" target=\"_blank\" rel=\"noopener\">Pibloj<\/a> e <a class=\"wp-live-preview\" href=\"https:\/\/www.manq.it\/waterdeep\/wp-content\/gallery\/lunicorno-nero\/Skop.jpg\" target=\"_blank\" rel=\"noopener\">Skop<\/a>. Tra quando siamo arrivati e quando li abbiamo menati sono successe delle cose che, sinceramente, non so spiegare ne riassumere, ma che di certo non sono importanti. Fine della storia. Possiamo andare?&#8221;<\/p>\n<p style=\"text-align: justify;\"><strong>Gli altri<\/strong>: &#8220;NO.&#8221;<\/p>\n<p style=\"text-align: justify;\"><strong>Jurisk<\/strong>: &#8220;Hai rovinato tutta la suspance rivelando il finale, nana, ma la storia \u00e8 ancora interessante&#8230;&#8221;<\/p>\n<p style=\"text-align: justify;\"><strong>Arlo<\/strong>: &#8220;Digli della birra magica!&#8221;<\/p>\n<p style=\"text-align: justify;\"><strong>Jurisk<\/strong>: &#8220;Non siamo sicuri fosse magica.&#8221;<\/p>\n<p style=\"text-align: justify;\"><strong>Arlo<\/strong>: &#8220;Dai, digli della birra magica!&#8221;<\/p>\n<p style=\"text-align: justify;\"><strong>Jurisk<\/strong>: &#8220;Ma non \u00e8 quello il punto della storia&#8230;&#8221;<\/p>\n<p style=\"text-align: justify;\"><strong>Arlo<\/strong> (armeggiando con l&#8217;ascia di famiglia): &#8220;Fatti dire ancora una volta che devi parlare della birra magica. Dai. Fammelo ripetere ancora.&#8221;<\/p>\n<p style=\"text-align: justify;\"><strong>Jurisk<\/strong>: &#8220;In locanda servivano una birra magica. Era rossa quando veniva spillata per gli altri avventori, ma bianca quando la spillavano a noi.&#8221;<\/p>\n<p style=\"text-align: justify;\"><strong>Arlo<\/strong>: &#8220;Ah Ah la birra magica&#8230;&#8221;<\/p>\n<p style=\"text-align: justify;\"><strong>Thrur<\/strong>: &#8220;Faceva schifo.&#8221;<\/p>\n<p style=\"text-align: justify;\"><strong>Sambril<\/strong>: &#8220;Vogliamo dirlo che per questa cosa della birra di diversi colori Arlo ha quasi ucciso l&#8217;oste?&#8221;<\/p>\n<p style=\"text-align: justify;\"><strong>Arlo<\/strong>: &#8220;Quasi, per\u00f2.&#8221;<\/p>\n<p style=\"text-align: justify;\"><strong>Thrur<\/strong>: &#8220;Beh, non ci sei andato tanto lontano. L&#8217;oste \u00e8 stato solo molto fortunato.&#8221;<\/p>\n<p style=\"text-align: justify;\"><strong>Arlo<\/strong>: &#8220;Si ma gli ho chiesto scusa poi, quando era a terra e non si muoveva pi\u00f9. E poi Jurisk ha ucciso il cane del vecchio e nessuno gli ha detto niente.&#8221;<\/p>\n<p style=\"text-align: justify;\"><strong>Jurisk<\/strong>: &#8220;Ho dovuto. Solo cos\u00ec abbiamo recuperato lo stinco magico che ci ha permesso di liberarci del mastino immondo che era di guardia all&#8217;ingresso del labirinto.&#8221;<\/p>\n<p style=\"text-align: justify;\"><strong>Sambril<\/strong>: &#8220;Dubito che chi ci ascolta stia riuscendo a seguire il filo&#8230;&#8221;<\/p>\n<p style=\"text-align: justify;\"><strong>Jurisk<\/strong>: &#8220;Mh. Ok. Quando siamo entrati in locanda l&#8217;oste ci ha chiusi dentro perch\u00e9 dall&#8217;Unicorno Nero si esce solo tramite il labirinto che ha sul retro. \u00c8 una sorta di regola o tradizione. La cosa non sarebbe stata un problema, non fosse che c&#8217;era appunto un mastino immondo a fare da guardia all&#8217;ingresso dei cunicoli. Anche questo per\u00f2 sarebbe stato poco pi\u00f9 che un fastidio, se Arlo non si fosse innervosito e non avesse attaccato briga con quelli da cui avremmo dovuto ottenere informazioni&#8230;&#8221;<\/p>\n<p style=\"text-align: justify;\"><strong>Arlo<\/strong>: &#8220;Non si chiudono le porte. Ad Arlo piace quando le porte sono aperte.&#8221;<\/p>\n<p style=\"text-align: justify;\"><strong>Thrur<\/strong>: &#8220;Lo sappiamo. Non fai che dirlo.&#8221;<\/p>\n<p style=\"text-align: justify;\"><strong>Sambril<\/strong>: &#8220;Lascialo stare pap\u00e0!&#8221;<\/p>\n<p style=\"text-align: justify;\"><strong>Thrur<\/strong>: &#8220;Smettila di prendere le sue parti&#8230;&#8221;<\/p>\n<p style=\"text-align: justify;\"><strong>Sambril<\/strong>: &#8220;NO! IO LO AMO!&#8221;<\/p>\n<p style=\"text-align: justify;\"><strong>Thrur<\/strong>: &#8220;TU COSA?? MA IO TI DISEREDO! FILA IN CAMERA TUA! SEI IN PUNIZIONE!&#8221;<\/p>\n<p style=\"text-align: justify;\"><strong>Sambril<\/strong> (piangendo e correndo su per le scale che portano alla sua camerata): &#8220;Ti odio pap\u00e0&#8230;&#8221;<\/p>\n<p style=\"text-align: justify;\"><strong>Arlo<\/strong>: &#8220;Mi sa che la nana non sta tanto bene. Jurisk gli ha attaccato il mal di pancia credo.&#8221;<\/p>\n<p style=\"text-align: justify;\"><strong>Jurisk<\/strong>: &#8220;Oh insomma, finiamola qui. La conclusione \u00e8 stata che non siamo riusciti ad ottenere mezza informazione dagli sgherri di Hagar perch\u00e9 si sono rivelati subito ostili e Arlo li ha conciati per le feste. Dal labirinto siamo riusciti ad uscire solo grazie alla mia abilit\u00e0. Guardate, ho anche disegnato una mappa&#8230;&#8221;<\/p>\n<p style=\"text-align: justify;\">Jurisk mostra la sua opera:<\/p>\n<p><a href=\"https:\/\/www.manq.it\/waterdeep\/wp-content\/uploads\/Mappa-Unicorno-Nero.jpg\"><img loading=\"lazy\" decoding=\"async\" class=\"wp-image-1369 size-full\" src=\"https:\/\/www.manq.it\/waterdeep\/wp-content\/uploads\/Mappa-Unicorno-Nero.jpg\" alt=\"\" width=\"600\" height=\"399\" srcset=\"https:\/\/www.manq.it\/waterdeep\/wp-content\/uploads\/Mappa-Unicorno-Nero.jpg 600w, https:\/\/www.manq.it\/waterdeep\/wp-content\/uploads\/Mappa-Unicorno-Nero-300x200.jpg 300w\" sizes=\"auto, (max-width: 600px) 100vw, 600px\" \/><\/a><\/p>\n<p align=\"center\">Mappa del Labirinto sotto l&#8217;Unicorno Nero<\/p>\n<p>&nbsp;<\/p>\n<p style=\"text-align: justify;\"><strong>Thrur<\/strong>: &#8220;In sostanza quindi Pence ci ha ingaggiati per raccogliere informazioni utili a chiss\u00e0 quale suo scopo e noi ci siamo infilati in una mezza imboscata da cui siamo potuti uscire solo dopo aver ucciso i nostri aggressori&#8230;&#8221;<\/p>\n<p style=\"text-align: justify;\"><strong>Jurisk<\/strong>: &#8220;A pensarci bene, ci sono anche almeno tre testimoni della nostra condotta e uno di questi potrebbe covare un certo risentimento per via dell&#8217;uccisione del suo cane. Senza contare l&#8217;oste, che se si \u00e8 ripreso sar\u00e0 piuttosto contrariato anche lui&#8230;&#8221;<\/p>\n<p style=\"text-align: justify;\"><strong>Arlo<\/strong>: &#8220;Scusate. Colpa mia.&#8221;<\/p>\n<h3 style=\"text-align: justify;\"><strong><span style=\"color: #ff0000;\">I personaggi non giocanti:<\/span><\/strong><\/h3>\n<p><!-- index.php -->\n<div\n\tclass=\"ngg-galleryoverview\n\t\t\"\n\tid=\"ngg-gallery-560c6cfc451c33a547742013fd4b0b27-1\">\n\n\t\t\t<!-- Thumbnails -->\n\t\t\t\t<div id=\"ngg-image-0\" class=\"ngg-gallery-thumbnail-box\" \n\t\t\t\t\t\t\t\t\t\t\t>\n\t\t\t\t\t\t<div class=\"ngg-gallery-thumbnail\">\n\t\t\t<a href=\"https:\/\/www.manq.it\/waterdeep\/\/wp-content\/gallery\/lunicorno-nero\/Mendicante.png\"\n\t\t\t\ttitle=\"\"\n\t\t\t\tdata-src=\"https:\/\/www.manq.it\/waterdeep\/\/wp-content\/gallery\/lunicorno-nero\/Mendicante.png\"\n\t\t\t\tdata-thumbnail=\"https:\/\/www.manq.it\/waterdeep\/\/wp-content\/gallery\/lunicorno-nero\/thumbs\/thumbs_Mendicante.png\"\n\t\t\t\tdata-image-id=\"238\"\n\t\t\t\tdata-title=\"Il mendicante\"\n\t\t\t\tdata-description=\"\"\n\t\t\t\tdata-image-slug=\"mendicante\"\n\t\t\t\tclass=\"ngg-fancybox\" rel=\"560c6cfc451c33a547742013fd4b0b27\">\n\t\t\t\t<img\n\t\t\t\t\ttitle=\"Il mendicante\"\n\t\t\t\t\talt=\"Il mendicante\"\n\t\t\t\t\tsrc=\"https:\/\/www.manq.it\/waterdeep\/\/wp-content\/gallery\/lunicorno-nero\/thumbs\/thumbs_Mendicante.png\"\n\t\t\t\t\twidth=\"120\"\n\t\t\t\t\theight=\"90\"\n\t\t\t\t\tstyle=\"max-width:100%;\"\n\t\t\t\t\/>\n\t\t\t<\/a>\n\t\t<\/div>\n\t\t\t\t\t\t\t<\/div> \n\t\t\t\n\t\t\n\t\t\t\t<div id=\"ngg-image-1\" class=\"ngg-gallery-thumbnail-box\" \n\t\t\t\t\t\t\t\t\t\t\t>\n\t\t\t\t\t\t<div class=\"ngg-gallery-thumbnail\">\n\t\t\t<a href=\"https:\/\/www.manq.it\/waterdeep\/\/wp-content\/gallery\/lunicorno-nero\/Jenkin.jpg\"\n\t\t\t\ttitle=\"\"\n\t\t\t\tdata-src=\"https:\/\/www.manq.it\/waterdeep\/\/wp-content\/gallery\/lunicorno-nero\/Jenkin.jpg\"\n\t\t\t\tdata-thumbnail=\"https:\/\/www.manq.it\/waterdeep\/\/wp-content\/gallery\/lunicorno-nero\/thumbs\/thumbs_Jenkin.jpg\"\n\t\t\t\tdata-image-id=\"233\"\n\t\t\t\tdata-title=\"Jenkin, l&#039;oste dell&#039;Unicorno Nero\"\n\t\t\t\tdata-description=\"\"\n\t\t\t\tdata-image-slug=\"jenkin\"\n\t\t\t\tclass=\"ngg-fancybox\" rel=\"560c6cfc451c33a547742013fd4b0b27\">\n\t\t\t\t<img\n\t\t\t\t\ttitle=\"Jenkin, l&#039;oste dell&#039;Unicorno Nero\"\n\t\t\t\t\talt=\"Jenkin, l&#039;oste dell&#039;Unicorno Nero\"\n\t\t\t\t\tsrc=\"https:\/\/www.manq.it\/waterdeep\/\/wp-content\/gallery\/lunicorno-nero\/thumbs\/thumbs_Jenkin.jpg\"\n\t\t\t\t\twidth=\"120\"\n\t\t\t\t\theight=\"90\"\n\t\t\t\t\tstyle=\"max-width:100%;\"\n\t\t\t\t\/>\n\t\t\t<\/a>\n\t\t<\/div>\n\t\t\t\t\t\t\t<\/div> \n\t\t\t\n\t\t\n\t\t\t\t<div id=\"ngg-image-2\" class=\"ngg-gallery-thumbnail-box\" \n\t\t\t\t\t\t\t\t\t\t\t>\n\t\t\t\t\t\t<div class=\"ngg-gallery-thumbnail\">\n\t\t\t<a href=\"https:\/\/www.manq.it\/waterdeep\/\/wp-content\/gallery\/lunicorno-nero\/Drefus.jpg\"\n\t\t\t\ttitle=\"\"\n\t\t\t\tdata-src=\"https:\/\/www.manq.it\/waterdeep\/\/wp-content\/gallery\/lunicorno-nero\/Drefus.jpg\"\n\t\t\t\tdata-thumbnail=\"https:\/\/www.manq.it\/waterdeep\/\/wp-content\/gallery\/lunicorno-nero\/thumbs\/thumbs_Drefus.jpg\"\n\t\t\t\tdata-image-id=\"231\"\n\t\t\t\tdata-title=\"Drefus\"\n\t\t\t\tdata-description=\"\"\n\t\t\t\tdata-image-slug=\"drefus\"\n\t\t\t\tclass=\"ngg-fancybox\" rel=\"560c6cfc451c33a547742013fd4b0b27\">\n\t\t\t\t<img\n\t\t\t\t\ttitle=\"Drefus\"\n\t\t\t\t\talt=\"Drefus\"\n\t\t\t\t\tsrc=\"https:\/\/www.manq.it\/waterdeep\/\/wp-content\/gallery\/lunicorno-nero\/thumbs\/thumbs_Drefus.jpg\"\n\t\t\t\t\twidth=\"120\"\n\t\t\t\t\theight=\"90\"\n\t\t\t\t\tstyle=\"max-width:100%;\"\n\t\t\t\t\/>\n\t\t\t<\/a>\n\t\t<\/div>\n\t\t\t\t\t\t\t<\/div> \n\t\t\t\n\t\t\n\t\t\t\t<div id=\"ngg-image-3\" class=\"ngg-gallery-thumbnail-box\" \n\t\t\t\t\t\t\t\t\t\t\t>\n\t\t\t\t\t\t<div class=\"ngg-gallery-thumbnail\">\n\t\t\t<a href=\"https:\/\/www.manq.it\/waterdeep\/\/wp-content\/gallery\/lunicorno-nero\/Klade.jpg\"\n\t\t\t\ttitle=\"\"\n\t\t\t\tdata-src=\"https:\/\/www.manq.it\/waterdeep\/\/wp-content\/gallery\/lunicorno-nero\/Klade.jpg\"\n\t\t\t\tdata-thumbnail=\"https:\/\/www.manq.it\/waterdeep\/\/wp-content\/gallery\/lunicorno-nero\/thumbs\/thumbs_Klade.jpg\"\n\t\t\t\tdata-image-id=\"234\"\n\t\t\t\tdata-title=\"Klade\"\n\t\t\t\tdata-description=\"\"\n\t\t\t\tdata-image-slug=\"klade\"\n\t\t\t\tclass=\"ngg-fancybox\" rel=\"560c6cfc451c33a547742013fd4b0b27\">\n\t\t\t\t<img\n\t\t\t\t\ttitle=\"Klade\"\n\t\t\t\t\talt=\"Klade\"\n\t\t\t\t\tsrc=\"https:\/\/www.manq.it\/waterdeep\/\/wp-content\/gallery\/lunicorno-nero\/thumbs\/thumbs_Klade.jpg\"\n\t\t\t\t\twidth=\"120\"\n\t\t\t\t\theight=\"90\"\n\t\t\t\t\tstyle=\"max-width:100%;\"\n\t\t\t\t\/>\n\t\t\t<\/a>\n\t\t<\/div>\n\t\t\t\t\t\t\t<\/div> \n\t\t\t\n\t\t\n\t\t\t\t<div id=\"ngg-image-4\" class=\"ngg-gallery-thumbnail-box\" \n\t\t\t\t\t\t\t\t\t\t\t>\n\t\t\t\t\t\t<div class=\"ngg-gallery-thumbnail\">\n\t\t\t<a href=\"https:\/\/www.manq.it\/waterdeep\/\/wp-content\/gallery\/lunicorno-nero\/Krig.jpg\"\n\t\t\t\ttitle=\"\"\n\t\t\t\tdata-src=\"https:\/\/www.manq.it\/waterdeep\/\/wp-content\/gallery\/lunicorno-nero\/Krig.jpg\"\n\t\t\t\tdata-thumbnail=\"https:\/\/www.manq.it\/waterdeep\/\/wp-content\/gallery\/lunicorno-nero\/thumbs\/thumbs_Krig.jpg\"\n\t\t\t\tdata-image-id=\"235\"\n\t\t\t\tdata-title=\"Krig\"\n\t\t\t\tdata-description=\"\"\n\t\t\t\tdata-image-slug=\"krig\"\n\t\t\t\tclass=\"ngg-fancybox\" rel=\"560c6cfc451c33a547742013fd4b0b27\">\n\t\t\t\t<img\n\t\t\t\t\ttitle=\"Krig\"\n\t\t\t\t\talt=\"Krig\"\n\t\t\t\t\tsrc=\"https:\/\/www.manq.it\/waterdeep\/\/wp-content\/gallery\/lunicorno-nero\/thumbs\/thumbs_Krig.jpg\"\n\t\t\t\t\twidth=\"120\"\n\t\t\t\t\theight=\"90\"\n\t\t\t\t\tstyle=\"max-width:100%;\"\n\t\t\t\t\/>\n\t\t\t<\/a>\n\t\t<\/div>\n\t\t\t\t\t\t\t<\/div> \n\t\t\t\n\t\t\n\t\t\t\t<div id=\"ngg-image-5\" class=\"ngg-gallery-thumbnail-box\" \n\t\t\t\t\t\t\t\t\t\t\t>\n\t\t\t\t\t\t<div class=\"ngg-gallery-thumbnail\">\n\t\t\t<a href=\"https:\/\/www.manq.it\/waterdeep\/\/wp-content\/gallery\/lunicorno-nero\/Braglo.jpg\"\n\t\t\t\ttitle=\"\"\n\t\t\t\tdata-src=\"https:\/\/www.manq.it\/waterdeep\/\/wp-content\/gallery\/lunicorno-nero\/Braglo.jpg\"\n\t\t\t\tdata-thumbnail=\"https:\/\/www.manq.it\/waterdeep\/\/wp-content\/gallery\/lunicorno-nero\/thumbs\/thumbs_Braglo.jpg\"\n\t\t\t\tdata-image-id=\"230\"\n\t\t\t\tdata-title=\"Braglo, sgherro di Hagar\"\n\t\t\t\tdata-description=\"\"\n\t\t\t\tdata-image-slug=\"braglo\"\n\t\t\t\tclass=\"ngg-fancybox\" rel=\"560c6cfc451c33a547742013fd4b0b27\">\n\t\t\t\t<img\n\t\t\t\t\ttitle=\"Braglo, sgherro di Hagar\"\n\t\t\t\t\talt=\"Braglo, sgherro di Hagar\"\n\t\t\t\t\tsrc=\"https:\/\/www.manq.it\/waterdeep\/\/wp-content\/gallery\/lunicorno-nero\/thumbs\/thumbs_Braglo.jpg\"\n\t\t\t\t\twidth=\"120\"\n\t\t\t\t\theight=\"90\"\n\t\t\t\t\tstyle=\"max-width:100%;\"\n\t\t\t\t\/>\n\t\t\t<\/a>\n\t\t<\/div>\n\t\t\t\t\t\t\t<\/div> \n\t\t\t\n\t\t\n\t\t\t\t<div id=\"ngg-image-6\" class=\"ngg-gallery-thumbnail-box\" \n\t\t\t\t\t\t\t\t\t\t\t>\n\t\t\t\t\t\t<div class=\"ngg-gallery-thumbnail\">\n\t\t\t<a href=\"https:\/\/www.manq.it\/waterdeep\/\/wp-content\/gallery\/lunicorno-nero\/Etuc.jpg\"\n\t\t\t\ttitle=\"\"\n\t\t\t\tdata-src=\"https:\/\/www.manq.it\/waterdeep\/\/wp-content\/gallery\/lunicorno-nero\/Etuc.jpg\"\n\t\t\t\tdata-thumbnail=\"https:\/\/www.manq.it\/waterdeep\/\/wp-content\/gallery\/lunicorno-nero\/thumbs\/thumbs_Etuc.jpg\"\n\t\t\t\tdata-image-id=\"232\"\n\t\t\t\tdata-title=\"Etuc, sgherro di Hagar\"\n\t\t\t\tdata-description=\"\"\n\t\t\t\tdata-image-slug=\"etuc\"\n\t\t\t\tclass=\"ngg-fancybox\" rel=\"560c6cfc451c33a547742013fd4b0b27\">\n\t\t\t\t<img\n\t\t\t\t\ttitle=\"Etuc, sgherro di Hagar\"\n\t\t\t\t\talt=\"Etuc, sgherro di Hagar\"\n\t\t\t\t\tsrc=\"https:\/\/www.manq.it\/waterdeep\/\/wp-content\/gallery\/lunicorno-nero\/thumbs\/thumbs_Etuc.jpg\"\n\t\t\t\t\twidth=\"120\"\n\t\t\t\t\theight=\"90\"\n\t\t\t\t\tstyle=\"max-width:100%;\"\n\t\t\t\t\/>\n\t\t\t<\/a>\n\t\t<\/div>\n\t\t\t\t\t\t\t<\/div> \n\t\t\t\n\t\t\n\t\t\t\t<div id=\"ngg-image-7\" class=\"ngg-gallery-thumbnail-box\" \n\t\t\t\t\t\t\t\t\t\t\t>\n\t\t\t\t\t\t<div class=\"ngg-gallery-thumbnail\">\n\t\t\t<a href=\"https:\/\/www.manq.it\/waterdeep\/\/wp-content\/gallery\/lunicorno-nero\/Pibloj.jpg\"\n\t\t\t\ttitle=\"\"\n\t\t\t\tdata-src=\"https:\/\/www.manq.it\/waterdeep\/\/wp-content\/gallery\/lunicorno-nero\/Pibloj.jpg\"\n\t\t\t\tdata-thumbnail=\"https:\/\/www.manq.it\/waterdeep\/\/wp-content\/gallery\/lunicorno-nero\/thumbs\/thumbs_Pibloj.jpg\"\n\t\t\t\tdata-image-id=\"236\"\n\t\t\t\tdata-title=\"Pibloj, sgherro di Hagar\"\n\t\t\t\tdata-description=\"\"\n\t\t\t\tdata-image-slug=\"pibloj\"\n\t\t\t\tclass=\"ngg-fancybox\" rel=\"560c6cfc451c33a547742013fd4b0b27\">\n\t\t\t\t<img\n\t\t\t\t\ttitle=\"Pibloj, sgherro di Hagar\"\n\t\t\t\t\talt=\"Pibloj, sgherro di Hagar\"\n\t\t\t\t\tsrc=\"https:\/\/www.manq.it\/waterdeep\/\/wp-content\/gallery\/lunicorno-nero\/thumbs\/thumbs_Pibloj.jpg\"\n\t\t\t\t\twidth=\"120\"\n\t\t\t\t\theight=\"90\"\n\t\t\t\t\tstyle=\"max-width:100%;\"\n\t\t\t\t\/>\n\t\t\t<\/a>\n\t\t<\/div>\n\t\t\t\t\t\t\t<\/div> \n\t\t\t\n\t\t\n\t\t\t\t<div id=\"ngg-image-8\" class=\"ngg-gallery-thumbnail-box\" \n\t\t\t\t\t\t\t\t\t\t\t>\n\t\t\t\t\t\t<div class=\"ngg-gallery-thumbnail\">\n\t\t\t<a href=\"https:\/\/www.manq.it\/waterdeep\/\/wp-content\/gallery\/lunicorno-nero\/Skop.jpg\"\n\t\t\t\ttitle=\"\"\n\t\t\t\tdata-src=\"https:\/\/www.manq.it\/waterdeep\/\/wp-content\/gallery\/lunicorno-nero\/Skop.jpg\"\n\t\t\t\tdata-thumbnail=\"https:\/\/www.manq.it\/waterdeep\/\/wp-content\/gallery\/lunicorno-nero\/thumbs\/thumbs_Skop.jpg\"\n\t\t\t\tdata-image-id=\"237\"\n\t\t\t\tdata-title=\"Skop, sgherro di Hagar\"\n\t\t\t\tdata-description=\"\"\n\t\t\t\tdata-image-slug=\"skop\"\n\t\t\t\tclass=\"ngg-fancybox\" rel=\"560c6cfc451c33a547742013fd4b0b27\">\n\t\t\t\t<img\n\t\t\t\t\ttitle=\"Skop, sgherro di Hagar\"\n\t\t\t\t\talt=\"Skop, sgherro di Hagar\"\n\t\t\t\t\tsrc=\"https:\/\/www.manq.it\/waterdeep\/\/wp-content\/gallery\/lunicorno-nero\/thumbs\/thumbs_Skop.jpg\"\n\t\t\t\t\twidth=\"120\"\n\t\t\t\t\theight=\"90\"\n\t\t\t\t\tstyle=\"max-width:100%;\"\n\t\t\t\t\/>\n\t\t\t<\/a>\n\t\t<\/div>\n\t\t\t\t\t\t\t<\/div> \n\t\t\t\n\t\t\n\t\t\n\t\t<!-- Pagination -->\n\t\t<div class='ngg-clear'><\/div>\t<\/div>\n<\/p>\n<h6 style=\"text-align: justify;\"><em>Nota: le immagini qui riportate sono state prese da google e ricaricate per comodit\u00e0 sul server del sito. <strong>Non sono di mia propriet\u00e0<\/strong>. Qualora il proprietario di una di queste immagini ritenesse improprio l&#8217;uso che ne sto facendo, <a href=\"mailto:manq.hsp@libero.it?subject=Richiesta di rimozione immagine dal sito WATERDEEP\">lo segnali<\/a> e l&#8217;immagine verr\u00e0 immediatamente rimossa. Colgo l&#8217;occasione per ringraziare tutti gli autori e complimentarmi per il loro operato.<\/em><\/h6>\n","protected":false},"excerpt":{"rendered":"<p>Gli avvenimenti riportati qui di&nbsp;seguito fanno riferimento alla notte tra il Giorno XVIII e il Giorno XIX di Ches, anno 1370 CV. In quei giorni il nostro amico Pence si trovava nel pieno delle sue indagini in merito ad Hagar, capo della trib\u00f9 Toro Alce che tanto fastidio stava recando alla gilda dei portuali.&nbsp;Stando ad alcune informazioni racimolate dalla Prima &hellip; <a class=\"meta-nav\" href=\"https:\/\/www.manq.it\/waterdeep\/?page_id=1361\">Continue reading &rarr;<\/a><\/p>\n","protected":false},"author":2,"featured_media":0,"parent":0,"menu_order":0,"comment_status":"closed","ping_status":"closed","template":"","meta":{"ngg_post_thumbnail":0,"footnotes":""},"class_list":["post-1361","page","type-page","status-publish","hentry"],"_links":{"self":[{"href":"https:\/\/www.manq.it\/waterdeep\/index.php?rest_route=\/wp\/v2\/pages\/1361","targetHints":{"allow":["GET"]}}],"collection":[{"href":"https:\/\/www.manq.it\/waterdeep\/index.php?rest_route=\/wp\/v2\/pages"}],"about":[{"href":"https:\/\/www.manq.it\/waterdeep\/index.php?rest_route=\/wp\/v2\/types\/page"}],"author":[{"embeddable":true,"href":"https:\/\/www.manq.it\/waterdeep\/index.php?rest_route=\/wp\/v2\/users\/2"}],"replies":[{"embeddable":true,"href":"https:\/\/www.manq.it\/waterdeep\/index.php?rest_route=%2Fwp%2Fv2%2Fcomments&post=1361"}],"version-history":[{"count":9,"href":"https:\/\/www.manq.it\/waterdeep\/index.php?rest_route=\/wp\/v2\/pages\/1361\/revisions"}],"predecessor-version":[{"id":2542,"href":"https:\/\/www.manq.it\/waterdeep\/index.php?rest_route=\/wp\/v2\/pages\/1361\/revisions\/2542"}],"wp:attachment":[{"href":"https:\/\/www.manq.it\/waterdeep\/index.php?rest_route=%2Fwp%2Fv2%2Fmedia&parent=1361"}],"curies":[{"name":"wp","href":"https:\/\/api.w.org\/{rel}","templated":true}]}}