{"id":1585,"date":"2017-06-09T10:34:25","date_gmt":"2017-06-09T08:34:25","guid":{"rendered":"http:\/\/www.manq.it\/waterdeep\/?page_id=1585"},"modified":"2020-12-15T17:26:26","modified_gmt":"2020-12-15T16:26:26","slug":"teschio-nero","status":"publish","type":"page","link":"https:\/\/www.manq.it\/waterdeep\/?page_id=1585","title":{"rendered":"Teschio Nero"},"content":{"rendered":"<p style=\"text-align: justify;\"><img decoding=\"async\" class=\"alignleft\" title=\"Teschio Nero\" src=\"https:\/\/www.manq.it\/waterdeep\/wp-content\/uploads\/Teschio-Nero-1.jpg\"><strong><a href=\"https:\/\/www.manq.it\/waterdeep\/wp-content\/uploads\/Scheda_Tienne.pdf\" target=\"_blank\" rel=\"noopener\">SCHEDA DEL PERSONAGGIO<\/a><\/strong><\/p>\n<p style=\"text-align: justify;\">Teschio Nero ricorda bene <a class=\"wp-live-preview\" href=\"https:\/\/www.manq.it\/waterdeep\/wp-content\/gallery\/png\/Tanta-Hagara.jpg\" target=\"_blank\" rel=\"noopener\">Tanta Hagara<\/a>, poich\u00e9 per tutta la vita ella fu il punto di riferimento principale per lui e per tutta la trib\u00f9 del Toro Alce.<br \/>\nTanta Hagara giunse nella trib\u00f9 quando Trund aveva da poco superato il rito di passaggio, circa 35 anni fa.<br \/>\nEgli era un giovane sciamano, e ricorda ancora la fitta di gelosia e competizione provata quando questa femmina senza trib\u00f9 si present\u00f2 agli sciamani anziani dicendo di essere stata convocata dallo Spirito del Toro Alce. E convinse presto l\u2019intera trib\u00f9. Tutti si accorsero presto che era una potentissima sciamana; gli anziani dicevano che il suo potere non aveva eguali nelle leggende del Toro Alce.<\/p>\n<p style=\"text-align: justify;\">In quegli anni, i pericoli nella Grande Foresta erano molteplici. Molti guerrieri del Toro Alce semplicemente sparivano durante le battute di caccia. Secondo alcuni era colpa degli elfi, secondo altri colpa dei centauri, o delle altre creature della foresta, o di non morti, ma alcuni sussurravano di creature pi\u00f9 oscure, demoni che dimoravano in Hellgate Keep.<br \/>\nLe cose peggiorarono il giorno in cui alcuni membri della trib\u00f9 furono aggrediti durante la notte da un gruppo di non morti. Cadaveri putrefatti che si muovevano rapidamente tra gli alberi ed emanavano un tanfo nauseante che paralizzava i muscoli. I sopravvissuti scoprirono con orrore che i non morti erano cadaveri di membri della stessa trib\u00f9 del Toro Alce, scomparsi mesi prima.<br \/>\nQuesto accadde circa 25 anni fa.<\/p>\n<p style=\"text-align: justify;\">Fu allora che Tanta Hagara prese con s\u00e9 un manipolo di guerrieri e and\u00f2 a Hellgate Keep. Nessuno sa cosa successe in quella spedizione. Tanta Hagara torn\u00f2 sola, ricoperta di sangue, ed annunci\u00f2 che le sparizioni sarebbero terminate.<br \/>\nE cos\u00ec effettivamente fu, per alcuni mesi. Quel successo, unito all&#8217;immenso potere della sciamana, port\u00f2 in modo naturale alla sua nomina a capo-sciamano della trib\u00f9 quando il predecessore mor\u00ec, poche settimane dopo.<\/p>\n<p style=\"text-align: justify;\">Ella si un\u00ec al capo trib\u00f9 <a class=\"wp-live-preview\" href=\"https:\/\/www.manq.it\/waterdeep\/wp-content\/gallery\/png\/Hlutwig.jpg\" target=\"_blank\" rel=\"noopener\">Hlutwig<\/a> e rimase incinta. Dopo una gravidanza estremamente breve, il loro figlio, <a class=\"wp-live-preview\" href=\"https:\/\/www.manq.it\/waterdeep\/wp-content\/gallery\/png\/Hagar.jpg\" target=\"_blank\" rel=\"noopener\">Hagar<\/a>, nacque completamente blu. Pass\u00f2 i primi anni come una bestia. A tre anni poteva gi\u00e0 spezzare il collo di un lupo a mani nude. Per alcuni Hagar era il segno del favore dello Spirito del Toro Alce nei confronti di Tanta Hagara. Per altri, un cattivo presagio inviato dal Toro Alce. Tanta Hagara pose fine alle voci impalando chi parl\u00f2 apertamente contro di lei e di suo figlio, e contemporaneamente bandendo Hagar al compimento del suo sesto anno di et\u00e0. Tanta Hagara e gli altri sciamani infatti lessero nel Sacro Fumo di Sterco di Viverna, ed il messaggio che vi trovarono fu che se il Toro Alce lo proteggeva, Hagar sarebbe tornato come re di tutte le trib\u00f9 di Uthgardt.<br \/>\nNelle tragedie che seguirono, questa profezia fu dimenticata.<\/p>\n<p style=\"text-align: justify;\">Pi\u00f9 o meno negli stessi anni, la trib\u00f9 comincio a pagare il prezzo delle azioni misteriose della sciamana. Tanta Hagara decret\u00f2 che periodicamente si ripetesse la spedizione con cui aveva posto fine alle sparizioni. In questo modo, per alcuni anni i migliori guerrieri della trib\u00f9 sparirono periodicamente, e ogni volta Tanta Hagara ritornava sola e sempre pi\u00f9 potente. Grazie al suo potere il Toro Alce divenne tra le trib\u00f9 pi\u00f9 potenti della Grande Foresta, temuta da tutte le altre creature, e dominante sulle altre trib\u00f9 Uthgardt.<\/p>\n<p style=\"text-align: justify;\">Circa 15 anni fa, per la prima volta Tanta Hagara non ritorn\u00f2 sola dalla sua spedizione. Port\u00f2 indietro con s\u00e9 alcuni dei Toro Alce che l\u2019avevano accompagnata nella sua PRIMA spedizione, anni prima. Ed essi erano ancora s\u00e9 stessi, ma non lo erano pi\u00f9. Alcuni avevano corna sulla testa, altri avevano creste ossee sporgenti dalla spina dorsali, altri ancora speroni puntuti lungo le braccia e le gambe, molti avevano la pelle colore del sangue, e soprattutto lo sguardo di tutti loro era spento, come se il loro spirito fosse stato spento come la fiamma di una candela.<br \/>\nNessuno os\u00f2 ribellarsi a questo orrore. I <a href=\"https:\/\/forgottenrealms.wikia.com\/wiki\/Cambion\" target=\"_blank\" rel=\"noopener\">Cambion<\/a>, come ella li chiamava, erano guerrieri formidabili, e a quel punto era chiaro che opporsi alla capa sciamana significava morte. O peggio.<br \/>\nTutto ci\u00f2 prosegu\u00ec negli anni che successivi, e il grado di corruzione portato da Tanta Hagara crebbe. Port\u00f2 nella trib\u00f9 altri esseri, che ella chiamava Tanarukka, e che sembravano orchetti affetti dalle stesse deformit\u00e0 maledette dei Cambion.<\/p>\n<p style=\"text-align: justify;\">Infine, nel 1366, Tanta Hagara annunci\u00f2 che per poter diventare pi\u00f9 potente e perseguire le volont\u00e0 dello Spirito del Toro Alce, la trib\u00f9 avrebbe dovuto spostarsi dalla Grande Foresta, e recarsi nel centro del potere: Hellgate Keep. Fu in questa occasione che i membri della trib\u00f9 che avevano fino a quel punto stretto i denti in nome della fedelt\u00e0 al Toro Alce, iniziarono a parlare segretamente di rivolta.<br \/>\nTeschio Nero era tra questi.<\/p>\n<p style=\"text-align: justify;\">Tutti, inclusi i cospiratori, si trasferirono in Hellgate Keep, dove Tanta Hagara present\u00f2 la trib\u00f9 a <a class=\"wp-live-preview\" href=\"https:\/\/www.manq.it\/waterdeep\/wp-content\/gallery\/png\/Eurynomus.jpg\" target=\"_blank\" rel=\"noopener\">Eurynomus<\/a>, il Divoratore di Corpi. Un essere abietto e inguardabile, un demone antico fatto di fame e orrore.<br \/>\nAl cospetto di Eurynomus, la trib\u00f9 prov\u00f2 per la prima volta un terrore atavico, cos\u00ec forte da annullare l\u2019orgoglio naturale dei Toro Alce, ma ci\u00f2 che i cospiratori notarono fu che anche Tanta Hagara era chiaramente intimorita e assoggettata a quella creatura che non aveva posto in questo mondo, bens\u00ec nell&#8217;Abisso.<\/p>\n<p style=\"text-align: justify;\">I fatti che seguirono furono molto convulsi. La trib\u00f9 fu traslocata in un complesso sotterraneo di dormitori, insieme a numerosi Cambion e Tanarukka. Vi erano voci incontrollate di tradimenti, numerosi scontri tra umani e mezzi-demoni, che come bestie in una gabbia troppo stretta, si mordevano per l\u2019irritazione della vicinanza.<br \/>\nTutti i bambini della trib\u00f9 furono portati in un\u2019altra stanza e nessuno li vide mai pi\u00f9.<br \/>\nDa l\u00ec, gruppi di umani e mostri erano inviati in spedizioni contro umani ed elfi a Nord della Grande Foresta. Teschio Nero rimaneva nella Rocca a curare i feriti.<\/p>\n<p style=\"text-align: justify;\">Nelle settimane successive, Tanta Hagara ed Eurynomus annunciarono il proprio matrimonio.<br \/>\nHagara fu nominata comandante in capo di Hellgate Keep, poich\u00e9 i membri del Toro Alce erano ancora pi\u00f9 numerosi dei mezzo demoni, anche se presi singolarmente il loro potere era inferiore.<br \/>\nDa quell&#8217;annuncio, Euronymus non fu mai pi\u00f9 visto, apparentemente annidato nei livelli pi\u00f9 profondi della Rocca.<\/p>\n<p style=\"text-align: justify;\">Non pi\u00f9 di un anno fa, infine, Tanta Hagara si trasform\u00f2. Da donna umana che era, divenne una vecchissima megera decrepita e blu, alta pi\u00f9 di due metri, magrissima, con folti capelli grigi e occhi malvagi colore del fango \u2013 una <a href=\"https:\/\/forgottenrealms.wikia.com\/wiki\/Annis\" target=\"_blank\" rel=\"noopener\">strega annis<\/a>. Hagara ringrazi\u00f2 il Toro Alce per questa trasformazione, segno ulteriore del favore dello Spirito del Toro Alce, che la rendeva adatta ad un consorte sovrannaturale. La maggior parte della trib\u00f9 accett\u00f2 questa spiegazione con l\u2019entusiasmo di chi non ha pi\u00f9 altre speranze, mentre i cospiratori si convinsero del tutto che Tanta Hagara era un imbroglio.<\/p>\n<p style=\"text-align: justify;\">Nelle settimane successive, alcuni mezzi demoni ed alcuni Toro Alce iniziarono a parlare di Portali Magici avvistati nella Foresta al di fuori della Rocca. Tanta Hagara invi\u00f2 spedizioni per poterne prendere possesso, e alla fine individu\u00f2 un luogo di potere da cui avrebbe potuto controllare tutti quei Portali. Assembl\u00f2 un esercito di pi\u00f9 di 100 Cambion e Tanarukka, e oltre 400 Toro Alce, e li condusse personalmente all&#8217;attacco. Teschio Nero faceva parte di questa spedizione.<br \/>\nA circa mezza giornata di cammino dall\u2019obiettivo, un boato assordante risuon\u00f2 nella Grande Foresta, seguito immediatamente da un silenzio assoluto, che assorb\u00ec in modo innaturale l\u2019eco del rombo iniziale. Il suono, e il silenzio, provenivano dalle spalle di Teschio Nero: da Hellgate Keep.<br \/>\nIl silenzio dur\u00f2 solo alcuni attimi per\u00f2. L\u2019esercito di Hagara fu immediatamente attaccato da ogni lato: gli alberi stessi iniziarono a falcidiare umani e demoni, e magie mai viste decimarono le fila di Hagara, con il potere dei fulmini e del ghiaccio, magie che la sciamana-strega non riusciva a ostacolare in alcun modo.<br \/>\nTeschio Nero fu colpito in pieno da un cono di ghiaccio che congel\u00f2 i suoi compagni, ma sopravvisse grazie ai propri stivali incantati e alle magie concesse dal Toro Alce, e fugg\u00ec nella Foresta.<\/p>\n<p style=\"text-align: justify;\">Nel corso dell\u2019ultimo anno, ha vissuto isolato, evitando le altre trib\u00f9 Uthgardt, vessate da anni dal clan corrotto di Toro Alce; &nbsp;ha contatti limitati con le creature della foresta, che diffidano di lui in quanto Toro Alce, ed alcune di esse potrebbero ancora attaccarlo a vista per quanto ne sa.<br \/>\nNon ha avuto pi\u00f9 alcun contatto con la propria trib\u00f9, ma ha saputo da un satiro che il clan del Toro Alce non esiste pi\u00f9, \u00e8 stato completamente annientato nell&#8217;attacco da cui lui \u00e8 fuggito.<br \/>\nPer quanto ci si possa fidare di un satiro\u2026<\/p>\n<p style=\"text-align: justify;\"><span style=\"color: #ff0000;\"><strong>Note:<\/strong><\/span><br \/>\nTeschio Nero non ha mai indossato armature pi\u00f9 pesanti di una corazza di cuoio (in effetti, una pelliccia). Usualmente mostrare il petto nudo sotto una pelliccia aperta significa onorare il proprio ruolo nel clan. Fino ad oggi la vergogna e la corruzione spirituale della strega non permettevano a Teschio Nero di riflettere lucidamente, ma ora che pu\u00f2 prendere interamente atto di aver fatto parto di un clan corrotto, potrebbe scegliere di coprirlo. Oppure potrebbe diventare il nuovo capo del clan.<br \/>\nSe rimanessero superstiti? E Tanta Hagara che fine ha fatto? E il Toro Alce potr\u00e0 mai essere perdonato dai capi degli altri clan?<\/p>\n<p style=\"text-align: justify;\"><strong><span style=\"color: #ff0000;\">Teschio Nero dopo la sconfitta di <a class=\"wp-live-preview\" href=\"https:\/\/www.manq.it\/waterdeep\/wp-content\/\/gallery\/\/png\/Shradin-Mulophor.jpg\" target=\"_blank\" rel=\"noopener\">Shradin<\/a>:<\/span><\/strong><br \/>\nDopo aver salvato Waterdeep insieme ai suoi compagni, Teschio Nero \u00e8 divenuto un eroe per la citt\u00e0. Egli per\u00f2 non ha mai dimenticato la sua trib\u00f9 e cos\u00ec, sfruttando la gloria e la riconoscenza dei waterdaviani, si accord\u00f2 con <a class=\"wp-live-preview\" href=\"https:\/\/www.manq.it\/waterdeep\/wp-content\/\/gallery\/\/png\/Piergeiron-the-Paladinson.jpg\" target=\"_blank\" rel=\"noopener\">Lord Piergeiron<\/a> e le alte cariche di Waterdeep per portare in citt\u00e0 tutti i superstiti della trib\u00f9 del Toro Alce. Sfruttando la ricostruzione venne cos\u00ec fondato un piccolo quartiere cittadino dedicato al popolo di Teschio Nero, dove le leggi della Citt\u00e0 degli Splendori vigevano in maniera leggermente meno rigida, ma dove ogni cittadino era benvenuto. Teschio Nero, il cui vero nome \u00e8 Trund, suggell\u00f2 questo accordo sposando un&#8217;anziana lady di una delle nobili famiglie della citt\u00e0 e prendendo in gestione la gilda dei conciatori. Essendo la poligamia concessa nella tradizione del Toro Alce, Trund ebbe anche un&#8217;altra giovane e prosperosa moglie appartenente alla trib\u00f9 e capace di donargli un primogenito maschio e diversi altri figli. Alcune malelingue sostengono abbia anche avuto una relazione extra coniugale con <a class=\"wp-live-preview\" href=\"https:\/\/www.manq.it\/waterdeep\/wp-content\/\/gallery\/\/png\/Asper.jpg\" target=\"_blank\" rel=\"noopener\">la moglie di Mirt l&#8217;Usuraio<\/a>.<br \/>\nPer gli anni che gli rimasero, Teschio Nero visse in prosperit\u00e0 in mezzo alla sua gente, come il Principe che in cuor suo ha sempre saputo di essere.<\/p>\n","protected":false},"excerpt":{"rendered":"<p>SCHEDA DEL PERSONAGGIO Teschio Nero ricorda bene Tanta Hagara, poich\u00e9 per tutta la vita ella fu il punto di riferimento principale per lui e per tutta la trib\u00f9 del Toro Alce. Tanta Hagara giunse nella trib\u00f9 quando Trund aveva da poco superato il rito di passaggio, circa 35 anni fa. Egli era un giovane sciamano, e ricorda ancora la fitta &hellip; <a class=\"meta-nav\" href=\"https:\/\/www.manq.it\/waterdeep\/?page_id=1585\">Continue reading &rarr;<\/a><\/p>\n","protected":false},"author":5,"featured_media":0,"parent":0,"menu_order":0,"comment_status":"closed","ping_status":"closed","template":"","meta":{"ngg_post_thumbnail":0,"footnotes":""},"class_list":["post-1585","page","type-page","status-publish","hentry"],"_links":{"self":[{"href":"https:\/\/www.manq.it\/waterdeep\/index.php?rest_route=\/wp\/v2\/pages\/1585","targetHints":{"allow":["GET"]}}],"collection":[{"href":"https:\/\/www.manq.it\/waterdeep\/index.php?rest_route=\/wp\/v2\/pages"}],"about":[{"href":"https:\/\/www.manq.it\/waterdeep\/index.php?rest_route=\/wp\/v2\/types\/page"}],"author":[{"embeddable":true,"href":"https:\/\/www.manq.it\/waterdeep\/index.php?rest_route=\/wp\/v2\/users\/5"}],"replies":[{"embeddable":true,"href":"https:\/\/www.manq.it\/waterdeep\/index.php?rest_route=%2Fwp%2Fv2%2Fcomments&post=1585"}],"version-history":[{"count":7,"href":"https:\/\/www.manq.it\/waterdeep\/index.php?rest_route=\/wp\/v2\/pages\/1585\/revisions"}],"predecessor-version":[{"id":2544,"href":"https:\/\/www.manq.it\/waterdeep\/index.php?rest_route=\/wp\/v2\/pages\/1585\/revisions\/2544"}],"wp:attachment":[{"href":"https:\/\/www.manq.it\/waterdeep\/index.php?rest_route=%2Fwp%2Fv2%2Fmedia&parent=1585"}],"curies":[{"name":"wp","href":"https:\/\/api.w.org\/{rel}","templated":true}]}}