{"id":21,"date":"2013-07-26T15:12:37","date_gmt":"2013-07-26T13:12:37","guid":{"rendered":"http:\/\/www.manq.it\/waterdeep\/?page_id=21"},"modified":"2020-12-15T17:23:05","modified_gmt":"2020-12-15T16:23:05","slug":"la-storia-di-waterdeep","status":"publish","type":"page","link":"https:\/\/www.manq.it\/waterdeep\/?page_id=21","title":{"rendered":"La storia di Waterdeep"},"content":{"rendered":"<p align=\"justify\">L\u2019affollata Citt\u00e0 degli Splendori nacque come un semplice porto lungo la tempestosa Costa della Spada, dove pochi sono i porti per le navi. Una delle pendici di Monte Waterdeep nascondeva infatti una baia all\u2019interno della quale le acque profonde arrivavano quasi fino alla riva.<br \/>\nDella lunga storia di Waterdeep, molto \u00e8 andato perduto. Si sa che dal <strong>\u20131088 CV<\/strong> sul posto hanno avuto i primi commerci primaverili ed autunnali. Le trib\u00f9 lentamente si sono fermate, hanno cominciato a coltivare la terra e inevitabilmente a combattere per il suo possesso. In seguito \u00e8 arrivato il mago <a class=\"wp-live-preview\" href=\"https:\/\/www.manq.it\/waterdeep\/wp-content\/gallery\/protagonisti-della-storia-di-waterdeep\/Halaster.jpg\" target=\"_blank\" rel=\"noopener\">Halaster<\/a>, che ha costruito una sua torre per poi abbandonarla e spostarsi a Sottomonte.<br \/>\nLe trib\u00f9 locali vennero sconfitte e riunite da <a class=\"wp-live-preview\" href=\"https:\/\/www.manq.it\/waterdeep\/wp-content\/gallery\/protagonisti-della-storia-di-waterdeep\/Ulbaerag-Bloodhand.jpg\" target=\"_blank\" rel=\"noopener\">Ulbaerag Bloodhand<\/a>, che a sua volta fu sconfitto da <a class=\"wp-live-preview\" href=\"https:\/\/www.manq.it\/waterdeep\/wp-content\/gallery\/protagonisti-della-storia-di-waterdeep\/Nimoar-il-Razziatore.jpg\" target=\"_blank\" rel=\"noopener\">Nimoar il Razziatore<\/a> nell\u2019<strong>882 CV<\/strong>. <a class=\"wp-live-preview\" href=\"https:\/\/www.manq.it\/waterdeep\/wp-content\/gallery\/protagonisti-della-storia-di-waterdeep\/Nimoar-il-Razziatore.jpg\" target=\"_blank\" rel=\"noopener\">Nimoar<\/a> costru\u00ec una fortezza permanente circondata da una palizzata di legno nel luogo in cui al giorno d\u2019oggi si trova l\u2019estremit\u00e0 settentrionale di Waterdeep, e resistette sia alle incursioni dei pirati che a quelle delle altre trib\u00f9. Prima della sua morte, avvenuta nel <strong>936 CV<\/strong>, <a class=\"wp-live-preview\" href=\"https:\/\/www.manq.it\/waterdeep\/wp-content\/gallery\/protagonisti-della-storia-di-waterdeep\/Nimoar-il-Razziatore.jpg\" target=\"_blank\" rel=\"noopener\">Nimoar<\/a> guid\u00f2 i suoi guerrieri nella Prima Guerra dei Troll, liberando da troll e orchi le terre a est e a nord della citt\u00e0 che cresceva. In seguito i \u201cSignori della Guerra della Rocca\u201d combatterono e caddero nella Seconda Guerra dei Troll, che dur\u00f2 dieci anni.<\/p>\n<p align=\"justify\">Nel <strong>952 CV<\/strong>, il mago <a class=\"wp-live-preview\" href=\"https:\/\/www.manq.it\/waterdeep\/wp-content\/gallery\/protagonisti-della-storia-di-waterdeep\/Ahghairon.jpg\" target=\"_blank\" rel=\"noopener\">Ahghairon<\/a> divenne consigliere personale del Signore della Guerra di Waterdeep. Le sue arti magiche portarono i troll alla sconfitta. La Citt\u00e0 Libera di Waterdeep crebbe in dimensioni e ricchezza, e sotto la saggia guida di <a class=\"wp-live-preview\" href=\"https:\/\/www.manq.it\/waterdeep\/wp-content\/gallery\/protagonisti-della-storia-di-waterdeep\/Ahghairon.jpg\" target=\"_blank\" rel=\"noopener\">Ahghairon<\/a> venne costruito il Castello di Waterdeep (allora una semplice fortezza). Con il tempo, la ricchezza e la crescita di Waterdeep resero i suoi regnanti troppo audaci. Cos\u00ec si sentiva <a class=\"wp-live-preview\" href=\"https:\/\/www.manq.it\/waterdeep\/wp-content\/gallery\/protagonisti-della-storia-di-waterdeep\/Raurlor.jpg\" target=\"_blank\" rel=\"noopener\">Raurlor<\/a>, che sognava di fondare un \u201cImpero del Nord\u201d, con Waterdeep capitale e lui stesso al trono.<\/p>\n<p align=\"justify\">Nel <strong>1032 CV<\/strong> <a class=\"wp-live-preview\" href=\"https:\/\/www.manq.it\/waterdeep\/wp-content\/gallery\/protagonisti-della-storia-di-waterdeep\/Raurlor.jpg\" target=\"_blank\" rel=\"noopener\">Raurlor<\/a> radun\u00f2 un esercito per sconfiggere chiunque si fosse posto sulla sua strada. <a class=\"wp-live-preview\" href=\"https:\/\/www.manq.it\/waterdeep\/wp-content\/gallery\/protagonisti-della-storia-di-waterdeep\/Ahghairon.jpg\" target=\"_blank\" rel=\"noopener\">Ahghairon<\/a> lo sfid\u00f2 nel corso di un\u2019assemblea pubblica. <a class=\"wp-live-preview\" href=\"https:\/\/www.manq.it\/waterdeep\/wp-content\/gallery\/protagonisti-della-storia-di-waterdeep\/Raurlor.jpg\" target=\"_blank\" rel=\"noopener\">Raurlor<\/a>, infuriato, attacc\u00f2 il mago con la sua spada, ma <a class=\"wp-live-preview\" href=\"https:\/\/www.manq.it\/waterdeep\/wp-content\/gallery\/protagonisti-della-storia-di-waterdeep\/Ahghairon.jpg\" target=\"_blank\" rel=\"noopener\">Ahghairon<\/a> la trasform\u00f2 in un serpente che morse il signore di Waterdeep e lo uccise. <a class=\"wp-live-preview\" href=\"https:\/\/www.manq.it\/waterdeep\/wp-content\/gallery\/protagonisti-della-storia-di-waterdeep\/Ahghairon.jpg\" target=\"_blank\" rel=\"noopener\">Ahghairon<\/a> a questo punto reclam\u00f2 il trono e si proclam\u00f2 Primo Lord di Waerdeep. <a class=\"wp-live-preview\" href=\"https:\/\/www.manq.it\/waterdeep\/wp-content\/gallery\/protagonisti-della-storia-di-waterdeep\/Ahghairon.jpg\" target=\"_blank\" rel=\"noopener\">Ahghairon<\/a> decret\u00f2 che avrebbe regnato come pari di altri Lord Mascherati, le cui identit\u00e0 sarebbero dovute rimanere segrete, scelti fra gli abitanti di Waterdeep di ogni classe sociale.<\/p>\n<p align=\"justify\"><a class=\"wp-live-preview\" href=\"https:\/\/www.manq.it\/waterdeep\/wp-content\/gallery\/protagonisti-della-storia-di-waterdeep\/Ahghairon.jpg\" target=\"_blank\" rel=\"noopener\">Ahghairon<\/a> port\u00f2 l\u2019ordine a Waterdeep, fondando la Guardia e la Vigilanza Cittadina. Regn\u00f2 per 200 anni, durante i quali la citt\u00e0 crebbe in dimensioni e prosperit\u00e0. I quartieri della citt\u00e0 furono stabiliti nel <strong>1035 CV<\/strong>, le gilde nel <strong>1248 CV<\/strong>. La citt\u00e0 allarg\u00f2 diverse volte la cinta muraria, e il flusso di ricchezze non diminu\u00ec nel corso degli anni.<\/p>\n<p align=\"justify\">Nel <strong>1256 CV<\/strong>, la longevit\u00e0 magica di <a class=\"wp-live-preview\" href=\"https:\/\/www.manq.it\/waterdeep\/wp-content\/gallery\/protagonisti-della-storia-di-waterdeep\/Ahghairon.jpg\" target=\"_blank\" rel=\"noopener\">Ahghairon<\/a> ebbe fine, ed egli mor\u00ec. Fu il Consiglio dei Maestri di Gilda a prendere il potere fino alla Guerra delle Gilde nel <strong>1262 CV<\/strong>, nella quale tutti i Maestri della Gilda morirono, tranne due. Questi si proclamarono i Due Lord Magister. Durante il loro regno i Ladri dell\u2019Ombra poterono insediarsi in citt\u00e0. Si diffusero l\u2019illegalit\u00e0 e la corruzione, e la sicurezza poteva essere comprata solo in forma di guardie del corpo.<\/p>\n<p align=\"justify\">Nel <strong>1273 CV<\/strong> vennero allo scoperto due Lord scomparsi da molto tempo, <a class=\"wp-live-preview\" href=\"https:\/\/www.manq.it\/waterdeep\/wp-content\/gallery\/protagonisti-della-storia-di-waterdeep\/Baeron.png\" target=\"_blank\" rel=\"noopener\">Baeron<\/a> e <a class=\"wp-live-preview\" href=\"https:\/\/www.manq.it\/waterdeep\/wp-content\/gallery\/protagonisti-della-storia-di-waterdeep\/Shilarn.jpg\" target=\"_blank\" rel=\"noopener\">Shilarn<\/a>, che uccisero i due Lord Magister. Gettarono poi le fondamenta dell\u2019attuale sistema di giustizia, in cui i magister fungono da giudici. I Ladri dell\u2019Ombra furono messi fuorilegge, <a class=\"wp-live-preview\" href=\"https:\/\/www.manq.it\/waterdeep\/wp-content\/gallery\/protagonisti-della-storia-di-waterdeep\/Baeron.png\" target=\"_blank\" rel=\"noopener\">Baeron<\/a> si proclam\u00f2 Lord Svelato di Waterdeep, e la popolazione permanente di Waterdeep soggetta a tassazione arriv\u00f2 alle centomila persone.<\/p>\n<p align=\"justify\">Tre anni dopo <a class=\"wp-live-preview\" href=\"https:\/\/www.manq.it\/waterdeep\/wp-content\/gallery\/protagonisti-della-storia-di-waterdeep\/Baeron.png\" target=\"_blank\" rel=\"noopener\">Baeron<\/a> e <a class=\"wp-live-preview\" href=\"https:\/\/www.manq.it\/waterdeep\/wp-content\/gallery\/protagonisti-della-storia-di-waterdeep\/Shilarn.jpg\" target=\"_blank\" rel=\"noopener\">Shilarn<\/a> ebbero una figlia, <a class=\"wp-live-preview\" href=\"https:\/\/www.manq.it\/waterdeep\/wp-content\/gallery\/protagonisti-della-storia-di-waterdeep\/Lhestyn.png\" target=\"_blank\" rel=\"noopener\">Lhestyn<\/a>. Nello stesso anno la citt\u00e0 raggiunse le dimensioni attuali, e i ranghi dei Lord diventarono sedici. Agendo come Lady Mascherata, <a class=\"wp-live-preview\" href=\"https:\/\/www.manq.it\/waterdeep\/wp-content\/gallery\/protagonisti-della-storia-di-waterdeep\/Lhestyn.png\" target=\"_blank\" rel=\"noopener\">Lhestyn<\/a> si infiltr\u00f2 all\u2019interno dei Ladri dell\u2019Ombra che operavano ancora in citt\u00e0, smascherandoli e minando il loro potere. Nel <strong>1308 CV<\/strong> <a class=\"wp-live-preview\" href=\"https:\/\/www.manq.it\/waterdeep\/wp-content\/gallery\/protagonisti-della-storia-di-waterdeep\/Baeron.png\" target=\"_blank\" rel=\"noopener\">Baeron<\/a> e <a class=\"wp-live-preview\" href=\"https:\/\/www.manq.it\/waterdeep\/wp-content\/gallery\/protagonisti-della-storia-di-waterdeep\/Shilarn.jpg\" target=\"_blank\" rel=\"noopener\">Shilarn<\/a> morirono. <a class=\"wp-live-preview\" href=\"https:\/\/www.manq.it\/waterdeep\/wp-content\/gallery\/protagonisti-della-storia-di-waterdeep\/Lhestyn.png\" target=\"_blank\" rel=\"noopener\">Lady Lhestyn<\/a> divenne Lord Svelata e venne costruito il palazzo di Waterdeep.<\/p>\n<p align=\"justify\">Alla morte di <a class=\"wp-live-preview\" href=\"https:\/\/www.manq.it\/waterdeep\/wp-content\/gallery\/protagonisti-della-storia-di-waterdeep\/Lhestyn.png\" target=\"_blank\" rel=\"noopener\">Lhestyn<\/a> nel <strong>1314 CV<\/strong> il suo successore prescelto, <a class=\"wp-live-preview\" href=\"https:\/\/www.manq.it\/waterdeep\/wp-content\/gallery\/protagonisti-della-storia-di-waterdeep\/Piergeiron-the-Paladinson.jpg\" target=\"_blank\" rel=\"noopener\">Piergeiron<\/a>, divenne Lord Svelato. Al giorno d\u2019oggi il suo regno continua, anche se sta crescendo sua figlia, <a class=\"wp-live-preview\" href=\"https:\/\/www.manq.it\/waterdeep\/wp-content\/gallery\/protagonisti-della-storia-di-waterdeep\/Aleena.jpg\" target=\"_blank\" rel=\"noopener\">Aleena Paladinstar<\/a>, affinch\u00e8 prenda il suo posto.<\/p>\n<p align=\"justify\">Gli eroi locali sono tuttora <a class=\"wp-live-preview\" href=\"https:\/\/www.manq.it\/waterdeep\/wp-content\/gallery\/protagonisti-della-storia-di-waterdeep\/Khelben_Arunsun.jpg\" target=\"_blank\" rel=\"noopener\">Khelben Arunsun<\/a> e la sua signora <a class=\"wp-live-preview\" href=\"https:\/\/www.manq.it\/waterdeep\/wp-content\/gallery\/protagonisti-della-storia-di-waterdeep\/Laeral.jpg\" target=\"_blank\" rel=\"noopener\">Laeral Silverhand<\/a> delle Sette Sorelle.<\/p>\n<p><span style=\"color: #ff0000;\"><b>EVENTI RECENTI:<\/b><\/span><\/p>\n<p align=\"justify\"><strong>1358 CV<\/strong>: Tempo dei Disordini o Crisi degli Avatar \u2013 le Legioni di Myrkul guidate dal suo avatar invadono Waterdeep, danneggiando i Quartieri del Porto, del Castello, Sud e Commerciale. Mystra e Cyric ascendono alla Divinit\u00e0 dalle pendici del Monte Waterdeep, e molti odono la voce di Ao nel Quartiere Commerciale.<\/p>\n<p align=\"justify\"><strong>1361 CV<\/strong>: navi di Amn scoprono Maztica, un continente lontano.<\/p>\n<p align=\"justify\"><strong>1364 CV<\/strong>: un bardo pazzo ed un drago verde combattono in citt\u00e0 e corre voce che provochino una crisi momentanea nel Consiglio dei Lord.<\/p>\n<p align=\"justify\"><strong>1367 CV<\/strong>: <a class=\"wp-live-preview\" href=\"https:\/\/www.manq.it\/waterdeep\/wp-content\/gallery\/protagonisti-della-storia-di-waterdeep\/Khelben_Arunsun.jpg\" target=\"_blank\" rel=\"noopener\">Khelben Arunsun<\/a>, detto \u201cBastone Nero\u201d, svela di essere un Lord e si dimette da tale.<\/p>\n<p align=\"justify\"><strong>1368 CV<\/strong>: molti giovani Waterdhaviani si arruolano nell\u2019esercito di Restaurazione della monarchia del Tethyr.<\/p>\n<p align=\"justify\"><strong>1369 CV<\/strong>: un attacco di sahuagin mette a ferro e fuoco i Quartieri del Porto e del Mare \u2013 si ritiene che alcuni sahuagin sfuggiti alla Guardia siano tuttora nelle fogne. Nello stesso anno, per circa 72 ore sono apparsi qua e l\u00e0 per la citt\u00e0 diversi mostri, che hanno impegnato la Guardia e le Mani Grigie.<\/p>\n<p align=\"justify\"><strong>1370 CV<\/strong>: questa storia ha inizio nell\u2019Anno del Boccale, il primo giorno di Hammer.<\/p>\n<p align=\"justify\">Nonostante tutto, la citt\u00e0 \u00e8 sempre riuscita a tirare avanti in mezzo a mille avversit\u00e0, rimanendo un luogo estremamente attivo e una sorgente di eccitazione, vitalit\u00e0, rischi, chiacchiere e avventure.<\/p>\nngg_shortcode_0_placeholder\n<h6 style=\"text-align: justify;\"><em>Nota: le immagini qui riportate sono state prese da google e ricaricate per comodit\u00e0 sul server del sito. <strong>Non sono di mia propriet\u00e0<\/strong>. Qualora il proprietario di una di queste immagini ritenesse improprio l&#8217;uso che ne sto facendo, <a href=\"mailto:manq.hsp@libero.it?subject=Richiesta di rimozione immagine dal sito WATERDEEP\">lo segnali<\/a> e l&#8217;immagine verr\u00e0 immediatamente rimossa. Colgo l&#8217;occasione per ringraziare tutti gli autori e complimentarmi per il loro operato.<\/em><\/h6>\n","protected":false},"excerpt":{"rendered":"<p>L\u2019affollata Citt\u00e0 degli Splendori nacque come un semplice porto lungo la tempestosa Costa della Spada, dove pochi sono i porti per le navi. Una delle pendici di Monte Waterdeep nascondeva infatti una baia all\u2019interno della quale le acque profonde arrivavano quasi fino alla riva. Della lunga storia di Waterdeep, molto \u00e8 andato perduto. Si sa che dal \u20131088 CV sul &hellip; <a class=\"meta-nav\" href=\"https:\/\/www.manq.it\/waterdeep\/?page_id=21\">Continue reading &rarr;<\/a><\/p>\n","protected":false},"author":2,"featured_media":0,"parent":0,"menu_order":0,"comment_status":"open","ping_status":"open","template":"","meta":{"ngg_post_thumbnail":0,"footnotes":""},"class_list":["post-21","page","type-page","status-publish","hentry"],"_links":{"self":[{"href":"https:\/\/www.manq.it\/waterdeep\/index.php?rest_route=\/wp\/v2\/pages\/21","targetHints":{"allow":["GET"]}}],"collection":[{"href":"https:\/\/www.manq.it\/waterdeep\/index.php?rest_route=\/wp\/v2\/pages"}],"about":[{"href":"https:\/\/www.manq.it\/waterdeep\/index.php?rest_route=\/wp\/v2\/types\/page"}],"author":[{"embeddable":true,"href":"https:\/\/www.manq.it\/waterdeep\/index.php?rest_route=\/wp\/v2\/users\/2"}],"replies":[{"embeddable":true,"href":"https:\/\/www.manq.it\/waterdeep\/index.php?rest_route=%2Fwp%2Fv2%2Fcomments&post=21"}],"version-history":[{"count":14,"href":"https:\/\/www.manq.it\/waterdeep\/index.php?rest_route=\/wp\/v2\/pages\/21\/revisions"}],"predecessor-version":[{"id":2537,"href":"https:\/\/www.manq.it\/waterdeep\/index.php?rest_route=\/wp\/v2\/pages\/21\/revisions\/2537"}],"wp:attachment":[{"href":"https:\/\/www.manq.it\/waterdeep\/index.php?rest_route=%2Fwp%2Fv2%2Fmedia&parent=21"}],"curies":[{"name":"wp","href":"https:\/\/api.w.org\/{rel}","templated":true}]}}