{"id":217,"date":"2013-09-18T01:25:08","date_gmt":"2013-09-17T23:25:08","guid":{"rendered":"http:\/\/www.manq.it\/waterdeep\/?page_id=217"},"modified":"2020-12-15T17:18:57","modified_gmt":"2020-12-15T16:18:57","slug":"aethimir","status":"publish","type":"page","link":"https:\/\/www.manq.it\/waterdeep\/?page_id=217","title":{"rendered":"Aethimir Tanagathor"},"content":{"rendered":"<p style=\"text-align: justify;\"><img decoding=\"async\" class=\"alignleft\" title=\"Aethimir\" src=\"https:\/\/www.manq.it\/waterdeep\/wp-content\/uploads\/one_face_across_the_races___elf_by_syntia13-d5hkzsj.png\"><strong><a href=\"https:\/\/www.manq.it\/waterdeep\/wp-content\/uploads\/Scheda-di-Aethimir.pdf\" target=\"_blank\" rel=\"noopener\">SCHEDA DEL PERSONAGGIO<\/a><\/strong><\/p>\n<p style=\"text-align: justify;\">Aethimir Tanagathor \u00e8 un giovane mezzelfo, nato nella citt\u00e0 di Proskur nell\u2019anno 1349. Suo padre <a class=\"wp-live-preview\" href=\"https:\/\/www.manq.it\/waterdeep\/wp-content\/gallery\/png\/Padre-Aethimir.jpg\" target=\"_blank\" rel=\"noopener\">Laerthas<\/a> \u00e8 un diplomatico elfico, carica che lo porta a viaggiare parecchio, sempre in compagnia di sua moglie <a class=\"wp-live-preview\" href=\"https:\/\/www.manq.it\/waterdeep\/wp-content\/gallery\/png\/eleonore.jpg\" target=\"_blank\" rel=\"noopener\">Eleonore<\/a>. Nel 1351 la donna muore a causa di una malattia contratta a Baldur\u2019s Gate. Anche Laerthas si ammala, ma in forma pi\u00f9 lieve. Nel 1352 padre e figlio giungono a Waterdeep per stringere un patto con <a class=\"wp-live-preview\" href=\"https:\/\/www.manq.it\/waterdeep\/wp-content\/gallery\/png\/Lord-Denthar.jpg\" target=\"_blank\" rel=\"noopener\">Lord Denthar Ruldegost<\/a>. Le condizioni di salute di Laerthas peggiorano. Lord Denthar lo accoglie nella sua casa, gli mette a disposizione i migliori medici. Ma ci\u00f2 non basta e nel 1361 l\u2019elfo spira. Aethimir si stabilisce definitivamente a villa Ruldegost, cosa che gli garantisce un futuro.<\/p>\n<p style=\"text-align: justify;\"><span style=\"color: #ff0000;\"><strong>Carattere:<\/strong><\/span><br \/>\nIl retaggio elfico e la discendenza umana si contrappongono in Aethimir. Di giorno il ragazzo \u00e8 molto gioviale, spensierato, con tanta voglia di fare. Dopo il tramonto, se il suo lato emotivo viene risvegliato da uno stimolo esterno (potrebbe essere una luna particolarmente bella, una frase che arriva al cuore o qualsiasi altra cosa) Aethimir si chiude in se stesso, struggendosi nella malinconia e in tristi pensieri.<br \/>\nHa una naturale predisposizione all\u2019arte, ama il bello ed ha un gusto estetico ben definito.<\/p>\n<p style=\"text-align: justify;\"><span style=\"color: #ff0000;\"><strong>Doti:<\/strong><\/span><br \/>\nAethimir ha un\u2019agilit\u00e0 fuori dal comune. Questa caratteristica influenza sia i suoi movimenti, sia le sue abilit\u00e0 manuali. E\u2019 esperto nel nascondersi e nel muoversi senza farsi notare. Inoltre \u00e8 capace di aprire porte chiuse a chiave e se volesse sarebbe in grado di impossessarsi dei borsellini altrui (cosa che non farebbe mai se non in circostanze particolari).<br \/>\nAethimir \u00e8 anche molto bello. Sa di esserlo e gli piace sentirselo dire. Spesso ha avventure fugaci con umane che rientrano nei suoi canoni estetici. Non \u00e8 intenzionato per\u00f2 a creare legami, forse perch\u00e9 oltre al piacere della conquista in s\u00e9, ha la necessit\u00e0 di sentire l\u2019apprezzamento dal maggior numero di persone.<\/p>\n<p style=\"text-align: justify;\"><strong><span style=\"color: #ff0000;\">Difetti:<\/span><\/strong><br \/>\nAethimir ha una scarsa capacit\u00e0 di concentrazione. Basta pochissimo tempo passato a porre l\u2019attenzione su di una cosa perch\u00e9 intervenga la noia. Spesso ci\u00f2 lo porta ad intraprendere altre attivit\u00e0 ed ad abbandonare quella originale. Proprio per questo spesso agisce d\u2019impulso, affidandosi al volere di Tymora che afferma \u201cIniziate a fare, l\u2019aiuto di Tymora giunger\u00e0 in soccorso\u201d.<br \/>\nInoltre se con le umane si sente affascinante e sicuro di se, con le elfe il discorso \u00e8 radicalmente opposto. In loro vede le creature perfette. Questo lo porta a sentirsi inadeguato ed a sentire il peso del suo lignaggio non propriamente puro.<\/p>\n<p style=\"text-align: justify;\"><strong><span style=\"color: #ff0000;\">Note:<\/span><\/strong><br \/>\nAethimir \u00e8 un fedele di Tymora. In lui alberga lo spirito intraprendente e forse un po\u2019 incosciente. Rispetta Mielikki, sebbene non sia prettamente un suo seguace, e Sune, di cui apprezza le fedeli.<\/p>\n<p style=\"text-align: justify;\"><strong><span style=\"color: #ff0000;\">Il racconto di Lady Kara ad Aethimir:<\/span><\/strong><br \/>\nDurante il <a href=\"https:\/\/www.manq.it\/waterdeep\/?p=857\" target=\"_blank\" rel=\"noopener\">XVII giorno<\/a> di Hammer, <a class=\"wp-live-preview\" href=\"https:\/\/www.manq.it\/waterdeep\/wp-content\/gallery\/png\/Kara.jpg\" target=\"_blank\" rel=\"noopener\">Lady Kara<\/a> e la sua cameriera personale <a class=\"wp-live-preview\" href=\"https:\/\/www.manq.it\/waterdeep\/wp-content\/gallery\/png\/Athilanna.jpg\" target=\"_blank\" rel=\"noopener\">Hathilanna<\/a> hanno convocato Aethimir per rivelargli alcuni dettagli sulla dipartita di suo padre Laerthas. Qui di seguito \u00e8 riportato&nbsp;il racconto di Lady Kara.<\/p>\n<p style=\"text-align: justify;\"><em>Tuo padre, il nobile Laerthas Moonweather, ti ha voluto molto bene.<\/em><br \/>\n<em>Ha ottenuto che tu crescessi in questa casa&nbsp;finch\u00e9&nbsp;non fossi abbastanza maturo da intraprendere la&nbsp;tua&nbsp;<\/em><em>propria via nel mondo. Nel fare questo, tuttavia, cre\u00f2 anche una bolla protettiva intorno a te, tenendoti&nbsp;<\/em><em>all\u2019oscuro di alcuni aspetti della sua vita.<\/em><br \/>\n<em>Se questa sia stata una buona idea o meno, non sta a me giudicare, cos\u00ec come non sono in grado di&nbsp;<\/em><em>giudicare se tu sia adeguatamente maturo, secondo gli standard che furono di tuo padre.<\/em><br \/>\n<em>Credo tuttavia che sia giunto il momento di dirti tutto, e che tu viva la tua vita e vada incontro al tuo&nbsp;<\/em><em>destino, qualunque esso sia.<\/em><br \/>\n<em>Credo che tuo padre ti abbia spiegato che il motivo per cui lasci\u00f2 il Cormanthor era il suo sconforto di&nbsp;<\/em><em>fronte alla crescente presenza degli uomini in quei boschi.&nbsp;<\/em><em>Persino io, con la scarsa conoscenza dei modi degli elfi, la considero una scusa debole. Immagino che&nbsp;<\/em><em>anche tu negli anni ti sia chiesto precisamente cosa successe in quel tempo, circa 200 anni or sono.&nbsp;<\/em><em>Riporter\u00f2 ci\u00f2 che tuo padre mi confid\u00f2 nel corso della sua permanenza in questa casa, quando la&nbsp;<\/em><em>nostra conoscenza divenne man mano amicizia; Hathilanna, qui presente, conosce ogni dettaglio,&nbsp;<\/em><em>poich\u00e9 fu anch\u2019ella quasi un\u2019amica per Laerthas in quei nove anni.<\/em><br \/>\n<em>Innanzitutto, devi sapere che tuo padre non era originario di Cormanthor.&nbsp;<\/em><em>Mi spieg\u00f2 che la casata Moonweather era molto influente nel Bosco della Luna, secoli fa; credo avesse&nbsp;<\/em><em>dei gradi di nobilt\u00e0, anche se l\u2019umilt\u00e0 di Laerthas non mi ha mai permesso di capirlo per certo.<\/em><br \/>\n<em>Tuo padre aveva un fratello, <a class=\"wp-live-preview\" href=\"https:\/\/www.manq.it\/waterdeep\/wp-content\/gallery\/png\/Taerntym.jpg\" target=\"_blank\" rel=\"noopener\">Taerntym<\/a>. Lo descriveva come un uomo di sentimento nobile, ma molto&nbsp;<\/em><em>severo. La principale differenza tra i due, a quanto mi \u00e8 dato di capire, era la compassione, cos\u00ec&nbsp;<\/em><em>profonda in tuo padre.<\/em><br \/>\n<em>Verso la fine del nono secolo del Calendario delle Valli, i due fratelli ebbero un profondo screzio in&nbsp;<\/em><em>merito ad una vicenda che avvenne a Silverymoon, nella quale un umano fu decapitato pubblicamente&nbsp;<\/em><em>contro la volont\u00e0 di Laerthas, ma con il beneplacito di Taerntym. Non che i due vivessero a&nbsp;<\/em><em>Silverymoon, beninteso, ma la loro famiglia aveva una certa influenza, come dicevo. Ad ogni modo,&nbsp;<\/em><em>Laerthas fu profondamente deluso dalla decisione di tuo zio, ma decise non non opporglisi&nbsp;<\/em><em>pubblicamente, per non disonorare la Casata.&nbsp;<\/em><em>Invece, si autoesili\u00f2, e se ne and\u00f2 in Cormanthor. Taerntym consider\u00f2 tuo padre un traditore del clan, e&nbsp;<\/em><em>da allora i due fratelli non si parlarono pi\u00f9.<\/em><br \/>\n<em>Il resto della storia probabilmente lo conosci.<\/em><br \/>\n<em>Qui terminano le volont\u00e0 di tuo padre.&nbsp;<\/em><em>Tuttavia, c\u2019\u00e8 un\u2019altra cosa che desidero raccontarti e anche Hathilanna \u00e8 d\u2019accordo.<\/em><br \/>\n<em>Si tratta di una visita che Laerthas ricevette sul letto di morte.&nbsp;<\/em><em>Ella venne celando la propria identit\u00e0 eccetto che a me, e fui io stessa a condurla stanza di Laerthas,&nbsp;<\/em><em>lasciandovela da sola. Hathilanna era l\u2019unica altra persona nella stanza, poich\u00e9 in quei giorni era lei a&nbsp;<\/em><em>prendersi cura di Laerthas.<\/em><br \/>\n<em>La visitatrice le si rivolse in elfico, abbassando il cappuccio, e svelando la propria identit\u00e0: era <a class=\"wp-live-preview\" href=\"https:\/\/www.manq.it\/waterdeep\/wp-content\/gallery\/png\/Laeral.jpg\" target=\"_blank\" rel=\"noopener\">Laeral<\/a>,&nbsp;<\/em><em>la consorte dell\u2019<a class=\"wp-live-preview\" href=\"https:\/\/www.manq.it\/waterdeep\/wp-content\/gallery\/png\/Khelben_Arunsun.jpg\" target=\"_blank\" rel=\"noopener\">Arcimago di Waterdeep<\/a>.<\/em><br \/>\n<em>\u201cTi prego di lasciarci soli brevemente, \u2010 disse \u2010 ti avviser\u00f2 quando potrai rientrare.\u201d<\/em><br \/>\n<em>Hathilanna usc\u00ec, ed attese per alcuni minuti nel corridoio.&nbsp;<\/em><em>Fuori dall\u2019uscio, Hathilanna colse solo pochi scambi, in elfico:<\/em><br \/>\n<em>Laeral: \u201c\u2026 Lady Alustriel\u2026 fratello\u2026 rivedervi.\u201d<\/em><br \/>\n<em>Laerthas: \u201c\u2026 pagare il mio tradimento\u2026 saluti\u2026 rammarico\u2026 citt\u00e0 umana\u2026 Chiamata ad Arvandor.\u201d<\/em><br \/>\n<em>Laeral: \u201c\u2026 aiutare, se vuoi.\u201d<\/em><br \/>\n<em>Quando la porta si riapr\u00ec, Laeral ne usc\u00ec, il cappuccio alzato ancora una volta, e rivolse alla cameriera&nbsp;<\/em><em>mezzelfa il saluto elfico utilizzato nelle occasioni tristi.<\/em><br \/>\n<em>Hathilanna entr\u00f2 nella stanza, vide il letto vuoto, le lenzuola ancora smosse, e cap\u00ec che Laerthas era&nbsp;<\/em><em>\u201cpassato ad ovest\u201d.<\/em><\/p>\n<p style=\"text-align: justify;\"><strong><span style=\"color: #ff0000;\">La morte di Aethimir:<\/span><\/strong><br \/>\nIl <a href=\"https:\/\/www.manq.it\/waterdeep\/?p=1693\" target=\"_blank\" rel=\"noopener\">giorno 20 di Mirtul, anno 372 CV<\/a>, Aethimir \u00e8 morto ad Hellgate Keep, nel tentativo fallito di imprigionare per sempre&nbsp;un demone chiamato <a class=\"wp-live-preview\" href=\"https:\/\/www.manq.it\/waterdeep\/wp-content\/gallery\/png\/Eurynomus.jpg\" target=\"_blank\" rel=\"noopener\">Eurynomus, il Divoratore di Corpi<\/a>.&nbsp;<\/p>\n","protected":false},"excerpt":{"rendered":"<p>SCHEDA DEL PERSONAGGIO Aethimir Tanagathor \u00e8 un giovane mezzelfo, nato nella citt\u00e0 di Proskur nell\u2019anno 1349. Suo padre Laerthas \u00e8 un diplomatico elfico, carica che lo porta a viaggiare parecchio, sempre in compagnia di sua moglie Eleonore. Nel 1351 la donna muore a causa di una malattia contratta a Baldur\u2019s Gate. Anche Laerthas si ammala, ma in forma pi\u00f9 lieve. &hellip; <a class=\"meta-nav\" href=\"https:\/\/www.manq.it\/waterdeep\/?page_id=217\">Continue reading &rarr;<\/a><\/p>\n","protected":false},"author":2,"featured_media":0,"parent":0,"menu_order":0,"comment_status":"open","ping_status":"open","template":"","meta":{"ngg_post_thumbnail":0,"footnotes":""},"class_list":["post-217","page","type-page","status-publish","hentry"],"_links":{"self":[{"href":"https:\/\/www.manq.it\/waterdeep\/index.php?rest_route=\/wp\/v2\/pages\/217","targetHints":{"allow":["GET"]}}],"collection":[{"href":"https:\/\/www.manq.it\/waterdeep\/index.php?rest_route=\/wp\/v2\/pages"}],"about":[{"href":"https:\/\/www.manq.it\/waterdeep\/index.php?rest_route=\/wp\/v2\/types\/page"}],"author":[{"embeddable":true,"href":"https:\/\/www.manq.it\/waterdeep\/index.php?rest_route=\/wp\/v2\/users\/2"}],"replies":[{"embeddable":true,"href":"https:\/\/www.manq.it\/waterdeep\/index.php?rest_route=%2Fwp%2Fv2%2Fcomments&post=217"}],"version-history":[{"count":20,"href":"https:\/\/www.manq.it\/waterdeep\/index.php?rest_route=\/wp\/v2\/pages\/217\/revisions"}],"predecessor-version":[{"id":2529,"href":"https:\/\/www.manq.it\/waterdeep\/index.php?rest_route=\/wp\/v2\/pages\/217\/revisions\/2529"}],"wp:attachment":[{"href":"https:\/\/www.manq.it\/waterdeep\/index.php?rest_route=%2Fwp%2Fv2%2Fmedia&parent=217"}],"curies":[{"name":"wp","href":"https:\/\/api.w.org\/{rel}","templated":true}]}}