{"id":219,"date":"2013-09-18T01:25:57","date_gmt":"2013-09-17T23:25:57","guid":{"rendered":"http:\/\/www.manq.it\/waterdeep\/?page_id=219"},"modified":"2020-12-15T17:23:36","modified_gmt":"2020-12-15T16:23:36","slug":"malcer","status":"publish","type":"page","link":"https:\/\/www.manq.it\/waterdeep\/?page_id=219","title":{"rendered":"Malcer"},"content":{"rendered":"<p style=\"text-align: justify;\"><img decoding=\"async\" class=\"alignleft\" src=\"https:\/\/www.manq.it\/waterdeep\/wp-content\/uploads\/f41cc2291e8f91dbc5f5ad2ea6d0537c-187x300.jpg\" alt=\"Malcer\"><strong><a href=\"https:\/\/www.manq.it\/waterdeep\/wp-content\/uploads\/Scheda_Malcer.pdf\" target=\"_blank\" rel=\"noopener\">SCHEDA DEL PERSONAGGIO<\/a><\/strong><\/p>\n<p style=\"text-align: justify;\">Malcer \u00e8 un giovane ragazzo che da anni vive a villa Ruldegost, dove serve come garzone negli interessi della nobile Casata. Del suo passato non si conoscono molti dettagli, pur essendo lui decisamente giovane. Sembra fosse un orfanello abituato a vivere alla giornata, tratto in salvo dall&#8217;amore e dalla piet\u00e0 di <a class=\"wp-live-preview\" href=\"https:\/\/www.manq.it\/waterdeep\/wp-content\/gallery\/png\/shelaenne.jpg\" target=\"_blank\" rel=\"noopener\">Lady&nbsp;Shelaenne<\/a>&nbsp;che anni fa ne prese a cuore le sorti fino ad introdurlo nella servit\u00f9 della casata. Da allora serve al meglio delle sue possibilit\u00e0 i propri lord cercando di non deluderli in nessuna occasione, nel tentativo di elevare la sua condizione e riuscire, un giorno, a diventare un onesto e, perch\u00e8 no, ricco cittadino di Waterdeep.<\/p>\n<p style=\"text-align: justify;\"><span style=\"color: #ff0000;\"><strong>Carattere:<\/strong><\/span><br \/>\nMalcer \u00e8 tendenzialmente un bravo ragazzo. La determinazione che lo spinge a vivere costantemente alla ricerca di denaro lo porta ad abbracciare la filosofia secondo cui il fine giustifichi i mezzi, anche se i confini di quello che \u00e8 disposto a fare per soldi sono ben marcati e non vanno mai oltre qualche innocuo furtarello o truffa. Non ama la violenza e non la reputa una via preferenziale per raggiungere lo scopo, ma anzi una eventuale ultima opzione. Per ovvi motivi \u00e8 abbastanza spilorcio e non apprezza mai l&#8217;idea di sprecare del denaro, dove sprecare ha tutte le implicazioni soggettive possibili. La sua indole \u00e8 piuttosto riflessiva e pianificatrice poich\u00e8 solo agendo in questo modo si ottengono buoni risultati.<\/p>\n<p style=\"text-align: justify;\"><span style=\"color: #ff0000;\"><strong>Doti:<\/strong><\/span><br \/>\nLa principale dote di Malcer \u00e8 la comunicazione. Per lui \u00e8 essenziale tenere contatti, ascoltare voci, reperire informazioni. La sua bravura nell&#8217;interazione col prossimo lo porta ad essere un ottimo negoziatore, ma anche un maestro del raggiro. Inspiegabilmente, tutta la sua brillantezza viene meno in ambito sentimentale. Altra dote indiscutibile di Malcer \u00e8 la perseveranza con cui persegue gli obbiettivi.<\/p>\n<p style=\"text-align: justify;\"><strong><span style=\"color: #ff0000;\">Difetti:<\/span><\/strong><br \/>\nIl principale difetto di Malcer \u00e8 l&#8217;incapacit\u00e0 a ricredersi e tornare sui suoi passi, soprattutto nell&#8217;ambito delle relazioni interpersonali. Se una persona gli fa un torto o entra nelle sue antipatie, difficilmente ne uscir\u00e0. Oltre a questo, Malcer cova ed esterna un certo razzismo che tuttavia non offusca mai la sua capacit\u00e0 di giudizio del prossimo. La sua perseveranza, in fine, pu\u00f2 facilmente tramutarsi in ostinazione.<\/p>\n<p style=\"text-align: justify;\"><strong><span style=\"color: #ff0000;\">Note:<\/span><\/strong><br \/>\nMalcer ha un fratello di cui pochissimi sono a conoscenza. Si chiama <a class=\"wp-live-preview\" href=\"https:\/\/www.manq.it\/waterdeep\/wp-content\/gallery\/png\/judath.jpg\" target=\"_blank\" rel=\"noopener\">Judath<\/a> e quando vivevano insieme come orfani venne colpito da una tremenda malattia che lo ha portato alla cecit\u00e0. In seguito a quella malattia, fu preso e introdotto all&#8217;interno del culto di Loviatar dove venne curato e di cui divenne accolito. Sebbene Malcer sia riconoscente a Loviatar e al suo culto per aver salvato il fratello, nella sua testa c&#8217;\u00e8 la ferma volont\u00e0 a costruire una vita migliore per entrambi che porti Judath ad abbandonare quel culto di cui nessuno, in giro, parla bene.<\/p>\n<p style=\"text-align: justify;\"><strong><span style=\"color: #ff0000;\">Malcer viene eletto capo della Gilda degli Spazzasterco:<\/span><\/strong><br \/>\nIl giorno <a href=\"https:\/\/www.manq.it\/waterdeep\/?p=1139\" target=\"_blank\" rel=\"noopener\">15 di Ches, 1370<\/a>, Malcer viene eletto capo della Gilda degli Spazzasterco superando al ballottaggio <a class=\"wp-live-preview\" href=\"https:\/\/www.manq.it\/waterdeep\/wp-content\/gallery\/png\/Vhonna.jpg\" target=\"_blank\" rel=\"noopener\">Vhonna Deepdell<\/a>, il capo istruttore campi di trionfo.<\/p>\n<p style=\"text-align: justify;\"><strong><span style=\"color: #ff0000;\">Malcer lascia la Casata Ruldegost:<\/span><\/strong><br \/>\nIl giorno <a href=\"https:\/\/www.manq.it\/waterdeep\/?p=1726\" target=\"_blank\" rel=\"noopener\">21 di Mirtul, 1370<\/a>, Malcer si accorda con <a class=\"wp-live-preview\" href=\"https:\/\/www.manq.it\/waterdeep\/wp-content\/gallery\/png\/lord-bly.jpg\" target=\"_blank\" rel=\"noopener\">Lord Bly<\/a> e decide di non prestare pi\u00f9 servizio per i Ruldegost, diventando a tutti gli effetti un commerciante indipendente. La sua attivit\u00e0 principale sono i Viaggi Avventurosi di Malcer, Aethimir e Pence, diventati i Viaggi Avventurosi di Aethimir dopo la morte di quest&#8217;ultimo, in suo onore.<\/p>\n<p style=\"text-align: justify;\"><strong><span style=\"color: #ff0000;\">Malcer dopo la sconfitta di <a class=\"wp-live-preview\" href=\"https:\/\/www.manq.it\/waterdeep\/wp-content\/\/gallery\/\/png\/Shradin-Mulophor.jpg\" target=\"_blank\" rel=\"noopener\">Shradin<\/a>:<\/span><\/strong><br \/>\nDopo aver salvato Waterdeep insieme ai suoi compagni, Malcer \u00e8 divenuto un eroe per la citt\u00e0. Oltre al prestigio e alla riconoscenza dei cittadini, questo status gli ha portato anche diverse ricchezze che gli hanno permesso di diventare un importante membro della borghesia di Waterdeep. Nel 1371 sposer\u00e0 <a class=\"wp-live-preview\" href=\"https:\/\/www.manq.it\/waterdeep\/wp-content\/\/gallery\/\/png\/Jolanthe.jpg\" target=\"_blank\" rel=\"noopener\">Jolanthe<\/a>, la cortigiana di cui \u00e8 sempre stato innamorato. Il suo ruolo politico all&#8217;interno della citt\u00e0 di Waterdeep crescer\u00e0 continuamente, portandolo fino al cuore pulsante dell&#8217;intrigo nel 1378, quando verr\u00e0 nominato Lord Segreto di Waterdeep.<br \/>\nLa sua natura cospirazionista per\u00f2 lo porter\u00e0 a non abbandonare mai le sue ricerche sugli Inosservati e sui Ladri dell&#8217;Ombra, piaghe che non hanno cessato di esistere con la morte di Shradin. E&#8217; probabilmente a causa di queste sue continue indagini che, nel 1392, verr\u00e0 ucciso in circostanze misteriose.<\/p>\n","protected":false},"excerpt":{"rendered":"<p>SCHEDA DEL PERSONAGGIO Malcer \u00e8 un giovane ragazzo che da anni vive a villa Ruldegost, dove serve come garzone negli interessi della nobile Casata. Del suo passato non si conoscono molti dettagli, pur essendo lui decisamente giovane. Sembra fosse un orfanello abituato a vivere alla giornata, tratto in salvo dall&#8217;amore e dalla piet\u00e0 di Lady&nbsp;Shelaenne&nbsp;che anni fa ne prese a &hellip; <a class=\"meta-nav\" href=\"https:\/\/www.manq.it\/waterdeep\/?page_id=219\">Continue reading &rarr;<\/a><\/p>\n","protected":false},"author":2,"featured_media":0,"parent":0,"menu_order":0,"comment_status":"open","ping_status":"open","template":"","meta":{"ngg_post_thumbnail":0,"footnotes":""},"class_list":["post-219","page","type-page","status-publish","hentry"],"_links":{"self":[{"href":"https:\/\/www.manq.it\/waterdeep\/index.php?rest_route=\/wp\/v2\/pages\/219","targetHints":{"allow":["GET"]}}],"collection":[{"href":"https:\/\/www.manq.it\/waterdeep\/index.php?rest_route=\/wp\/v2\/pages"}],"about":[{"href":"https:\/\/www.manq.it\/waterdeep\/index.php?rest_route=\/wp\/v2\/types\/page"}],"author":[{"embeddable":true,"href":"https:\/\/www.manq.it\/waterdeep\/index.php?rest_route=\/wp\/v2\/users\/2"}],"replies":[{"embeddable":true,"href":"https:\/\/www.manq.it\/waterdeep\/index.php?rest_route=%2Fwp%2Fv2%2Fcomments&post=219"}],"version-history":[{"count":13,"href":"https:\/\/www.manq.it\/waterdeep\/index.php?rest_route=\/wp\/v2\/pages\/219\/revisions"}],"predecessor-version":[{"id":2538,"href":"https:\/\/www.manq.it\/waterdeep\/index.php?rest_route=\/wp\/v2\/pages\/219\/revisions\/2538"}],"wp:attachment":[{"href":"https:\/\/www.manq.it\/waterdeep\/index.php?rest_route=%2Fwp%2Fv2%2Fmedia&parent=219"}],"curies":[{"name":"wp","href":"https:\/\/api.w.org\/{rel}","templated":true}]}}