{"id":221,"date":"2013-09-18T01:26:31","date_gmt":"2013-09-17T23:26:31","guid":{"rendered":"http:\/\/www.manq.it\/waterdeep\/?page_id=221"},"modified":"2020-12-15T17:24:31","modified_gmt":"2020-12-15T16:24:31","slug":"pence","status":"publish","type":"page","link":"https:\/\/www.manq.it\/waterdeep\/?page_id=221","title":{"rendered":"Pence"},"content":{"rendered":"<p style=\"text-align: justify;\"><img decoding=\"async\" class=\"alignleft\" title=\"Pence\" src=\"https:\/\/www.manq.it\/waterdeep\/wp-content\/uploads\/Pence.jpg\"><strong><a href=\"https:\/\/www.manq.it\/waterdeep\/wp-content\/uploads\/Scheda_Pence.pdf\" target=\"_blank\" rel=\"noopener\">SCHEDA DEL PERSONAGGIO<\/a><\/strong><\/p>\n<p style=\"text-align: justify;\">Pence Tuonoquaglia \u00e8 il terzo di tre fratelli halfling originari di una famiglia di pescatori di Luiren.<br \/>\nI suoi due fratelli sono stati addestrati alla famosisima scuola Halfing di <a class=\"wp-live-preview\" href=\"https:\/\/www.manq.it\/waterdeep\/wp-content\/gallery\/png\/halfling_swordsman_by_moorkasaur-d32w5jw.jpg\" target=\"_blank\" rel=\"noopener\">Fratello Rame<\/a>, mentre lui \u00e8 riuscito solo a frequentare il primo anno (a dire la verit\u00e0 il primo mese). Seguire lezioni, ascoltare e studiare per ore fermi non era certo una cosa per Pence. Di conseguenza. ha preferito seguire le orme del padre, iniziando come garzone in una nave di pescatori.<br \/>\nLe sue doti di marinaio si sono subito fatte notare: velocissimo con le funi, a salire sugli alberi delle nave, a bere rhum, ad aiutare i compagni in caso di necessit\u00e0, ad assalire le navi e a conquistare le donne. Tutte doti fondamentali per un buon marinaio. Fu cos\u00ec che una nave di &#8220;mercanti&#8221; molto famsosa in Luiren, l&#8217;Halfing Volante, si fece avanti e ne richiese i servigi, attirata dalle evidenti abilit\u00e0 di Pence in ambito marinaresco. Questa nave copriva spesso il tratto Luirien &#8211; Waterdeep per esportare il famoso tabacco halfing, ma anche altre sostanze &#8220;non molto note&#8221;. Dopo alcuni viaggi ed esplorazioni, Pence cap\u00ec che Waterdeep era veramente un parco giochi a cielo aperto. Si poteva vendere e trovare qualsiasi cosa, aveva un porto IMMENSO, lo metteva in contatto con persone sempre nuove e nuove cose da fare. Era una vera gioia e quindi un bel giorno decise di fermarsi l\u00ec.<br \/>\nPens\u00f2 subito di non perdere tempo e cerc\u00f2 un lavoro onesto, che gli permettesse di imparare il pi\u00f9 possibile e che si distaccasse comunque, almeno un po&#8217;, dalle pi\u00f9 classiche possibilit\u00e0 reperibili al porto o nei bassifondi.<br \/>\nInizi\u00f2 comunque dal quartiere dei marinai, ovviamente, ma presto si rese conto che le navi &#8220;vere&#8221;, a Waterdeep, cercavano solo schiavi o persone senza nulla da perdere. Poco di buono o briganti, perlopi\u00f9, ma Pence di queste possibilit\u00e0 di lavoro non voleva sentir parlare. D&#8217;altra parte per\u00f2, non voleva nemmeno finire a fare il pescatore e cos\u00ec moll\u00f2 a malincuore il colpo e decise di trovarsi un lavoro sulla terraferma. Grazie ad alcuni contatti sviluppati nei mesi in citt\u00e0, venne a sapere di un posto libero come cuoco in villa Ruldegost e la cosa lo entusiasm\u00f2 subito: villa Ruldegost \u00e8 infatti un posto meraviglioso, una sorta di piccolo villaggio halfing in cui tutti vivono in una sola casa in armonia. Peccato che Pence non fosse certo un cuoco&#8230;<br \/>\nSuo fratello <a class=\"wp-live-preview\" href=\"https:\/\/www.manq.it\/waterdeep\/wp-content\/gallery\/png\/dalabrac.jpg\" target=\"_blank\" rel=\"noopener\">Dalabrac<\/a> per\u00f2 s\u00ec e cos\u00ec lo obblig\u00f2 a raggiungerlo (anche se, a dire il vero, anche lui si era stufato di dover cucinare solo quaglie e poco altro) e a portarsi dietro anche <a class=\"wp-live-preview\" href=\"https:\/\/www.manq.it\/waterdeep\/wp-content\/gallery\/png\/Wilmac.jpg\" target=\"_blank\" rel=\"noopener\">Wilmac<\/a>.<br \/>\nAlla fine quindi, i tre fratelli Tuonoquaglia riuscirono ad entrare nella squadra di villa Ruldegost grazie ad una faraona indimenticabile, cucinata proprio da Dalabrac, che spalanc\u00f2 loro i cancelli della tenuta.<\/p>\n<p style=\"text-align: justify;\"><span style=\"color: #ff0000;\"><strong>Carattere:<\/strong><\/span><br \/>\nPence \u00e8 un bravo halfling, generoso e leale, sempre pronto ad aiutare i suoi amici. Di carattere fondamentalmente allegro e gioviale, affronta ogni giorno con il piede giusto purch\u00e9 ci sia da mangiare. E&#8217; infatti un grande amante della cucina, soprattutto quella del fratello, e ne apprezza ogni sapore. Questo lo porta a fare abbinamenti culinari che per molti risulterebbero azzardati, ma che lui trova irresistibili. Mandatelo ovunque, a fare qualunque cosa, ma mettetegli in tasca almeno un biscotto o del formaggio, meglio ancora se entrambi. Per finire, Pence ha viaggiato molto e ha vissuto moltissime esperienze che ama raccontare ai suoi amici, anche se a volte possono risultare incredibili.<\/p>\n<p style=\"text-align: justify;\"><span style=\"color: #ff0000;\"><strong>Doti:<\/strong><\/span><br \/>\nLa dote principale di Pence \u00e8 l&#8217;agilit\u00e0, sviluppata in anni di servizio sul ponte delle navi. Questa abilit\u00e0, affiancata a rudimenti base nel combattimento, fa di lui un discreto guerriero, cosa che \u00e8 stata notata dai Lord di casa Ruldegost e che magari, un giorno, lo porter\u00e0 a diventare una vera e propria guardia della casata.<\/p>\n<p style=\"text-align: justify;\"><strong><span style=\"color: #ff0000;\">Difetti:<\/span><\/strong><br \/>\nPer quanto sia amabile con gli amici, Pence \u00e8 spesso nervoso. Un vero e proprio fascio di nervi, in realt\u00e0, cosa che a volte lo porta a sbottare con il proprio interlocutore. Il suo passato da marinaio, a costante contatto anche con gente di scarsa levatura morale, lo porta inoltre a volte a considerare opzioni al limite del legale per la risoluzione dei problemi. Non \u00e8 cattivo e non ama certo quel tipo di approccio, per\u00f2 diciamo che a volte gli risulta automatico fare certi collegamenti.<\/p>\n<p style=\"text-align: justify;\"><strong><span style=\"color: #ff0000;\">Pence lascia la Casata Ruldegost:<\/span><\/strong><br \/>\nIl giorno <a href=\"https:\/\/www.manq.it\/waterdeep\/?p=1726\" target=\"_blank\" rel=\"noopener\">21 di Mirtul, 1370<\/a>, Pence si accorda con <a class=\"wp-live-preview\" href=\"https:\/\/www.manq.it\/waterdeep\/wp-content\/gallery\/png\/lord-bly.jpg\" target=\"_blank\" rel=\"noopener\">Lord Bly<\/a> e decide di non prestare pi\u00f9 servizio per i Ruldegost, diventando a tutti gli effetti un commerciante indipendente. La sua attivit\u00e0 principale sono i Viaggi Avventurosi di Malcer, Aethimir e Pence, diventati i Viaggi Avventurosi di Aethimir dopo la morte di quest&#8217;ultimo, in suo onore.<\/p>\n<p style=\"text-align: justify;\"><strong><span style=\"color: #ff0000;\">Pence \u00e8 membro onorario della Gilda dei Portuali:<\/span><\/strong><br \/>\nIl giorno <a href=\"https:\/\/www.manq.it\/waterdeep\/?p=1778\" target=\"_blank\" rel=\"noopener\">23 di Mirtul, 1370<\/a>, Pence insieme ai suoi amici sconfigge Hagar l&#8217;Orso Blu, ottenendo gratitudine dal capo della gilda dei Portuali <a class=\"wp-live-preview\" href=\"https:\/\/www.manq.it\/waterdeep\/wp-content\/gallery\/png\/Jastar-Thul.jpg\" target=\"_blank\" rel=\"noopener\">Jestar Thul<\/a>, che ha offerto all&#8217;halfling il posto di membro onorario della gilda.<\/p>\n<p style=\"text-align: justify;\"><strong><span style=\"color: #ff0000;\">Pence dopo la sconfitta di <a class=\"wp-live-preview\" href=\"https:\/\/www.manq.it\/waterdeep\/wp-content\/\/gallery\/\/png\/Shradin-Mulophor.jpg\" target=\"_blank\" rel=\"noopener\">Shradin<\/a>:<\/span><\/strong><br \/>\nDopo aver salvato Waterdeep insieme ai suoi compagni, Pence \u00e8 divenuto un eroe per la citt\u00e0. Lui per\u00f2 non era certo tipo da stare in citt\u00e0 a godere della fama guadagnata. Quei mesi di intrighi, discussioni e politica lo avevano logorato al punto da non voler pi\u00f9 avere nulla a che fare con Waterdeep, i suoi nobili e tutto ci\u00f2 che girava loro appresso.<br \/>\nPochi mesi dopo lo scontro avvenuto a Sottoilmonte, Pence &#8220;prese in prestito&#8221; uno dei Grifoni della guarda di Waterdeep e lo us\u00f2 per far piovere sulla folla tantissime spillette recanti il suo simbolo. Dopo aver salutato Malcer, amico di sempre, e avergli lasciato la gestione dei Viaggi Avventurosi di Aethimir, Pence prese il suo cane Aethimir e part\u00ec con la sua nuova nave. La leggenda narra che negli anni a seguire gir\u00f2 i mari del Faerun dedicandosi ad incredibili avventure, ma nessuno sa realmente com\u00e8 si concluse la sua Storia. Certamente ancora oggi il suo nome, divenuto leggenda, \u00e8 uno dei pi\u00f9 cantati dai bardi del Faerun.<br \/>\nNon possiamo dirlo con certezza, ma tra tutte le leggende, la sua preferita sarebbe probabilmente stata quella che lo racconta capace di uccidere un Kraken, armato unicamente di una coppia di fidati cutlass. E solo per battere un elfo ad una gara di pesca.<\/p>\n","protected":false},"excerpt":{"rendered":"<p>SCHEDA DEL PERSONAGGIO Pence Tuonoquaglia \u00e8 il terzo di tre fratelli halfling originari di una famiglia di pescatori di Luiren. I suoi due fratelli sono stati addestrati alla famosisima scuola Halfing di Fratello Rame, mentre lui \u00e8 riuscito solo a frequentare il primo anno (a dire la verit\u00e0 il primo mese). Seguire lezioni, ascoltare e studiare per ore fermi non &hellip; <a class=\"meta-nav\" href=\"https:\/\/www.manq.it\/waterdeep\/?page_id=221\">Continue reading &rarr;<\/a><\/p>\n","protected":false},"author":2,"featured_media":0,"parent":0,"menu_order":0,"comment_status":"open","ping_status":"open","template":"","meta":{"ngg_post_thumbnail":0,"footnotes":""},"class_list":["post-221","page","type-page","status-publish","hentry"],"_links":{"self":[{"href":"https:\/\/www.manq.it\/waterdeep\/index.php?rest_route=\/wp\/v2\/pages\/221","targetHints":{"allow":["GET"]}}],"collection":[{"href":"https:\/\/www.manq.it\/waterdeep\/index.php?rest_route=\/wp\/v2\/pages"}],"about":[{"href":"https:\/\/www.manq.it\/waterdeep\/index.php?rest_route=\/wp\/v2\/types\/page"}],"author":[{"embeddable":true,"href":"https:\/\/www.manq.it\/waterdeep\/index.php?rest_route=\/wp\/v2\/users\/2"}],"replies":[{"embeddable":true,"href":"https:\/\/www.manq.it\/waterdeep\/index.php?rest_route=%2Fwp%2Fv2%2Fcomments&post=221"}],"version-history":[{"count":17,"href":"https:\/\/www.manq.it\/waterdeep\/index.php?rest_route=\/wp\/v2\/pages\/221\/revisions"}],"predecessor-version":[{"id":2540,"href":"https:\/\/www.manq.it\/waterdeep\/index.php?rest_route=\/wp\/v2\/pages\/221\/revisions\/2540"}],"wp:attachment":[{"href":"https:\/\/www.manq.it\/waterdeep\/index.php?rest_route=%2Fwp%2Fv2%2Fmedia&parent=221"}],"curies":[{"name":"wp","href":"https:\/\/api.w.org\/{rel}","templated":true}]}}