{"id":230,"date":"2013-09-22T18:06:57","date_gmt":"2013-09-22T16:06:57","guid":{"rendered":"http:\/\/www.manq.it\/waterdeep\/?page_id=230"},"modified":"2018-01-30T18:51:24","modified_gmt":"2018-01-30T17:51:24","slug":"la-nobilta-di-waterdeep","status":"publish","type":"page","link":"https:\/\/www.manq.it\/waterdeep\/?page_id=230","title":{"rendered":"La nobilt\u00e0 di Waterdeep"},"content":{"rendered":"<p><span style=\"color: #ff0000;\"><strong>SITUAZIONE AL MESE DI HAMMER, 1370 CV.<\/strong><\/span><\/p>\n<p style=\"text-align: justify;\"><span style=\"line-height: 1.5;\">Praticamente sempre, se un Casato si occupa di un\u2019attivit\u00e0 (es.: vini), \u00e8 anche strettamente coinvolto con la Gilda correlata (es.: Vinai): alcuni membri della Casata possono essere membri della Gilda, o la Casata finanzia e\/o collabora con la Gilda, o entrambi.<\/span><\/p>\n<p style=\"text-align: justify;\"><em><span style=\"line-height: 1.5;\">Oltre alle poche informazioni sottostanti, che tutti \u201channo sentito dire\u201d, \u00e8 possibile che alcuni personaggi sappiano qualcosa di pi\u00f9 (lo stemma del casato, i membri principali, dove si trova la villa, ecc.). Questo verr\u00e0 gestito di volta in volta con un tiro di dado.<\/span><\/em><\/p>\n<ol style=\"text-align: justify;\">\n<li>Adarbrent (le navi che viaggiano da\/per Maztica sono loro; hanno creato l&#8217;Armata dell&#8217;Orizzonte, un&#8217;associazione di nobili proprietari di imbarcazioni)<\/li>\n<li>Agundar<\/li>\n<li>Amcathra (vino, forgiatura di spade, allevamento ed addestramento di cavalli; chiesa di Selune)<\/li>\n<li>Ammakyl (vino)<\/li>\n<li>Anteos<\/li>\n<li>Artemel<\/li>\n<li>Assumbar<\/li>\n<li>Belabranta<\/li>\n<li>Bladesemmer<\/li>\n<li>Brokengulf<\/li>\n<li>Brossfeather<\/li>\n<li>Cassalanter (banche e prestiti)<\/li>\n<li>Cragsmere (terreni e prestiti)<\/li>\n<li>Crommor<\/li>\n<li>Dezlentyr (carovane ed esplorazioni)<\/li>\n<li>Durinbold<\/li>\n<li>Eagleshield<\/li>\n<li>Eirontalar<\/li>\n<li>Eltorchul<\/li>\n<li>Emveolstone<\/li>\n<li>Estelmer<\/li>\n<li>Gauntyl (mercenari e miniere)<\/li>\n<li>Gost<\/li>\n<li>Gralhund (mercenari e armi)<\/li>\n<li>Gundwynd<\/li>\n<li>Hawkwinter (soldati, truppe, guardie)<\/li>\n<li>Helmfast (navi e spedizioni marine)<\/li>\n<li>Hiilgauntlet<\/li>\n<li>Hothemer<\/li>\n<li>Hunabar<\/li>\n<li>Husteem<\/li>\n<li>Ilitul<\/li>\n<li>Ilvastarr (bestie esotiche)<\/li>\n<li>Ilzimmer (cavalli)<\/li>\n<li>Irlingstar<\/li>\n<li>Jardeth<\/li>\n<li>Jhansczil<\/li>\n<li>Kormallis<\/li>\n<li>Kothont<\/li>\n<li>Lanngolyn (tessuti)<\/li>\n<li>Lathkule (gioielli e gemme)<\/li>\n<li>Maerklos<\/li>\n<li>Maernos<\/li>\n<li>Majarra (strumenti musicali e miniere d\u2019argento)<\/li>\n<li>Manthar (mercenari, metalli e profumi)<\/li>\n<li>Margaster<\/li>\n<li>Massalan (gioielli)<\/li>\n<li>Melshimber (ricerche storiche e vini)<\/li>\n<li>Moonstar (esplorazione e carovane)<\/li>\n<li>Nandar<\/li>\n<li>Nesher<\/li>\n<li>Phull<\/li>\n<li>Phylund (mostri)<\/li>\n<li>Piiradost<\/li>\n<li>Raventree<\/li>\n<li>Roaringhorn<\/li>\n<li>Rosznar<\/li>\n<li>Ruldegost (banche, mercenari, carovane, cacciatori di teste)<\/li>\n<li>Silmerhelve (guardie e lenocinio)<\/li>\n<li>Snome<\/li>\n<li>Stormweather<\/li>\n<li>Sultlue<\/li>\n<li>Talmost (tessuti, pelliccie, vestiti)<\/li>\n<li>Tarm<\/li>\n<li>Tchazzam<\/li>\n<li>Tesper<\/li>\n<li>Thann (terre e vini; connessioni con Bastone Nero)<\/li>\n<li>Thongolir<\/li>\n<li>Thorp<\/li>\n<li>Thunderstaff (oggetti magici, mercenari, carovane)<\/li>\n<li>Ulbrinter<\/li>\n<li>Urmbrusk (terre e prestiti)<\/li>\n<li>Wands (scuola di magia, ricerche magiche, prestazioni magiche; connessioni con Bastone Nero)<\/li>\n<li>Wavesilver<\/li>\n<li>Zulpair<\/li>\n<li>Zun<\/li>\n<\/ol>\n<p style=\"text-align: justify;\">&nbsp;<\/p>\n","protected":false},"excerpt":{"rendered":"<p>SITUAZIONE AL MESE DI HAMMER, 1370 CV. Praticamente sempre, se un Casato si occupa di un\u2019attivit\u00e0 (es.: vini), \u00e8 anche strettamente coinvolto con la Gilda correlata (es.: Vinai): alcuni membri della Casata possono essere membri della Gilda, o la Casata finanzia e\/o collabora con la Gilda, o entrambi. Oltre alle poche informazioni sottostanti, che tutti \u201channo sentito dire\u201d, \u00e8 possibile &hellip; <a class=\"meta-nav\" href=\"https:\/\/www.manq.it\/waterdeep\/?page_id=230\">Continue reading &rarr;<\/a><\/p>\n","protected":false},"author":2,"featured_media":0,"parent":0,"menu_order":7,"comment_status":"open","ping_status":"open","template":"","meta":{"ngg_post_thumbnail":0,"footnotes":""},"class_list":["post-230","page","type-page","status-publish","hentry"],"_links":{"self":[{"href":"https:\/\/www.manq.it\/waterdeep\/index.php?rest_route=\/wp\/v2\/pages\/230","targetHints":{"allow":["GET"]}}],"collection":[{"href":"https:\/\/www.manq.it\/waterdeep\/index.php?rest_route=\/wp\/v2\/pages"}],"about":[{"href":"https:\/\/www.manq.it\/waterdeep\/index.php?rest_route=\/wp\/v2\/types\/page"}],"author":[{"embeddable":true,"href":"https:\/\/www.manq.it\/waterdeep\/index.php?rest_route=\/wp\/v2\/users\/2"}],"replies":[{"embeddable":true,"href":"https:\/\/www.manq.it\/waterdeep\/index.php?rest_route=%2Fwp%2Fv2%2Fcomments&post=230"}],"version-history":[{"count":5,"href":"https:\/\/www.manq.it\/waterdeep\/index.php?rest_route=\/wp\/v2\/pages\/230\/revisions"}],"predecessor-version":[{"id":1904,"href":"https:\/\/www.manq.it\/waterdeep\/index.php?rest_route=\/wp\/v2\/pages\/230\/revisions\/1904"}],"wp:attachment":[{"href":"https:\/\/www.manq.it\/waterdeep\/index.php?rest_route=%2Fwp%2Fv2%2Fmedia&parent=230"}],"curies":[{"name":"wp","href":"https:\/\/api.w.org\/{rel}","templated":true}]}}