{"id":2321,"date":"2018-09-25T12:19:21","date_gmt":"2018-09-25T10:19:21","guid":{"rendered":"http:\/\/www.manq.it\/waterdeep\/?page_id=2321"},"modified":"2020-12-15T17:25:47","modified_gmt":"2020-12-15T16:25:47","slug":"statua-protettrice-di-waterdeep","status":"publish","type":"page","link":"https:\/\/www.manq.it\/waterdeep\/?page_id=2321","title":{"rendered":"Statua Protettrice di Waterdeep"},"content":{"rendered":"<p style=\"text-align: justify;\"><img decoding=\"async\" class=\"alignleft\" title=\"La Statua Protettrice di Waterdeep\" src=\"https:\/\/www.manq.it\/waterdeep\/wp-content\/uploads\/Statua.jpg\"><strong><a href=\"https:\/\/www.manq.it\/waterdeep\/wp-content\/uploads\/Scheda-Statua.pdf\" target=\"_blank\" rel=\"noopener\">SCHEDA DEL PERSONAGGIO<\/a><\/strong><\/p>\n<p style=\"text-align: justify;\">La Statua Protettrice di Waterdeep \u00e8 un costrutto gigante in pietra, generato da <a class=\"wp-live-preview\" href=\"https:\/\/www.manq.it\/waterdeep\/wp-content\/\/gallery\/\/png\/Khelben_Arunsun.jpg\" target=\"_blank\" rel=\"noopener\">Khelben &#8220;Bastone Nero&#8221; Arunsun<\/a> a protezione della citt\u00e0 di Waterdeep.<\/p>\n<p style=\"text-align: justify;\">In grado di intendere e volere, \u00e8 una fedele servitrice della citt\u00e0 e protettrice dei suoi abitanti, capace di restare dormiente per secoli ed attivarsi quando la situazione lo richiede.<\/p>\n<p><strong><span style=\"color: #ff0000;\">Le recenti attivazioni della Statua:<\/span><\/strong><\/p>\n<p style=\"text-align: justify;\">Nel 1370 CV ben due sono state le circostanze che hanno richiesto l&#8217;attivazione della statua. La prima \u00e8 avvenuta <a href=\"https:\/\/www.manq.it\/waterdeep\/?p=2236\" target=\"_blank\" rel=\"noopener\">in Mirtul<\/a>, quando in seguito alla segnalazione di Pence, Malcer, Teschio Nero e Victor la guardia cittadina e le mani grige hanno sgominato <a class=\"wp-live-preview\" href=\"https:\/\/www.manq.it\/waterdeep\/wp-content\/\/gallery\/\/png\/Vampiro-drow.jpg\" target=\"_blank\" rel=\"noopener\">Farfax il vampiro drow<\/a>.&nbsp;<\/p>\n<p>La seconda, invece, \u00e8 stata in <a href=\"https:\/\/www.manq.it\/waterdeep\/?p=2316\" target=\"_blank\" rel=\"noopener\">Kythorn<\/a> quando le forze di <a class=\"wp-live-preview\" href=\"https:\/\/www.manq.it\/waterdeep\/wp-content\/\/gallery\/\/png\/Nebbia-Rossa.jpg\" target=\"_blank\" rel=\"noopener\">Shradin il Demilich<\/a> hanno sferrato l&#8217;attacco finale alla citt\u00e0 di Waterdeep, facendo irruzione nella torre di Khelben e sigillandone l&#8217;ingresso.<\/p>\n","protected":false},"excerpt":{"rendered":"<p>SCHEDA DEL PERSONAGGIO La Statua Protettrice di Waterdeep \u00e8 un costrutto gigante in pietra, generato da Khelben &#8220;Bastone Nero&#8221; Arunsun a protezione della citt\u00e0 di Waterdeep. In grado di intendere e volere, \u00e8 una fedele servitrice della citt\u00e0 e protettrice dei suoi abitanti, capace di restare dormiente per secoli ed attivarsi quando la situazione lo richiede. Le recenti attivazioni della &hellip; <a class=\"meta-nav\" href=\"https:\/\/www.manq.it\/waterdeep\/?page_id=2321\">Continue reading &rarr;<\/a><\/p>\n","protected":false},"author":5,"featured_media":0,"parent":0,"menu_order":0,"comment_status":"closed","ping_status":"closed","template":"","meta":{"ngg_post_thumbnail":0,"footnotes":""},"class_list":["post-2321","page","type-page","status-publish","hentry"],"_links":{"self":[{"href":"https:\/\/www.manq.it\/waterdeep\/index.php?rest_route=\/wp\/v2\/pages\/2321","targetHints":{"allow":["GET"]}}],"collection":[{"href":"https:\/\/www.manq.it\/waterdeep\/index.php?rest_route=\/wp\/v2\/pages"}],"about":[{"href":"https:\/\/www.manq.it\/waterdeep\/index.php?rest_route=\/wp\/v2\/types\/page"}],"author":[{"embeddable":true,"href":"https:\/\/www.manq.it\/waterdeep\/index.php?rest_route=\/wp\/v2\/users\/5"}],"replies":[{"embeddable":true,"href":"https:\/\/www.manq.it\/waterdeep\/index.php?rest_route=%2Fwp%2Fv2%2Fcomments&post=2321"}],"version-history":[{"count":2,"href":"https:\/\/www.manq.it\/waterdeep\/index.php?rest_route=\/wp\/v2\/pages\/2321\/revisions"}],"predecessor-version":[{"id":2543,"href":"https:\/\/www.manq.it\/waterdeep\/index.php?rest_route=\/wp\/v2\/pages\/2321\/revisions\/2543"}],"wp:attachment":[{"href":"https:\/\/www.manq.it\/waterdeep\/index.php?rest_route=%2Fwp%2Fv2%2Fmedia&parent=2321"}],"curies":[{"name":"wp","href":"https:\/\/api.w.org\/{rel}","templated":true}]}}