{"id":2327,"date":"2018-09-25T12:43:04","date_gmt":"2018-09-25T10:43:04","guid":{"rendered":"http:\/\/www.manq.it\/waterdeep\/?page_id=2327"},"modified":"2020-12-15T17:21:12","modified_gmt":"2020-12-15T16:21:12","slug":"khelben-bastone-nero-arunsun","status":"publish","type":"page","link":"https:\/\/www.manq.it\/waterdeep\/?page_id=2327","title":{"rendered":"Khelben &#8220;Bastone Nero&#8221; Arunsun"},"content":{"rendered":"<p style=\"text-align: justify;\"><img decoding=\"async\" class=\"alignleft\" title=\"Khelben Bastone Nero Arunsun\" src=\"https:\/\/www.manq.it\/waterdeep\/wp-content\/uploads\/Khelben_Arunsun.jpg\"><strong><a href=\"https:\/\/www.manq.it\/waterdeep\/wp-content\/uploads\/Scheda-Khelben.pdf\" target=\"_blank\" rel=\"noopener\">SCHEDA DEL PERSONAGGIO<\/a><\/strong><\/p>\n<p style=\"text-align: justify;\">\nKhelben Arunsun, soprannominato &#8220;Bastone Nero&#8221; a causa del famoso oggetto magico da lui creato che lo accompagna dovunque vada, \u00e8 uno dei maghi pi\u00f9 potenti del Faerun e sicuramente merita un posto fra i pi\u00f9 abili statisti e politici che Toril abbia mai conosciuto.<\/p>\n<p align=\"justify\">Si sa poco o nulla della sua nascita, cos\u00ec come della sua giovinezza trascorsa secondo alcuni a myth Drannor. Il Bastone Nero spesso \u00e8 incluso nell&#8217;elenco dei fondatori degli Arpisti e nel corso dei secoli si \u00e8 rivelato un importantissimo elemento dell&#8217;organizzazione, almeno fino al suo abbandono, avvenuto  <a href=\"https:\/\/www.manq.it\/waterdeep\/?p=1139\" target=\"_blank\" rel=\"noopener\">il XXII giorno di Tarsakh<\/a>, 1370 CV. Di recente ha anche abbandonato il ruolo di Lord di Waterdeep, che ricopriva per servire al meglio la sua citt\u00e0. Khelben ha fondato un&#8217;organizzazione chiamata &#8220;Arpisti della Sala del Crepuscolo&#8221;, formata da agenti che mettono al posto pi\u00f9 importante il bene comune e che considerano i mezzi subordinati al fine. Khelben preferisce intimidire i suoi antagonisti, piuttosto che arrivare allo scontro vero e proprio. Indossa spesso abiti scuri e sobri e mantiene sempre contegno e seriet\u00e0. E&#8217; un uomo alto, di corporatura imponente, e il suo aspetto mette i brividi a chi sa che ha qualcosa da temere da lui. Khelben \u00e8 un esperto di storia della Costa della Spada ed anche un notevole pittore. E&#8217; sposato con <a class=\"wp-live-preview\" href=\"https:\/\/www.manq.it\/waterdeep\/wp-content\/\/gallery\/\/png\/Laeral.jpg\" target=\"_blank\" rel=\"noopener\">Laeral Silverhand<\/a>, una delle Sette Sorelle, e insieme i due sono riusciti in pi\u00f9 di un&#8217;impresa decisiva per il destino del Faerun<\/p>\n","protected":false},"excerpt":{"rendered":"<p>SCHEDA DEL PERSONAGGIO Khelben Arunsun, soprannominato &#8220;Bastone Nero&#8221; a causa del famoso oggetto magico da lui creato che lo accompagna dovunque vada, \u00e8 uno dei maghi pi\u00f9 potenti del Faerun e sicuramente merita un posto fra i pi\u00f9 abili statisti e politici che Toril abbia mai conosciuto. Si sa poco o nulla della sua nascita, cos\u00ec come della sua giovinezza &hellip; <a class=\"meta-nav\" href=\"https:\/\/www.manq.it\/waterdeep\/?page_id=2327\">Continue reading &rarr;<\/a><\/p>\n","protected":false},"author":5,"featured_media":0,"parent":0,"menu_order":0,"comment_status":"closed","ping_status":"closed","template":"","meta":{"ngg_post_thumbnail":0,"footnotes":""},"class_list":["post-2327","page","type-page","status-publish","hentry"],"_links":{"self":[{"href":"https:\/\/www.manq.it\/waterdeep\/index.php?rest_route=\/wp\/v2\/pages\/2327","targetHints":{"allow":["GET"]}}],"collection":[{"href":"https:\/\/www.manq.it\/waterdeep\/index.php?rest_route=\/wp\/v2\/pages"}],"about":[{"href":"https:\/\/www.manq.it\/waterdeep\/index.php?rest_route=\/wp\/v2\/types\/page"}],"author":[{"embeddable":true,"href":"https:\/\/www.manq.it\/waterdeep\/index.php?rest_route=\/wp\/v2\/users\/5"}],"replies":[{"embeddable":true,"href":"https:\/\/www.manq.it\/waterdeep\/index.php?rest_route=%2Fwp%2Fv2%2Fcomments&post=2327"}],"version-history":[{"count":7,"href":"https:\/\/www.manq.it\/waterdeep\/index.php?rest_route=\/wp\/v2\/pages\/2327\/revisions"}],"predecessor-version":[{"id":2534,"href":"https:\/\/www.manq.it\/waterdeep\/index.php?rest_route=\/wp\/v2\/pages\/2327\/revisions\/2534"}],"wp:attachment":[{"href":"https:\/\/www.manq.it\/waterdeep\/index.php?rest_route=%2Fwp%2Fv2%2Fmedia&parent=2327"}],"curies":[{"name":"wp","href":"https:\/\/api.w.org\/{rel}","templated":true}]}}