{"id":2337,"date":"2018-09-28T18:30:29","date_gmt":"2018-09-28T16:30:29","guid":{"rendered":"http:\/\/www.manq.it\/waterdeep\/?page_id=2337"},"modified":"2020-12-15T17:21:41","modified_gmt":"2020-12-15T16:21:41","slug":"kyriani-agrivar","status":"publish","type":"page","link":"https:\/\/www.manq.it\/waterdeep\/?page_id=2337","title":{"rendered":"Kyriani Agrivar"},"content":{"rendered":"<p style=\"text-align: justify;\"><img decoding=\"async\" class=\"alignleft\" title=\"Kyriani Agrivar\" src=\"https:\/\/www.manq.it\/waterdeep\/wp-content\/uploads\/Kyriani.jpg\"><strong><a href=\"https:\/\/www.manq.it\/waterdeep\/wp-content\/uploads\/Scheda-Kyriani.pdf\" target=\"_blank\" rel=\"noopener\">SCHEDA DEL PERSONAGGIO<\/a><\/strong><\/p>\n<p style=\"text-align: justify;\">Kyriani Agrivar \u00e8 una maga draw dagli occhi grigi e&nbsp; incredibilmente attraente, figlia del defunto mago <a class=\"wp-live-preview\" href=\"https:\/\/www.manq.it\/waterdeep\/wp-content\/\/gallery\/\/png\/Ostus-Agrivar.jpg\" target=\"_blank\" rel=\"noopener\">Ostus Agrivar<\/a> e originaria di Shadowdale. La sua caratteristica principale \u00e8 una doppia natura fatta di bene e male, con cui Kyriani ha dovuto misurarsi in passato e che la rende una sorta di unione tra due anime gemelle e opposte. Anche il suo aspetto \u00e8 duplice: quando si dedica all&#8217;avventura, la drow utilizza abiti comodi e poco appariscenti, mentre \u00e8 solita dare sfoggio di una grande eleganza nei contesti cittadini pi\u00f9 mondani. Oggi gestisce la taverna Il Sorriso di Selune, che \u00e8 anche la sua attuale dimora. L&#8217;ha ereditata da&nbsp;<a class=\"wp-live-preview\" href=\"https:\/\/www.manq.it\/waterdeep\/wp-content\/\/gallery\/\/png\/Luna.jpg\" target=\"_blank\" rel=\"noopener\">Luna<\/a>, Avatar di Selune ormai tornata ai piani esterni.<br \/>\nIn passato, Kyriani \u00e8 stata apprendista al servizio di <a class=\"wp-live-preview\" href=\"https:\/\/www.manq.it\/waterdeep\/wp-content\/\/gallery\/\/png\/Alathene-Moonstar.png\" target=\"_blank\" rel=\"noopener\">Lady Alathene Moonstar<\/a> mostrando un veloce apprendimento ed un&#8217;innata predisposizione per l&#8217;Arte. Avventuriera valorosa, ha separato la sua strada dai compagni di viaggi rimasti nel Tethyr per prestare fedelt\u00e0 alla citt\u00e0 di Waterdeep, in segno di rispetto proprio verso Luna. L&#8217;unica persona del suo passato che ogni tanto riesce ancora ad incontrare \u00e8 il suo fratellastro&nbsp;<a class=\"wp-live-preview\" href=\"https:\/\/www.manq.it\/waterdeep\/wp-content\/\/gallery\/\/png\/Priam-Agrivar.jpg\" target=\"_blank\" rel=\"noopener\">Priam Agrivar<\/a>., ma senza mai allontanarsi troppo a lungo dalla Citt\u00e0 degli Splendori e dai molteplici amanti e corteggiatori che ci vivono.<br \/>\nIn Waterdeep Kyriani si \u00e8 messa rapidamente in mostra tra le fila dei fedeli alla Casa della Luna, fino a diventare la personalit\u00e0 laica pi\u00f9 influente nella chiesa di Selune. Nell&#8217;Anno 1368 CV, dopo che <a class=\"wp-live-preview\" href=\"https:\/\/www.manq.it\/waterdeep\/wp-content\/\/gallery\/\/png\/Danilo-Thann.jpg\" target=\"_blank\" rel=\"noopener\">Danilo Thann<\/a> si \u00e8 dimesso dal ruolo di Lord, \u00e8 stata invitata a prenderne il posto, scelta da <a class=\"wp-live-preview\" href=\"https:\/\/www.manq.it\/waterdeep\/wp-content\/\/gallery\/\/png\/Piergeiron-the-Paladinson.jpg\" target=\"_blank\" rel=\"noopener\">Piergeiron<\/a> per la sua capacit\u00e0 di abbracciare entrambi i mondi, bene e male. Per finire, Kyriani \u00e8 anche un agente degli Arpisti della Sala del Crepuscolo e in quella veste lavora a stretto contatto con <a class=\"wp-live-preview\" href=\"https:\/\/www.manq.it\/waterdeep\/wp-content\/\/gallery\/\/png\/Khelben_Arunsun.jpg\" target=\"_blank\" rel=\"noopener\">Bastone Nero<\/a> su una variet\u00e0 di attivit\u00e0 segrete.<\/p>\n","protected":false},"excerpt":{"rendered":"<p>SCHEDA DEL PERSONAGGIO Kyriani Agrivar \u00e8 una maga draw dagli occhi grigi e&nbsp; incredibilmente attraente, figlia del defunto mago Ostus Agrivar e originaria di Shadowdale. La sua caratteristica principale \u00e8 una doppia natura fatta di bene e male, con cui Kyriani ha dovuto misurarsi in passato e che la rende una sorta di unione tra due anime gemelle e opposte. &hellip; <a class=\"meta-nav\" href=\"https:\/\/www.manq.it\/waterdeep\/?page_id=2337\">Continue reading &rarr;<\/a><\/p>\n","protected":false},"author":5,"featured_media":0,"parent":0,"menu_order":0,"comment_status":"closed","ping_status":"closed","template":"","meta":{"ngg_post_thumbnail":0,"footnotes":""},"class_list":["post-2337","page","type-page","status-publish","hentry"],"_links":{"self":[{"href":"https:\/\/www.manq.it\/waterdeep\/index.php?rest_route=\/wp\/v2\/pages\/2337","targetHints":{"allow":["GET"]}}],"collection":[{"href":"https:\/\/www.manq.it\/waterdeep\/index.php?rest_route=\/wp\/v2\/pages"}],"about":[{"href":"https:\/\/www.manq.it\/waterdeep\/index.php?rest_route=\/wp\/v2\/types\/page"}],"author":[{"embeddable":true,"href":"https:\/\/www.manq.it\/waterdeep\/index.php?rest_route=\/wp\/v2\/users\/5"}],"replies":[{"embeddable":true,"href":"https:\/\/www.manq.it\/waterdeep\/index.php?rest_route=%2Fwp%2Fv2%2Fcomments&post=2337"}],"version-history":[{"count":6,"href":"https:\/\/www.manq.it\/waterdeep\/index.php?rest_route=\/wp\/v2\/pages\/2337\/revisions"}],"predecessor-version":[{"id":2535,"href":"https:\/\/www.manq.it\/waterdeep\/index.php?rest_route=\/wp\/v2\/pages\/2337\/revisions\/2535"}],"wp:attachment":[{"href":"https:\/\/www.manq.it\/waterdeep\/index.php?rest_route=%2Fwp%2Fv2%2Fmedia&parent=2337"}],"curies":[{"name":"wp","href":"https:\/\/api.w.org\/{rel}","templated":true}]}}