{"id":2360,"date":"2018-10-09T11:10:37","date_gmt":"2018-10-09T09:10:37","guid":{"rendered":"http:\/\/www.manq.it\/waterdeep\/?page_id=2360"},"modified":"2020-12-15T17:23:56","modified_gmt":"2020-12-15T16:23:56","slug":"messer-maaril-il-dragomago","status":"publish","type":"page","link":"https:\/\/www.manq.it\/waterdeep\/?page_id=2360","title":{"rendered":"Messer Maaril il Dragomago"},"content":{"rendered":"<p style=\"text-align: justify;\"><img decoding=\"async\" class=\"alignleft\" title=\"Messer Maaril il Dragomago\" src=\"https:\/\/www.manq.it\/waterdeep\/wp-content\/uploads\/Maaril.jpg\"><strong><a href=\"https:\/\/www.manq.it\/waterdeep\/wp-content\/uploads\/Scheda-Maaril.pdf\" target=\"_blank\" rel=\"noopener\">SCHEDA DEL PERSONAGGIO<\/a><\/strong><\/p>\n<p style=\"text-align: justify;\">Avvolto nel suo mantello verde scuro, Messer Maaril &#8220;Il Dragomago&#8221; \u00e8 un affascinante umano dagli occhi neri e dal pizzetto elegante. Considerato uno dei pi\u00f9 eccentrici maghi di Waterdeep a causa della sua torre a forma di drago, Maaril \u00e8 per\u00f2 uno dei pi\u00f9 potenti incantatori cittadini ed \u00e8 caratterizzato da un torbido passato.<\/p>\n<p style=\"text-align: justify;\">Nato nel 1317 CV, Maaril \u00e8 cresciuto presso la Casa delle Meraviglie studiando le arti arcane come apprendista di&nbsp;<a class=\"wp-live-preview\" href=\"https:\/\/www.manq.it\/waterdeep\/wp-content\/\/gallery\/\/png\/Lhoril-Delhiinyn.jpg\" target=\"_blank\" rel=\"noopener\">Lhoril Delhiinyn<\/a>, una potente incantatrice sopravvissuta alla guerra delle Gilde e scampata all&#8217;esilio.&nbsp; Quando tuttavia egli pens\u00f2 che la maga non avesse pi\u00f9 nulla da insegnargli, non solo la uccise, ma fece ricadere la colpa sull&#8217;altro apprendista, liberandosi cos\u00ec in un colpo solo di entrambi ed ereditando la torre che era di Lhoril. Quella torre, oggi, \u00e8 la famosa torre del Dragomago.<\/p>\n<p style=\"text-align: justify;\">Tra i molti segreti di Maaril ci sono il suo esercito di gargoyle, la sua maestria negli incantesimi di Portale e la sua infinita pazienza nel recuperare oggetti meravigliosi, sia tramite avventure, sia pagando mercenari per le operazioni meno onorevoli. Il pi\u00f9 grande di questi tesori \u00e8 il Bastone del Drago di&nbsp;<a class=\"wp-live-preview\" href=\"https:\/\/www.manq.it\/waterdeep\/wp-content\/gallery\/protagonisti-della-storia-di-waterdeep\/Ahghairon.jpg\" target=\"_blank\" rel=\"noopener\">Ahghairon<\/a>, rubato da Lhoril dopo la morte dell&#8217;arcimago e passato in suo possesso in seguito all&#8217;omicidio. Questo bastone racchiude in se la Chiave del Drago, ovvero la chiave che protegge Waterdeep dalle creature draconiche. Questo artefatto lo pone in una posizione di vantaggio all&#8217;interno della citt\u00e0, conferendogli rispetto e devozione da parte di tutti i draghi, ma ne fa un bersaglio appena valicate le mura proprio perch\u00e8 gli stessi draghi mal digeriscono il fatto che un umano possa in qualche modo controllarli all&#8217;interno di Waterdeep.<\/p>\n<p style=\"text-align: justify;\">Pur avendo molti nemici all&#8217;interno della citt\u00e0, Maaril \u00e8 ormai sufficientemente temuto per essere tra le persone pi\u00f9 influenti della Citt\u00e0 degli Splendori e fare parte quindi dell&#8217;elite cittadina. Molto amico di <a class=\"wp-live-preview\" href=\"https:\/\/www.manq.it\/waterdeep\/wp-content\/\/gallery\/\/png\/Meleghost-Starseer.jpg\" target=\"_blank\" rel=\"noopener\">Magister Starseer<\/a>, la sua pi\u00f9 grande rivalit\u00e0 tra le mura di Waterdeep \u00e8 con <a class=\"wp-live-preview\" href=\"https:\/\/www.manq.it\/waterdeep\/wp-content\/\/gallery\/\/png\/Duhlak-Kolat.png\" target=\"_blank\" rel=\"noopener\">Duhlak-Kolat<\/a>, altro potente mago con cui Maaril si \u00e8 pi\u00f9 volte battuto a duello.<\/p>\n","protected":false},"excerpt":{"rendered":"<p>SCHEDA DEL PERSONAGGIO Avvolto nel suo mantello verde scuro, Messer Maaril &#8220;Il Dragomago&#8221; \u00e8 un affascinante umano dagli occhi neri e dal pizzetto elegante. Considerato uno dei pi\u00f9 eccentrici maghi di Waterdeep a causa della sua torre a forma di drago, Maaril \u00e8 per\u00f2 uno dei pi\u00f9 potenti incantatori cittadini ed \u00e8 caratterizzato da un torbido passato. Nato nel 1317 &hellip; <a class=\"meta-nav\" href=\"https:\/\/www.manq.it\/waterdeep\/?page_id=2360\">Continue reading &rarr;<\/a><\/p>\n","protected":false},"author":5,"featured_media":0,"parent":0,"menu_order":0,"comment_status":"closed","ping_status":"closed","template":"","meta":{"ngg_post_thumbnail":0,"footnotes":""},"class_list":["post-2360","page","type-page","status-publish","hentry"],"_links":{"self":[{"href":"https:\/\/www.manq.it\/waterdeep\/index.php?rest_route=\/wp\/v2\/pages\/2360","targetHints":{"allow":["GET"]}}],"collection":[{"href":"https:\/\/www.manq.it\/waterdeep\/index.php?rest_route=\/wp\/v2\/pages"}],"about":[{"href":"https:\/\/www.manq.it\/waterdeep\/index.php?rest_route=\/wp\/v2\/types\/page"}],"author":[{"embeddable":true,"href":"https:\/\/www.manq.it\/waterdeep\/index.php?rest_route=\/wp\/v2\/users\/5"}],"replies":[{"embeddable":true,"href":"https:\/\/www.manq.it\/waterdeep\/index.php?rest_route=%2Fwp%2Fv2%2Fcomments&post=2360"}],"version-history":[{"count":6,"href":"https:\/\/www.manq.it\/waterdeep\/index.php?rest_route=\/wp\/v2\/pages\/2360\/revisions"}],"predecessor-version":[{"id":2539,"href":"https:\/\/www.manq.it\/waterdeep\/index.php?rest_route=\/wp\/v2\/pages\/2360\/revisions\/2539"}],"wp:attachment":[{"href":"https:\/\/www.manq.it\/waterdeep\/index.php?rest_route=%2Fwp%2Fv2%2Fmedia&parent=2360"}],"curies":[{"name":"wp","href":"https:\/\/api.w.org\/{rel}","templated":true}]}}