{"id":29,"date":"2013-07-26T16:22:39","date_gmt":"2013-07-26T14:22:39","guid":{"rendered":"http:\/\/www.manq.it\/waterdeep\/?page_id=29"},"modified":"2020-12-15T17:27:44","modified_gmt":"2020-12-15T16:27:44","slug":"introduzione-ai-giocatori","status":"publish","type":"page","link":"https:\/\/www.manq.it\/waterdeep\/?page_id=29","title":{"rendered":"Introduzione"},"content":{"rendered":"<p align=\"justify\">L\u2019anno in cui si svolgono le vicende narrate in questo sito \u00e8 il <strong>1370 CV<\/strong> (Calendario delle Valli), quindi:<\/p>\n<ul>\n<li>Bane \u00e8 morto nel Tempo dei Disordini e non \u00e8 tornato<\/li>\n<li>La citt\u00e0 di Shade non \u00e8 apparsa nell\u2019Anauroch<\/li>\n<li>Waukeen \u00e8 scomparsa nel Tempo dei Disordini. I suoi chierici sono consci di ricevere gli incantesimi da Liira<\/li>\n<\/ul>\n<p align=\"justify\">I nomi di Elminster, Halaster, degli Arpisti, delle Fasce Rosse e degli Alti Elfi di Evermeet sono sulla bocca di tutti nel Faerun, almeno tutti quelli con una minima cultura, e quindi a Waterdeep tutti. Il 90% delle persone per\u00f2 non li vede come poteri affidabili, anzi, li ritiene creature o gruppi temibili e quindi sospetti. Piantano grane insomma, quando appaiono loro ci sono problemi.<\/p>\n<p align=\"justify\"><span style=\"color: #ff0000;\"><b>IL CALENDARIO:<\/b><\/span><\/p>\n<p>Ogni mese \u00e8 di 30 giorni, divisi in 3 decadi. I giorni feriali sono il 5\u00b0 e il 10\u00b0 di ogni decade.<\/p>\n<div id=\"attachment_2075\" style=\"width: 1034px\" class=\"wp-caption aligncenter\"><img loading=\"lazy\" decoding=\"async\" aria-describedby=\"caption-attachment-2075\" class=\"wp-image-2075 size-large\" src=\"https:\/\/www.manq.it\/waterdeep\/wp-content\/uploads\/Calendario-Waterdeep-1024x729.jpg\" alt=\"\" width=\"1024\" height=\"729\" srcset=\"https:\/\/www.manq.it\/waterdeep\/wp-content\/uploads\/Calendario-Waterdeep-1024x729.jpg 1024w, https:\/\/www.manq.it\/waterdeep\/wp-content\/uploads\/Calendario-Waterdeep-300x214.jpg 300w, https:\/\/www.manq.it\/waterdeep\/wp-content\/uploads\/Calendario-Waterdeep-768x547.jpg 768w\" sizes=\"auto, (max-width: 1024px) 100vw, 1024px\" \/><p id=\"caption-attachment-2075\" class=\"wp-caption-text\">Il calendario di Waterdeep<\/p><\/div>\n<p><span style=\"color: #ff0000;\"><b style=\"font-size: 1em;\">WATERDEEP:<\/b><\/span><\/p>\n<ul>\n<li>Metropoli (1.347.840 abitanti);<\/li>\n<li>Popolazione: umani (64%), nani (10%), elfi (10%), halflings (5%), mezzelfi (5%), gnomi (3%), mezzorchi (2%);<\/li>\n<li>Governo: oligarchia (I Lord di Waterdeep&#8221;, anonimi eccetto il Lord Svelato);<\/li>\n<li>Religioni praticate: tutte, principalmente Deneir, Mystra e Oghma;<\/li>\n<li>Importazioni: cereali, bestiame, cuoio, pietra, legno e merci esotiche;<\/li>\n<li>Esportazioni: birra, armi, vestiti, arredamento, merci in cuoio, vasellame, metalli raffinati e ogni sorta di merce raffinata e finita<\/li>\n<\/ul>\n<p align=\"justify\">Waterdeep \u00e8 la citt\u00e0 pi\u00f9 cosmopolita di tutta Faerun, principalmente grazie al suo grande porto, ad un&#8217;ottima reggenza, ad uno spirito tollerante e ad una potente tradizione magica che generalmente &#8220;sforna&#8221; potenti maghi buoni, pi\u00f9 che malvagi. In questa citt\u00e0 si pu\u00f2 trovare di tutto, ma non \u00e8 un crogiuolo unico, ma piuttosto l&#8217;insieme di pi\u00f9 culture che risplendono ognuna accanto alle altre.<br \/>\nE&#8217; soprannominata &#8220;La Citt\u00e0 degli Splendori&#8221;, mai con ironia, poich\u00e9 la gente del Faerun sa che Waterdeep \u00e8 una meraviglia e che l\u00ec la vita \u00e8 meglio che altrove.<\/p>\n<p><span style=\"color: #ff0000;\"><strong>ORGANIZZAZIONI CITTADINE:<\/strong><\/span><\/p>\n<ul>\n<li>\n<p align=\"justify\"><b>Vigilanza cittadina<\/b>: uno dei due corpi armati di Waterdeep, mantenuti nel castello, ha la funzione di forza di polizia. Le guardie vestono in uniformi verdi, nere e dorate. Sono ben addestrate e ben equipaggiate con armatura di cuoio, manganello e spada corta. Preferiscono risolvere le controversie a voce, piuttosto che usare la violenza, ma se \u00e8 necessario arrivare alle mani, usano il corno in dotazione per chiamare rinforzi;<\/p>\n<\/li>\n<li>\n<p align=\"justify\"><b>Guardia cittadina<\/b>: sono di istanza anche loro nel castello di Waterdeep, ma, a differenza della vigilanza, sono soldati professionisti, responsabili della difesa della citt\u00e0, a guardia dei cancelli, dei punti nevralgici e delle personalit\u00e0 importanti. Indossano un&#8217;armatura di piastre o un giaco di maglia e sono armati con spada corta e arco corto;<\/p>\n<\/li>\n<li>\n<p align=\"justify\">Altre forze armate di Waterdeep sono le <b>Mani Grigie<\/b>, elite combattente locale, i <b>Cavalca-Grifoni<\/b>, con base sul Monte, e gli alleati <b>Tritoni<\/b> nel porto. I <b>Magister<\/b> sono invece i Giudici della citt\u00e0, chiamati \u201cVesti Nere\u201d per via della tuniche associate al loro ruolo.<\/p>\n<\/li>\n<li>\n<p align=\"justify\"><b>Gilde<\/b>: un tempo le gilde di artigiani e commercianti governavano la citt\u00e0, e per le loro faide interne, Waterdeep rischi\u00f2 di essere spazzata via dall&#8217;invasione degli orchi. Per questo motivo, ora, queste gilde (sono circa 40) si occupano dei commerci e lasciano il potere politico ai Lord. La gilda di ladri della citt\u00e0, i Ladri dell\u2019Ombra, fu scacciata circa un secolo fa. Tentano da allora di tornare, e altri poteri tramano nell\u2019ombra, inevitablmente;<\/p>\n<\/li>\n<li>\n<p align=\"justify\"><b>Alleanza dei Lord<\/b>: i Lord di Waterdeep presiedono un consiglio in cui, oltre a loro, ci sono anche i signori delle potenze della Costa della Spada e tutti coloro i cui interessi coincidono con quelli della citta&#8217; stessa;<\/p>\n<\/li>\n<li>\n<p align=\"justify\"><b>Lord di Waterdeep<\/b>: un consiglio di 16 membri che mantengono le loro identit\u00e0 segrete governa Waterdeep. I Signori compaiono in pubblico solo mascherati e coperti da protezioni magiche contro divinazioni di ogni sorta. L&#8217;unico &#8220;Lord Svelato&#8221; e&#8217; <a class=\"wp-live-preview\" href=\"https:\/\/www.manq.it\/waterdeep\/wp-content\/gallery\/png\/Piergeiron-the-Paladinson.jpg\" target=\"_blank\" rel=\"noopener\">Piergeiron Paladinson<\/a>, paladino di Tyr, Protettore di Waterdeep e comandante della Vigilanza Cittadina e della Guardia Cittadina; il suo palazzo, al centro del castello, \u00e8 la sede del governo. Le identit\u00e0 degli altri membri sono un mistero: l&#8217;unica certezza \u00e8 che sono dei politici responsabili e delle ottime guide;<\/p>\n<\/li>\n<li>\n<p align=\"justify\"><b>Vigile Ordine di Maghi Protettori<\/b>: \u00e8 fortemente consigliato che tutti i gli incantatori arcani si iscrivano a questa Gilda, se vogliono praticare la magia in Waterdeep. L&#8217;iscrizione costa 40 MO senza tasse annuali (a meno che non si aspiri allo stato di Membro della Gilda). I soci possono acquistare rare componenti magiche e alcuni oggetti magici alla Torre dell&#8217;Ordine, quartiere generale della Gilda;<\/p>\n<\/li>\n<li>\n<p align=\"justify\"><b>Nobilt\u00e0<\/b>: le famiglie Nobili di Waterdeep rappresentano una comunit\u00e0 estremamente facoltosa ed attiva politicamente ed economicamente: i Lord comandano dal punto di vista amministrativo e legislativo, ma le famiglie nobili sono temute e rispettate in tutta la citt\u00e0; in fondo, ci\u00f2 che comanda a Waterdeep sono i soldi.<\/p>\n<\/li>\n<\/ul>\n<p><span style=\"color: #ff0000;\"><strong>I QUARTIERI DI WATERDEEP:<\/strong><\/span><\/p>\n<ul>\n<li>\n<p align=\"justify\"><b>Quartiere del castello<\/b>: situato nel centro della citt\u00e0, comprende il monte Waterdeep e rappresenta la sede del potere, luogo dove alloggiano gli esponenti di spicco della nobilt\u00e0. E&#8217; una fortezza difficile da espugnare, situata sul monte e stipata di catapulte per tenere lontani gli invasori. La pi\u00f9 recente invasione \u00e8 avvenuta nel 1369 DR da parte dei sahuagin. Qui risiedono sia la Guardia che la Vigilanza.<\/p>\n<\/li>\n<li>\n<p align=\"justify\"><b>Quartiere del porto<\/b>: rispetto al resto della citt\u00e0, questo quartiere \u00e8 sporco, fetido, con costruzioni brutte e poco stabili: generalmente pericoloso.<\/p>\n<\/li>\n<li>\n<p align=\"justify\"><b>Quartiere nord:<\/b> \u00e8 la parte di citt\u00e0 riservata al ceto medio benestante, ai nobili minori e ai mercanti ricchi.<\/p>\n<\/li>\n<li>\n<p align=\"justify\"><b>Quartiere del mare<\/b>: \u00e8 il quartiere pi\u00f9 ricco della citt\u00e0, vi alloggiano le famiglie dei nobili e vi si possono trovare strade grandi e pulite, statue bellissime, negozi luminosi e costosi e la piazza principale, il Campo del Trionfo.<\/p>\n<\/li>\n<li>\n<p align=\"justify\"><b>Quartiere meridionale<\/b>: conosciuto anche come &#8220;Citt\u00e0 Carovaniera&#8221;, questo quartiere funge da magazzino, carico e scarico di merci da parte delle carovane che passano dalla porta sud della citt\u00e0. E&#8217; molto ben pattugliato dalla Vigilanza e i suoi abitanti sono abituati a vedere stranieri sopraggiungere, a cui fornire informazioni per alloggi e divertimenti.<\/p>\n<\/li>\n<li>\n<p align=\"justify\"><b>Quartiere commerciale<\/b>: questa porzione della citt\u00e0 non \u00e8 mai realmente inattiva, se non durante i festival. Durante la notte, molte luci (anche magiche) tengono vivo le strade e i negozi di questo quartiere. Le gilde pi\u00f9 importanti della citt\u00e0 hanno la loro sede in questa zona, accanto alle propire attivit\u00e0 commerciali.<\/p>\n<\/li>\n<li>\n<p align=\"justify\"><b>La citta&#8217; dei morti<\/b>: \u00e8 un grande cimitero aperto al pubblico durante il giorno e chiuso e sorvegliato durante la notte. I cittadini e gli stranieri che non vogliono essere visti durante i loro affari li svolgono sulle tombe di notte, solitamente. Le tombe sono anche custodite con protezioni magiche (si dice che alcune siano portali per altri piani, alcuni dei quali sono semipiani non in grado di supportare la vita, ma in grado di seppellire i morti).<\/p>\n<\/li>\n<\/ul>\n<p><span style=\"color: #ff0000;\"><strong>ALTRI LUOGHI NOTI IN WATERDEEP<\/strong>:<\/span><\/p>\n<ul>\n<li>\n<p align=\"justify\"><b>Nuovo Olamn<\/b>: uno dei pochi collegi per bardi di Faerun, situato sul monte Waterdeep;<\/p>\n<\/li>\n<li>\n<p align=\"justify\"><b>Sottomonte<\/b>: una lunga serie di cunicoli, divisi in pi\u00f9 piani, scavati manualmente o con incantesimi giace sotto la citt\u00e0 da tempo immemore. Il suo abitante \u00e8 <a class=\"wp-live-preview\" href=\"https:\/\/www.manq.it\/waterdeep\/wp-content\/gallery\/protagonisti-della-storia-di-waterdeep\/Halaster.jpg\" target=\"_blank\" rel=\"noopener\">Halaster Blackcloak<\/a>, un mago pazzo che ha utilizzato la magia per creare questo luogo, evocando diversi generi di creature. Non molti avventurieri osano avventurarsi in questi infiniti anfratti, nonostante il richiamo delle leggendarie ricchezze qui sepolte sia forte. C&#8217;\u00e8 stato un periodo, agli albori di Waterdeep, in cui orde di avventurieri hanno provato ad &#8220;invadere&#8221; per saccheggiare la &#8220;casa&#8221; di Halaster, ma molti non sono tornati. L\u2019ingresso pubblicamente noto \u00e8 nella taverna \u201cIl Portale Sbadigliante\u201d, ma si vocifera che ve ne siano innumerevoli, segretamente.<\/p>\n<\/li>\n<\/ul>\n<p><span style=\"color: #ff0000;\"><strong>ALTRI LUOGHI NOTI NEI DINTORNI DU WATERDEEP<\/strong>:<\/span><\/p>\n<ul>\n<li>\n<p align=\"justify\"><b>Foresta Ardeep<\/b>: ad un giorno di cammino da Wateerdeep si trova questa foresta, patria degli elfi della luna, che un tempo si estendeva fino alla Grande Foresta. Circolano voci riguardo il potere elfico che questa foresta tuttora emana e le creature malvagie non vi si avventurano quasi mai;<\/p>\n<\/li>\n<li>\n<p align=\"justify\"><b>Mare dei Morti<\/b>: \u00e8 una palude, chiamata cosi a causa del sacrificio di migliaia di guerrieri umani, elfi e nani che si sono immolati, secoli or sono, per contrastare l&#8217;invasione da parte di un esercito di orchi. Da allora, questo luogo e&#8217; diventato ancora piu&#8217; terrificante, a causa della presenza molto forte di mostri delle paludi e di un drago nero di nome Voaraghamanthar. Leggende narrano di grandi tesori affondati in castelli mezzi sommersi dall&#8217;acqua;<\/p>\n<\/li>\n<li>\n<p align=\"justify\"><b>Skullport<\/b>: si dice che sia un villaggio sotterraneo, popolato dagli scarti della societ\u00e0 e da pericolosi mostri.<\/p>\n<\/li>\n<\/ul>\n","protected":false},"excerpt":{"rendered":"<p>L\u2019anno in cui si svolgono le vicende narrate in questo sito \u00e8 il 1370 CV (Calendario delle Valli), quindi: Bane \u00e8 morto nel Tempo dei Disordini e non \u00e8 tornato La citt\u00e0 di Shade non \u00e8 apparsa nell\u2019Anauroch Waukeen \u00e8 scomparsa nel Tempo dei Disordini. I suoi chierici sono consci di ricevere gli incantesimi da Liira I nomi di Elminster, &hellip; <a class=\"meta-nav\" href=\"https:\/\/www.manq.it\/waterdeep\/?page_id=29\">Continue reading &rarr;<\/a><\/p>\n","protected":false},"author":2,"featured_media":0,"parent":0,"menu_order":1,"comment_status":"open","ping_status":"closed","template":"","meta":{"ngg_post_thumbnail":0,"footnotes":""},"class_list":["post-29","page","type-page","status-publish","hentry"],"_links":{"self":[{"href":"https:\/\/www.manq.it\/waterdeep\/index.php?rest_route=\/wp\/v2\/pages\/29","targetHints":{"allow":["GET"]}}],"collection":[{"href":"https:\/\/www.manq.it\/waterdeep\/index.php?rest_route=\/wp\/v2\/pages"}],"about":[{"href":"https:\/\/www.manq.it\/waterdeep\/index.php?rest_route=\/wp\/v2\/types\/page"}],"author":[{"embeddable":true,"href":"https:\/\/www.manq.it\/waterdeep\/index.php?rest_route=\/wp\/v2\/users\/2"}],"replies":[{"embeddable":true,"href":"https:\/\/www.manq.it\/waterdeep\/index.php?rest_route=%2Fwp%2Fv2%2Fcomments&post=29"}],"version-history":[{"count":22,"href":"https:\/\/www.manq.it\/waterdeep\/index.php?rest_route=\/wp\/v2\/pages\/29\/revisions"}],"predecessor-version":[{"id":2547,"href":"https:\/\/www.manq.it\/waterdeep\/index.php?rest_route=\/wp\/v2\/pages\/29\/revisions\/2547"}],"wp:attachment":[{"href":"https:\/\/www.manq.it\/waterdeep\/index.php?rest_route=%2Fwp%2Fv2%2Fmedia&parent=29"}],"curies":[{"name":"wp","href":"https:\/\/api.w.org\/{rel}","templated":true}]}}