{"id":74,"date":"2013-07-28T22:00:03","date_gmt":"2013-07-28T20:00:03","guid":{"rendered":"http:\/\/www.manq.it\/waterdeep\/?page_id=74"},"modified":"2018-01-30T18:49:33","modified_gmt":"2018-01-30T17:49:33","slug":"leggi-e-sanzioni-a-waterdeep","status":"publish","type":"page","link":"https:\/\/www.manq.it\/waterdeep\/?page_id=74","title":{"rendered":"Leggi e sanzioni a Waterdeep"},"content":{"rendered":"<p><span style=\"color: #ff0000;\"><b style=\"font-size: 1em; line-height: 1.5;\">REGOLAMENTAZIONI VARIE:<\/b><\/span><\/p>\n<ol>\n<li style=\"text-align: justify;\">La Corte dei Lord presiede a tutti le accuse per crimini gravi, gli altri sono affidati invece ai magistrati<\/li>\n<li style=\"text-align: justify;\">La schiavit\u00f9 \u00e8 illegale all&#8217;interno della citt\u00e0 e qualunque schiavo portato in citt\u00e0 \u00e8 considerato libero.<\/li>\n<li style=\"text-align: justify;\">Le armi possono essere portate ma \u00e8 consentito il loro utilizzo solo in caso di legittima difesa.<\/li>\n<li style=\"text-align: justify;\">I debiti devono essere pagati per intero, anche a costo di prestare servizio presso il creditore.<\/li>\n<li style=\"text-align: justify;\">I duelli sono legali solo in specifiche zone della citt\u00e0, con un magistrato o una guardia a fare da arbitro e raramente sono all&#8217;ultimo sangue.<\/li>\n<li style=\"text-align: justify;\">I Lord proibiscono comunque duelli tra capi di gilda, case nobili o chiese rivali.<\/li>\n<li style=\"text-align: justify;\">E&#8217; possibile utilizzare la magia fatta esclusione per incantesimi che occultano il cittadino stesso (invisibilita&#8217; e simili), evocazione di qualsivoglia creatura pericolosa, incantesimi di autometamorfosi e illusione che potrebbero turbare la vita cittadina.<\/li>\n<li style=\"text-align: justify;\">Non si possono vendere veleni, droghe o altre sostanze pericolose, ne oggetti magici maledetti o la cui funzione non sia ben chiara.<\/li>\n<\/ol>\n<p><span style=\"color: #ff0000;\"><b>&nbsp;<\/b><b>PENE:<\/b><\/span><\/p>\n<p style=\"text-align: justify;\"><span style=\"line-height: 1.5;\"><strong>&nbsp; &nbsp; &nbsp; A<\/strong> &#8211; Morte (istantanea)<\/span><br \/>\n<span style=\"line-height: 1.5;\"><strong>&nbsp; &nbsp; &nbsp; B<\/strong> &#8211; Morte (alla condanna)<\/span><br \/>\n<span style=\"line-height: 1.5;\"><strong>&nbsp; &nbsp; &nbsp; C<\/strong> &#8211; Esilio a vita da Waterdeep<\/span><br \/>\n<span style=\"line-height: 1.5;\"><strong>&nbsp; &nbsp; &nbsp; D<\/strong> &#8211; Mutilazione (amputazione dell\u2019arto offensivo, marchiatura)<\/span><br \/>\n<span style=\"line-height: 1.5;\"><strong>&nbsp; &nbsp; &nbsp; E<\/strong> &#8211; Lavori Forzati<\/span><br \/>\n<span style=\"line-height: 1.5;\"><strong>&nbsp; &nbsp; &nbsp; F<\/strong> &#8211; Imprigionamento (celle)<\/span><br \/>\n<span style=\"line-height: 1.5;\"><strong>&nbsp; &nbsp; &nbsp; G<\/strong> &#8211; Imprigionamento (servizio lavorativo presso il castello o per la citt\u00e0)<\/span><br \/>\n<span style=\"line-height: 1.5;\"><strong>&nbsp; &nbsp; &nbsp; H<\/strong> &#8211; Multa da pagare alla citt\u00e0<\/span><br \/>\n<span style=\"line-height: 1.5;\"><strong>&nbsp; &nbsp; &nbsp; &nbsp;I<\/strong> &#8211; Risarcimento da pagare alla parte lesa<\/span><br \/>\n<span style=\"line-height: 1.5;\"><strong>&nbsp; &nbsp; &nbsp; J<\/strong> &#8211; Editto contro il colpevole (ad es. impedimento ad esercitare la professione)<\/span><\/p>\n<p><b>&nbsp;<\/b><span style=\"color: #ff0000;\"><b>REATI:<\/b><\/span><\/p>\n<p style=\"text-align: justify;\">I reati a Waterdeep si dividono in quattro capi di Imputazione:<\/p>\n<ul style=\"text-align: justify;\">\n<li>I: Crimini contro i Lord<\/li>\n<li>II: Crimini contro la Citt\u00e0<\/li>\n<li>III: Crimini contro gli Dei<\/li>\n<li>IV: Crimini contro i cittadini<\/li>\n<\/ul>\n<p style=\"text-align: justify;\">A loro volta questi capi di imputazione prevedono 4 suddivisioni, ciascuno in base alla gravit\u00e0 (Grave, Serio, Medio, Minore).<br \/>\nSegue la lista dei reati nel dettaglio.<br \/>\n(reato:&nbsp;<b>pena<\/b>&nbsp;<i>-capo di imputazione e gravita&#8217;-<\/i>)<\/p>\n<ul style=\"text-align: justify;\">\n<li>Aggressione di bestiame:&nbsp;<b>I<\/b>&nbsp;(costo delle cure + fino a 500mo) <i>-IV Medio-<\/i><\/li>\n<li>Aggressione (senza ferimento o rapina):&nbsp;<b>F<\/b>&nbsp;(una notte) +&nbsp;<b>I<\/b>&nbsp;(fino a 50mo)&nbsp;<i>-IV Minore-<\/i><\/li>\n<li>Aggressione con ferimento:&nbsp;<b>I<\/b>&nbsp;(costo delle cure + fino a 500mo) +&nbsp;<b>J<\/b>&nbsp;<i>-IV Medio-<\/i><\/li>\n<li>Aggressione con mutilazione della vittima:&nbsp;<b>D<\/b>&nbsp;+&nbsp;<b>I<\/b>&nbsp;(fino a 2000mo) o&nbsp;<b>E<\/b>&nbsp;(fino a 3 anni) +&nbsp;<b>I<\/b>&nbsp;<i>-IV Grave-<\/i><\/li>\n<li>Aggressione di un magistrato:&nbsp;<b>B<\/b>&nbsp;o&nbsp;<b>F <\/b>(10 anni)&nbsp;dopo fustigazione &nbsp;<i>-I Grave-<\/i><\/li>\n<li>Aggressione di un membro del clero o laico devoto:&nbsp;<b>I<\/b>&nbsp;(fino a 500mo) +&nbsp;<b>J<\/b> + eventuali condanne relative al quarto Capo di Imputazione&nbsp;<i>-III Medio-<\/i><\/li>\n<li>Aggressione di un pubblico ufficiale in servizio:&nbsp;<b>F<\/b>&nbsp;(1 settimana) +&nbsp;<b>H<\/b>&nbsp;(in base alle facolt\u00e0 del colpevole; se nullatenente, fustigazione)&nbsp;<i>-I Medio-<\/i><\/li>\n<li>Aggressione magica:&nbsp;<b>H<\/b>&nbsp;(fino a 1000mo) +&nbsp;<b>I<\/b>&nbsp;(fino a 2000mo) +&nbsp;<b>J<\/b>&nbsp;<i>-IV Grave-<\/i><\/li>\n<li>Alto tradimento (inclusa aggressione di un Lord):&nbsp;<b>A<\/b>&nbsp;<i>-I Grave-<\/i><\/li>\n<li>Attracco illegale al porto:&nbsp;<b>C<\/b> (1 anno)<b> + H<\/b>&nbsp;(500mo)&nbsp;<i>-II Medio-<\/i><\/li>\n<li>Avvelenamento dell&#8217;acqua nei pozzi (include tentativi di controllarli in qualsiasi modo):&nbsp;<b>A<\/b>&nbsp;<i>-II Grave-<\/i><\/li>\n<li>Bestemmia contro i Lord, magistrati o pubblici ufficiali:&nbsp;<b>G<\/b>&nbsp;(4 giorni) +&nbsp;<b>H<\/b>&nbsp;(120mo)&nbsp;<i>-I Minore-<\/i><\/li>\n<li>Bestemmia contro ambasciatori forestieri:&nbsp;<b>G <\/b>(fino ad una settimana) +&nbsp;<b>H<\/b>&nbsp;(50mo) +&nbsp;<b>J<\/b>&nbsp;<i>-II Minore-<\/i><\/li>\n<li>Bestemmia pubblica contro gli Dei o il loro clero:&nbsp;<b>I<\/b>&nbsp;(fino a 10mo) +&nbsp;<b>J<\/b>&nbsp;<i>-III Minore-<\/i><\/li>\n<li>Brandire un&#8217;arma senza alcuna motivazione valida (NB: una rissa non \u00e8 motivazione valida a meno che non si sia minacciati da un\u2019arma):&nbsp;<b>F<\/b>&nbsp;(1 notte) +&nbsp;<b>H<\/b>&nbsp;(1mo)&nbsp;<i>-II Minore-<\/i><\/li>\n<li>Cattiva condotta durante una funzione religiosa:&nbsp;<b>I<\/b>&nbsp;(fino a 5mo) +&nbsp;<b>J<\/b>&nbsp;<i>-III Minore-<\/i><\/li>\n<li>Contrabbando di oggetti rubati:&nbsp;<b>G<\/b>&nbsp;(fino a 2 anni) +&nbsp;<b>H<\/b>&nbsp;(doppio del prezzo della merce) +&nbsp;<b>J<\/b>&nbsp;<i>-II Serio-<\/i><\/li>\n<li>Corruzione:&nbsp;<b>G<\/b>&nbsp;(1 settimana) e\/o&nbsp;<b>H<\/b>&nbsp;(importo tangente)&nbsp;<i>-II Minore-<\/i><\/li>\n<li>Corruzione di pubblico ufficiale (tentata o comprovata):&nbsp;<b>C<\/b> (fino a 20 anni) + confisca di tutti i beni salvo un\u2019arma, vestiti e cibo per una settimana&nbsp;<i>-II Serio-<\/i><\/li>\n<li>Danni ad una propriet\u00e0:&nbsp;<b>I<\/b>&nbsp;(valore dei danni + fino a 500mo) + <b>J<\/b>&nbsp;<i>-IV Medio-<\/i><\/li>\n<li>Disobbedienza volontaria di uno degli editti dei Lord:&nbsp;<b>H<\/b>&nbsp;(fino a 1000mo) o&nbsp;<b>C<\/b>&nbsp;(fino a 5 anni) <i>-I Serio-<\/i><\/li>\n<li>Disturbo alla quiete pubblica:&nbsp;<b>I<\/b>&nbsp;(fino a 25mo) +&nbsp;<b>J<\/b>&nbsp;<i>-IV Minore-<\/i><\/li>\n<li>Duello fuorilegge:&nbsp;<b>G<\/b>&nbsp;(1 settimana) +&nbsp;<b>H<\/b>&nbsp;(100mo) +&nbsp;<b>J<\/b>&nbsp;<i>-II Medio-<\/i><\/li>\n<li>Duello fuorilegge (con omicidio):&nbsp;<b>C<\/b>&nbsp;(fino a 5 anni) +&nbsp;<b>I<\/b>&nbsp;(alla famiglia, 1000mo) o&nbsp;<b>E<\/b>&nbsp;(fino a 3 anni) +&nbsp;<b>I<\/b>&nbsp;<i>-II Serio-<\/i><\/li>\n<li>Falsificazione:&nbsp;<b>C<\/b>&nbsp;(fino a 20 anni) +&nbsp;<b>D<\/b>&nbsp;+ confisca di tutti i beni salvo un\u2019arma, vestiti e cibo per una settimana <i>-IV Grave-<\/i><\/li>\n<li>Falsificazione di un documento ufficiale:&nbsp;[<b>B<\/b>&nbsp;o&nbsp;<b>C <\/b>(permanente)]&nbsp;+&nbsp;<b>D<\/b>&nbsp;<i>-I Grave-<\/i><\/li>\n<li>Frode:&nbsp;{[<b>C<\/b>&nbsp;(permanente) +&nbsp;<b>I<\/b>]&nbsp;o&nbsp;[<b>F<\/b>&nbsp;(fino a 10 anni) +&nbsp;<b>I<\/b>]}&nbsp;+&nbsp;<b>J<\/b>&nbsp;<i>-II Serio-<\/i><\/li>\n<li>Furto:&nbsp;<b>F<\/b>&nbsp;(fino a 3 mesi) +&nbsp;<b>I<\/b>&nbsp;(valore dei beni persi + fino a 500mo)&nbsp;<i>-IV Serio-<\/i><\/li>\n<li>Furto o uccisione di cavalcature:&nbsp;<b>I<\/b>&nbsp;(doppio del prezzo)&nbsp;<i>-IV Serio-<\/i><\/li>\n<li>Furto o uccisione di bestiame:&nbsp;<b>I<\/b>&nbsp;(doppio del prezzo)&nbsp;<i>-IV Serio-<\/i><\/li>\n<li>Furto di oggetti del tempio:&nbsp;<b>F<\/b>&nbsp;(fino a 1 mese) +&nbsp;<b>I<\/b>&nbsp;(doppio del valore degli oggetti) +&nbsp;<b>J<\/b>&nbsp;<i>-III Serio-<\/i><\/li>\n<li>Furto nelle tombe:&nbsp;<b>G<\/b>&nbsp;(fino a 1 settimana) +&nbsp;<b>I<\/b>&nbsp;(risarcimento riparazioni + fino a 500mo) +&nbsp;<b>J<\/b>&nbsp;<i>-III Serio-<\/i><\/li>\n<li>Furto, vandalismo o incendio a danni del Palazzo o delle Mura della Citt\u00e0:&nbsp;<b>E<\/b>&nbsp;+&nbsp;<b>H<\/b>&nbsp;(costi riparazioni + 2000mo)&nbsp;<i>-I Serio-<\/i><\/li>\n<li>Illegale osservazione o copiatura di un documento ufficiale:&nbsp;<b>F<\/b>&nbsp;(3 settimane) +&nbsp;<b>H<\/b>&nbsp;(300mo)&nbsp;<i>-I Medio-<\/i><\/li>\n<li>Impedimento illegale al commercio:&nbsp;<b>I<\/b>&nbsp;(fino a 500mo) +&nbsp;<b>J<\/b>&nbsp;<i>-IV Medio-<\/i><\/li>\n<li>Impersonificazione di un ufficiale o di una guardia:&nbsp;<b>F<\/b>&nbsp;+&nbsp;<b>H<\/b>&nbsp;(5000mo) + fustigazione &nbsp;<i>-I Serio-<\/i><\/li>\n<li>Impersonificazione di un Lord:&nbsp;<b>A<\/b>&nbsp;<i>-I Grave-<\/i><\/li>\n<li>Impersonificazione di un magistrato:&nbsp;<b>B<\/b>&nbsp;dopo fustigazione <i>-I Grave-<\/i><\/li>\n<li>Incendio (navi, case o risorse di magazzino):&nbsp;<b>E<\/b>&nbsp;(fino a 3 mesi) +&nbsp;<b>I<\/b>&nbsp;(risarcimento + 500mo) e\/o&nbsp;<b>C<\/b> (fino a 10 anni)&nbsp;<i>-IV Grave-<\/i><\/li>\n<li>Intrusione aerea illegale (creature intelligenti nello spazio aereo della Citt\u00e0):&nbsp;<b>H <\/b>(300mo) +&nbsp;<b>J<\/b>&nbsp;(nota che in tempi di guerra la pena pu\u00f2 anche essere&nbsp;<b>A<\/b>)&nbsp;<i>-II Minore-<\/i><\/li>\n<li>Insulto contro i Lord, magistrati o pubblici ufficiali:&nbsp;<b>G<\/b>&nbsp;(4 giorni) +&nbsp;<b>H<\/b>&nbsp;(20mo)&nbsp;<i>-I Serio-<\/i><\/li>\n<li>Manovra pericolosa di Carrozza, Carro, o altro mezzo: <b>H<\/b>&nbsp;(5-50mo) + eventuali condanne relative al quarto capo di imputazione&nbsp;<i>-II Minore-<\/i><\/li>\n<li>Omicidio:&nbsp;<b>B<\/b>&nbsp;o&nbsp;<b>E<\/b>&nbsp;(10-15 anni)&nbsp;<i>-II Grave-<\/i><\/li>\n<li>Omicidio giustificato:&nbsp;<b>C<\/b>&nbsp;(fino a 5 anni) o&nbsp;<b>E<\/b>&nbsp;(fino a 3 anni)&nbsp;<i>-II Serio-<\/i><\/li>\n<li>Profanazione di un Sacro Tempio:&nbsp;<b>C<\/b>&nbsp;(5 anni) +&nbsp;<b>I<\/b>&nbsp;o&nbsp;<b>I<\/b> + [<b>E<\/b>&nbsp;(fino a 5 anni) o&nbsp;<b>F<\/b> (fino a 3 anni)]&nbsp;<i>-III Grave-<\/i><\/li>\n<li>Rapina: E (fino a 1 mese) + I (valore dei beni persi + fino a 500mo)&nbsp;<i>-IV Serio-<\/i><\/li>\n<li>Ripetizione di uno dei crimini medi o leggeri del I Capo di Imputazione:&nbsp;<b>E<\/b>&nbsp;o&nbsp;<b>F<\/b>&nbsp;(1 mese) e\/o&nbsp;<b>H<\/b>&nbsp;(fino a 1000mo)&nbsp;<i>-I Serio-<\/i><\/li>\n<li>Ripetizione di uno dei crimini medi o leggeri del II Capo di Imputazione:&nbsp;<b>F<\/b>&nbsp;(1 mese) +&nbsp;<b>H<\/b>&nbsp;(fino a 1000mo) +&nbsp;<b>J<\/b>&nbsp;<i>-II Serio-<\/i><\/li>\n<li>Ripetizione di uno dei crimini medi o leggeri del III Capo di Imputazione:&nbsp;<b>G<\/b>&nbsp;(fino a 1 settimana) +&nbsp;<b>H<\/b>&nbsp;(fino a 1000mo) +&nbsp;<b>J<\/b>&nbsp;<i>-III Serio-<\/i><\/li>\n<li>Ripetizione di uno dei crimini medi o leggeri del IV Capo di Imputazione:&nbsp;<b>F<\/b>&nbsp;(fino a 1 settimana) +&nbsp;<b>I<\/b>&nbsp;(doppio) o&nbsp;<b>G<\/b>&nbsp;(fino a 2 settimane) +&nbsp;<b>I<\/b>&nbsp;(doppio)&nbsp;<i>-IV Serio-<\/i><\/li>\n<li>Schiavismo:&nbsp;<b>C<\/b> (fino a 10 anni) + fustigazione (in caso di evidenti crudelt\u00e0)&nbsp;<i>-IV Grave-<\/i><\/li>\n<li>Spionaggio o sabotaggio:&nbsp;<b>B<\/b>&nbsp;o&nbsp;<b>C<\/b>&nbsp;(permanente) +&nbsp;<b>H<\/b>&nbsp;(costi delle riparazioni + 2000-5000mo) o&nbsp;<b>F<\/b>&nbsp;(20 anni) +&nbsp;<b>H<\/b>&nbsp;<i>-II Grave-<\/i><\/li>\n<li>Sporcare la citt\u00e0:&nbsp;<b>F<\/b>&nbsp;(per una notte) +&nbsp;<b>H<\/b>&nbsp;(da 2ma a 1mo) +&nbsp;<b>J<\/b>&nbsp;<i>-II Minore-<\/i><\/li>\n<li>Uso Improprio della Magia&nbsp;:&nbsp;<b>H<\/b>(100mo) +&nbsp;<b>J<\/b>&nbsp;<i>-II Medio-<\/i><\/li>\n<li>Usura:&nbsp;<b>I<\/b>&nbsp;(rimborso della parte lesa, tutto il resto alla citt\u00e0)&nbsp;<i>-IV Serio-<\/i><\/li>\n<li>Vagabondaggio notturno: <b>F<\/b> (per una notte)&nbsp;<i>-II Minore-<\/i><\/li>\n<li>Violenza carnale: <b>D<\/b>&nbsp;+&nbsp;<b>I<\/b>&nbsp;(fino a 2000mo) o&nbsp;<b>E<\/b>&nbsp;(fino a 5 anni)+&nbsp;<b>I<\/b>&nbsp;o&nbsp;<b>F<\/b>&nbsp;(fino a 10 anni) +&nbsp;<b>I<\/b>&nbsp;<i>-IV Grave-<\/i><\/li>\n<\/ul>\n<p style=\"text-align: justify;\">Non sono previste cauzioni, n\u00e9 avvocati, anche se esistono \u201ctestimoni professionisti\u201d che a fronte di pagamento espongono gli eventi ai Magister in modo favorevole all\u2019indagato. Se colti a mentire, la pena \u00e8 l\u2019espulsione.<\/p>\n<p style=\"text-align: justify;\">A fronte di condanna a morte, \u00e8 usanza che il condannato richieda la conversione in esilio dentro Sottomonte. Pochi sopravvivono a questa clemenza.<\/p>\n","protected":false},"excerpt":{"rendered":"<p>REGOLAMENTAZIONI VARIE: La Corte dei Lord presiede a tutti le accuse per crimini gravi, gli altri sono affidati invece ai magistrati La schiavit\u00f9 \u00e8 illegale all&#8217;interno della citt\u00e0 e qualunque schiavo portato in citt\u00e0 \u00e8 considerato libero. Le armi possono essere portate ma \u00e8 consentito il loro utilizzo solo in caso di legittima difesa. I debiti devono essere pagati per &hellip; <a class=\"meta-nav\" href=\"https:\/\/www.manq.it\/waterdeep\/?page_id=74\">Continue reading &rarr;<\/a><\/p>\n","protected":false},"author":2,"featured_media":0,"parent":0,"menu_order":2,"comment_status":"open","ping_status":"closed","template":"","meta":{"ngg_post_thumbnail":0,"footnotes":""},"class_list":["post-74","page","type-page","status-publish","hentry"],"_links":{"self":[{"href":"https:\/\/www.manq.it\/waterdeep\/index.php?rest_route=\/wp\/v2\/pages\/74","targetHints":{"allow":["GET"]}}],"collection":[{"href":"https:\/\/www.manq.it\/waterdeep\/index.php?rest_route=\/wp\/v2\/pages"}],"about":[{"href":"https:\/\/www.manq.it\/waterdeep\/index.php?rest_route=\/wp\/v2\/types\/page"}],"author":[{"embeddable":true,"href":"https:\/\/www.manq.it\/waterdeep\/index.php?rest_route=\/wp\/v2\/users\/2"}],"replies":[{"embeddable":true,"href":"https:\/\/www.manq.it\/waterdeep\/index.php?rest_route=%2Fwp%2Fv2%2Fcomments&post=74"}],"version-history":[{"count":8,"href":"https:\/\/www.manq.it\/waterdeep\/index.php?rest_route=\/wp\/v2\/pages\/74\/revisions"}],"predecessor-version":[{"id":1902,"href":"https:\/\/www.manq.it\/waterdeep\/index.php?rest_route=\/wp\/v2\/pages\/74\/revisions\/1902"}],"wp:attachment":[{"href":"https:\/\/www.manq.it\/waterdeep\/index.php?rest_route=%2Fwp%2Fv2%2Fmedia&parent=74"}],"curies":[{"name":"wp","href":"https:\/\/api.w.org\/{rel}","templated":true}]}}