{"id":94,"date":"2013-07-29T09:47:50","date_gmt":"2013-07-29T07:47:50","guid":{"rendered":"http:\/\/www.manq.it\/waterdeep\/?page_id=94"},"modified":"2020-12-15T17:29:54","modified_gmt":"2020-12-15T16:29:54","slug":"la-casata-ruldegost","status":"publish","type":"page","link":"https:\/\/www.manq.it\/waterdeep\/?page_id=94","title":{"rendered":"La casata Ruldegost"},"content":{"rendered":"<p align=\"justify\">Anticamente, i Ruldegost erano una famiglia di spadaccini rubizzi, corpulenti, avvezzi ad una vita dura, che sposavano una serie eterogenea di mogli pazienti, che solitamente vivevano pi\u00f9 a lungo dei mariti; oppure restavano celibi e sbarazzini, diventando un altro dei famigerati &#8220;vecchi allupati zii Ruldegost&#8221;. Ma quando <a class=\"wp-live-preview\" href=\"https:\/\/www.manq.it\/waterdeep\/wp-content\/\/gallery\/\/la-casata-ruldegost\/Alaerik.jpg\" target=\"_blank\" rel=\"noopener\">Alaerik<\/a> divenne capo della Casa dopo la morte di suo padre <a class=\"wp-live-preview\" href=\"https:\/\/www.manq.it\/waterdeep\/wp-content\/\/gallery\/\/la-casata-ruldegost\/Norond.jpg\" target=\"_blank\" rel=\"noopener\">Norond<\/a>, tutti questi zii erano ormai morti.<br \/>\nQuesti Ruldegost pi\u00f9 anziani erano l&#8217;epitome di ci\u00f2 che alcuni Mastri di Gilda e ricchi mercanti Waterdhaviani deridevano come &#8220;nobili idioti, inetti alla guida di una societ\u00e0, governati come sono da iracondia, egocentrismo, dissolutezza, e da una vita di ozio egoistico.&#8221;<br \/>\nCi\u00f2 che salv\u00f2 i Ruldegost per anni \u00e8 stata la loro lealt\u00e0 verso la propria servit\u00f9, che a sua volta era molto fedele, e ha svolto, e svolge tuttora, gli affari di famiglia con grande competenza.<br \/>\nNon si pu\u00f2 dire che oggigiorno la Casata abbia purificato la propria immagine: molti membri della famiglia sono oggetto di voci poco lusinghiere, e spesso fondate. Tuttavia alcune figure, come <a class=\"wp-live-preview\" href=\"https:\/\/www.manq.it\/waterdeep\/wp-content\/gallery\/la-casata-ruldegost\/Alaerik.jpg\" target=\"_blank\" rel=\"noopener\">Lord Alaerik<\/a> e <a class=\"wp-live-preview\" href=\"https:\/\/www.manq.it\/waterdeep\/wp-content\/gallery\/la-casata-ruldegost\/Kara.jpg\" target=\"_blank\" rel=\"noopener\">Lady Kara<\/a>, ed in parte <a class=\"wp-live-preview\" href=\"https:\/\/www.manq.it\/waterdeep\/wp-content\/gallery\/la-casata-ruldegost\/lord-bly.jpg\" target=\"_blank\" rel=\"noopener\">Lord Bly<\/a>, hanno saputo guadagnarsi rispetto e\/o popolarit\u00e0 tra le altre Casate. La pi\u00f9 promettente in tal senso \u00e8 ora la giovane <a class=\"wp-live-preview\" href=\"https:\/\/www.manq.it\/waterdeep\/wp-content\/gallery\/la-casata-ruldegost\/lady-trethma.jpg\" target=\"_blank\" rel=\"noopener\">Lady Trethma<\/a>.<\/p>\n<p><span style=\"color: #ff0000;\"><strong>MEMBRI DELLA FAMIGLIA<\/strong><\/span><\/p>\n<p align=\"justify\"><a class=\"wp-live-preview\" href=\"https:\/\/www.manq.it\/waterdeep\/wp-content\/gallery\/la-casata-ruldegost\/Kara.jpg\" target=\"_blank\" rel=\"noopener\"><em>Lady Kara Ruldegost<\/em><\/a><br \/>\nNata nel 1274 CV, l\u2019Anno del Rospo Purpureo, Kara ha oggi 95 anni (compir\u00e0 i 96 il 22esimo giorno di Flamerule) ed \u00e8 la Matriarca della Casata.<br \/>\nDa 17 anni vedova di <a class=\"wp-live-preview\" href=\"https:\/\/www.manq.it\/waterdeep\/wp-content\/gallery\/la-casata-ruldegost\/Alaerik.jpg\" target=\"_blank\" rel=\"noopener\">Lord Alaerik<\/a> (anch\u2019egli era un Ruldegost, suo cugino di primo grado), ha visto anche morire il proprio primogenito, <a class=\"wp-live-preview\" href=\"https:\/\/www.manq.it\/waterdeep\/wp-content\/gallery\/la-casata-ruldegost\/Denthar.jpg\" target=\"_blank\" rel=\"noopener\">Dethnar<\/a>, caduto in un duello ufficiale che all\u2019et\u00e0 di 59 anni non avrebbe nemmeno dovuto intraprendere.<br \/>\nAnziana, avvizzita e rattrappita, non abbandona quasi pi\u00f9 le proprie stanze, confinata su un imponente scranno con un alto schienale, ma conserva un\u2019acuta intelligenza ed una lingua tagliente, e comanda la casa.<\/p>\n<p align=\"justify\"><a class=\"wp-live-preview\" href=\"https:\/\/www.manq.it\/waterdeep\/wp-content\/gallery\/la-casata-ruldegost\/lord-bly.jpg\" target=\"_blank\" rel=\"noopener\"><em>Lord Bly Ruldegost<\/em><\/a><br \/>\nNato nel 1313 CV, l\u2019Anno della Quercia Frantumata, Bly oggi ha 56 anni (compir\u00e0 il 57\u00b0 il 7\u00b0 giorno del mese di Uktar); figlio di <a class=\"wp-live-preview\" href=\"https:\/\/www.manq.it\/waterdeep\/wp-content\/gallery\/la-casata-ruldegost\/Kara.jpg\" target=\"_blank\" rel=\"noopener\">Kara<\/a> e del compianto <a class=\"wp-live-preview\" href=\"https:\/\/www.manq.it\/waterdeep\/wp-content\/gallery\/la-casata-ruldegost\/Alaerik.jpg\" target=\"_blank\" rel=\"noopener\">Alaerik<\/a>, fratello del defunto <a class=\"wp-live-preview\" href=\"https:\/\/www.manq.it\/waterdeep\/wp-content\/gallery\/la-casata-ruldegost\/Denthar.jpg\" target=\"_blank\" rel=\"noopener\">Lord Dethnar<\/a>, \u00e8 formalmente il Lord Reggente in vece di <a class=\"wp-live-preview\" href=\"https:\/\/www.manq.it\/waterdeep\/wp-content\/gallery\/la-casata-ruldegost\/Detan.jpg\" target=\"_blank\" rel=\"noopener\">Detan<\/a>, erede infante.<br \/>\nNon ha moglie n\u00e9 figli, ed \u00e8 spesso assente da Casa Ruldegost, per motivi politici e di lavoro.<\/p>\n<p align=\"justify\"><em><a class=\"wp-live-preview\" href=\"https:\/\/www.manq.it\/waterdeep\/wp-content\/gallery\/la-casata-ruldegost\/Detan.jpg\" target=\"_blank\" rel=\"noopener\">Giovane Lord Detan<\/a>, erede infante<\/em><br \/>\nNato nel 1359 CV, l\u2019Anno delle Fanciulle, Detan compir\u00e0 11 anni il 21\u00b0 giorno del mese di Ches. Figlio di <a class=\"wp-live-preview\" href=\"https:\/\/www.manq.it\/waterdeep\/wp-content\/gallery\/la-casata-ruldegost\/Denthar.jpg\" target=\"_blank\" rel=\"noopener\">Dethnar<\/a> ed <a class=\"wp-live-preview\" href=\"https:\/\/www.manq.it\/waterdeep\/wp-content\/gallery\/la-casata-ruldegost\/Essemra.jpg\" target=\"_blank\" rel=\"noopener\">Essemra<\/a>, entrambi defunti quando egli aveva un anno, \u00e8 l\u2019erede designato, ma la Reggenza \u00e8 in mano a <a class=\"wp-live-preview\" href=\"https:\/\/www.manq.it\/waterdeep\/wp-content\/gallery\/la-casata-ruldegost\/lord-bly.jpg\" target=\"_blank\" rel=\"noopener\">Lord Bly<\/a>.<\/p>\n<p align=\"justify\"><em><a class=\"wp-live-preview\" href=\"https:\/\/www.manq.it\/waterdeep\/wp-content\/gallery\/la-casata-ruldegost\/Nauvneene.jpg\" target=\"_blank\" rel=\"noopener\">Lady Nauvneene<\/a> e <a class=\"wp-live-preview\" href=\"https:\/\/www.manq.it\/waterdeep\/wp-content\/gallery\/la-casata-ruldegost\/Orlaethra.jpg\" target=\"_blank\" rel=\"noopener\">Lady Orlaethra<\/a><\/em><br \/>\nNate rispettivamente nel 1317 CV (l\u2019Anno del Drago Errante) e 1319 CV (l\u2019Anno del Trono Caduto), compiranno quest\u2019anno 53 e 51 anni. Poco popolari sia presso il popolo che presso la servit\u00f9, sono chiamate le Streghe Ruldegost, principalmente per lo stato di reclusione autoinflitta, per l\u2019atteggiamento perennemente tetro, e per le insistenti voci secondo cui preferiscono la compagnia femminile anche tra le lenzuola.<\/p>\n<p align=\"justify\"><a class=\"wp-live-preview\" href=\"https:\/\/www.manq.it\/waterdeep\/wp-content\/gallery\/la-casata-ruldegost\/geldor.jpg\" target=\"_blank\" rel=\"noopener\"><em>Lord Geldor<\/em><\/a><br \/>\nNato nel 1326 CV, l\u2019Anno del Colpo del Falco; gemello (identico) di <a class=\"wp-live-preview\" href=\"https:\/\/www.manq.it\/waterdeep\/wp-content\/gallery\/la-casata-ruldegost\/lord-parbrym.jpg\" target=\"_blank\" rel=\"noopener\">Parbrym<\/a>, oggi ha 43 anni (compir\u00e0 i 44 il 19esimo giorno di Kythorn).<br \/>\nGeldor si occupa di affari. Diversi uomini che lavorano per lui lo incontrano quotidianamente: solitamente hanno l\u2019aspetto di induriti cacciatori o combattenti veterani; non \u00e8 mai del tutto chiaro se siano mercenari o avventurieri assoldati per compiti specifici, o piuttosto suoi dipendenti diretti.<br \/>\nLord Geldor \u00e8 sposato con <a class=\"wp-live-preview\" href=\"https:\/\/www.manq.it\/waterdeep\/wp-content\/gallery\/la-casata-ruldegost\/Geryana.jpg\" target=\"_blank\" rel=\"noopener\">Lady Geryana<\/a>. Hanno avuto un figlio nato morto, e da allora lei non \u00e8 pi\u00f9 rimasta incinta.<\/p>\n<p align=\"justify\"><a class=\"wp-live-preview\" href=\"https:\/\/www.manq.it\/waterdeep\/wp-content\/gallery\/la-casata-ruldegost\/lord-parbrym.jpg\" target=\"_blank\" rel=\"noopener\"><em>Lord Parbrym<\/em><\/a><br \/>\nNato nel 1326 CV, l\u2019Anno del Colpo del Falco; gemello (identico) di <a class=\"wp-live-preview\" href=\"https:\/\/www.manq.it\/waterdeep\/wp-content\/gallery\/la-casata-ruldegost\/geldor.jpg\" target=\"_blank\" rel=\"noopener\">Geldor<\/a>, oggi ha 43 anni (compir\u00e0 i 44 il 19esimo giorno di Kythorn).<br \/>\nParbrym \u00e8 fisicamente identico a <a class=\"wp-live-preview\" href=\"https:\/\/www.manq.it\/waterdeep\/wp-content\/gallery\/la-casata-ruldegost\/geldor.jpg\" target=\"_blank\" rel=\"noopener\">Geldor<\/a>, ma l\u2019atteggiamento \u00e8 molto diverso. Parbrym \u00e8 molle, ozioso, scialacquatore, superficiale, e donnaiolo.<br \/>\nNon \u00e8 tuttavia stupido, ed \u00e8 simpatico a tutti, anche dalla servit\u00f9.<br \/>\nE\u2019 visto spesso con compagne diverse, ma ve ne sono due con le quali si accompagna pi\u00f9 di frequente: <a class=\"wp-live-preview\" href=\"https:\/\/www.manq.it\/waterdeep\/wp-content\/gallery\/la-casata-ruldegost\/Leone.jpg\" target=\"_blank\" rel=\"noopener\">Madama Loene<\/a> e <a class=\"wp-live-preview\" href=\"https:\/\/www.manq.it\/waterdeep\/wp-content\/gallery\/la-casata-ruldegost\/Shyrrhr.jpg\" target=\"_blank\" rel=\"noopener\">Madama Shyrrhr<\/a>.<\/p>\n<p align=\"justify\"><a class=\"wp-live-preview\" href=\"https:\/\/www.manq.it\/waterdeep\/wp-content\/gallery\/la-casata-ruldegost\/lord-naint.jpg\" target=\"_blank\" rel=\"noopener\"><em>Lord Naint<\/em><\/a><br \/>\nNato nel 1330 CV, l\u2019Anno della Luna in Marcia; gemello di <a class=\"wp-live-preview\" href=\"https:\/\/www.manq.it\/waterdeep\/wp-content\/gallery\/la-casata-ruldegost\/lord-corvor.jpg\" target=\"_blank\" rel=\"noopener\">Corvor<\/a>, ha appena compiuto 39 anni, il 25\u00b0 giorno di Nightal.<br \/>\nNaint \u00e8 sacerdote di Waukeen, e si prende cura presonalmente della cappelletta dedicata alla dea in Casa Ruldegost. E\u2019 un uomo molto retto, e una volta all\u2019anno si reca in pellegrinaggio ad Athkatla, al Tempio di Waukeen.<\/p>\n<p align=\"justify\"><a class=\"wp-live-preview\" href=\"https:\/\/www.manq.it\/waterdeep\/wp-content\/gallery\/png\/lord-corvor.jpg\" target=\"_blank\" rel=\"noopener\"><em>Lord Corvor<\/em><\/a><br \/>\nNato nel 1330 CV, l\u2019Anno della Luna in Marcia; gemello di <a class=\"wp-live-preview\" href=\"https:\/\/www.manq.it\/waterdeep\/wp-content\/gallery\/la-casata-ruldegost\/lord-naint.jpg\" target=\"_blank\" rel=\"noopener\">Naint<\/a>, ha appena compiuto 39 anni, il 25\u00b0 giorno di Nightal.<br \/>\nNon esattamente il tipo raccomandabile, Corvor \u00e8 molto somigliante a <a class=\"wp-live-preview\" href=\"https:\/\/www.manq.it\/waterdeep\/wp-content\/gallery\/la-casata-ruldegost\/lord-naint.jpg\" target=\"_blank\" rel=\"noopener\">Naint<\/a> ma non sono identici. La differenza \u00e8 sottolineata dallo sfregio in volto che Corvor esibisce da alcuni anni.<br \/>\nSbruffone ed egocentrico, cede volentieri all\u2019alcol, ed in quelle occasioni diventa anche rancoroso e violento. E\u2019 temuto dalla servit\u00f9, ed \u00e8 mal visto dal resto della famiglia.<br \/>\nVoci insistenti vogliono che il giovane <a class=\"wp-live-preview\" href=\"https:\/\/www.manq.it\/waterdeep\/wp-content\/gallery\/la-casata-ruldegost\/Ronnie.png\" target=\"_blank\" rel=\"noopener\">Ronnie<\/a>, cameriere alla Taverna del Pugnale Gocciolante, sia suo figlio.<\/p>\n<p align=\"justify\"><a class=\"wp-live-preview\" href=\"https:\/\/www.manq.it\/waterdeep\/wp-content\/gallery\/la-casata-ruldegost\/Telneth.jpg\" target=\"_blank\" rel=\"noopener\"><em>Lord Telneth<\/em><\/a><br \/>\nNato nel 1333 CV, l\u2019Anno del Colpo del Falco; gemello (identico) di <a class=\"wp-live-preview\" href=\"https:\/\/www.manq.it\/waterdeep\/wp-content\/gallery\/la-casata-ruldegost\/burdeth.jpg\" target=\"_blank\" rel=\"noopener\">Burdeth<\/a> (compir\u00e0 37 anni il 22\u00b0 giorno di Kythorn), Telneth \u00e8 un sacerdote di Tempus<br \/>\nNel 1366 CV, quattro anni or sono, convol\u00f2 a nozze con <a class=\"wp-live-preview\" href=\"https:\/\/www.manq.it\/waterdeep\/wp-content\/gallery\/la-casata-ruldegost\/L.jpg\" target=\"_blank\" rel=\"noopener\">Lady Kitiara Ilitul<\/a> di Waterdeep. Due anni dopo, nel 1368, attendevano un bimbo, tuttavia <a class=\"wp-live-preview\" href=\"https:\/\/www.manq.it\/waterdeep\/wp-content\/gallery\/la-casata-ruldegost\/L.jpg\" target=\"_blank\" rel=\"noopener\">Lady Kitiara<\/a> mor\u00ec. Telneth la seppell\u00ec personalmente, e il giorno del proprio 35esimo compleanno part\u00ec insieme ad un gruppo di avventurieri.<\/p>\n<p align=\"justify\"><a class=\"wp-live-preview\" href=\"https:\/\/www.manq.it\/waterdeep\/wp-content\/gallery\/la-casata-ruldegost\/burdeth.jpg\" target=\"_blank\" rel=\"noopener\"><em>Lord Burdeth<\/em><\/a><br \/>\nNato nel 1333 CV, l\u2019Anno del Colpo del Falco; gemello (identico) di <a class=\"wp-live-preview\" href=\"https:\/\/www.manq.it\/waterdeep\/wp-content\/gallery\/la-casata-ruldegost\/Telneth.jpg\" target=\"_blank\" rel=\"noopener\">Telneth<\/a>, compir\u00e0 37 anni il 22\u00b0 giorno di Kythorn.<br \/>\nLord Burdeth \u00e8 attivo membro dell\u2019Ordine Vigile dei Maghi Protettori.<\/p>\n<p align=\"justify\"><a class=\"wp-live-preview\" href=\"https:\/\/www.manq.it\/waterdeep\/wp-content\/gallery\/la-casata-ruldegost\/lady-hammalarra.jpg\" target=\"_blank\" rel=\"noopener\"><em>Lady Hammalarra<\/em><\/a><br \/>\nNata nel 1336 CV, l\u2019Anno dell\u2019Alto Mantello; compir\u00e0 34 anni il 7\u00b0 giorno di Flamerule.<br \/>\nUfficialmente fidanzata di un <a class=\"wp-live-preview\" href=\"https:\/\/www.manq.it\/waterdeep\/wp-content\/gallery\/la-casata-ruldegost\/Fidanzato.jpg\" target=\"_blank\" rel=\"noopener\">chierico di Sune<\/a> avventuriero, che per\u00ec alcuni anni fa in un\u2019avventura.<br \/>\nE\u2019 sempre molto attenta a tutti gli uomini con cui <a class=\"wp-live-preview\" href=\"https:\/\/www.manq.it\/waterdeep\/wp-content\/gallery\/la-casata-ruldegost\/geldor.jpg\" target=\"_blank\" rel=\"noopener\">Geldor<\/a> ha spesso a che fare, e questa attenzione non \u00e8 sfuggita alla servit\u00f9, che ormani la chiama \u201cvedova allegra\u201d.<\/p>\n<p align=\"justify\"><a class=\"wp-live-preview\" href=\"https:\/\/www.manq.it\/waterdeep\/wp-content\/gallery\/la-casata-ruldegost\/shelaenne.jpg\" target=\"_blank\" rel=\"noopener\"><em>Lady Shelaenne<\/em><\/a><br \/>\nNata nel 1338 CV, l\u2019Anno dell\u2019Errante; compir\u00e0 32 anni il 25\u00b0 giorno di Alturiak.<br \/>\nSpassionatamente altruista, \u00e8 la benefattrice di Casa Ruldegost.<br \/>\nAppassionata di poesia, sponsorizza numerosi autori locali e frequenta la scuola bardica Nuovo Olamn.<br \/>\nLa sua prima occupazione \u00e8 tuttavia occuparsi dei bisognosi: assidua frequentatrice dei Templi che alloggiano gli indigenti, \u00e8 amata da tutti in Waterdeep, ad iniziare dalla servit\u00f9 di casa Ruldegost.<br \/>\nN\u00e9 bella n\u00e9 brutta, ha un carattere timido. Ha tuttavia un fascino pi\u00f9 profondo, associato alla sua grande virt\u00f9.<\/p>\n<p align=\"justify\"><a class=\"wp-live-preview\" href=\"https:\/\/www.manq.it\/waterdeep\/wp-content\/gallery\/la-casata-ruldegost\/Ramphaer.png\" target=\"_blank\" rel=\"noopener\"><em>Lord Ramphaer <\/em><\/a><br \/>\nNato nel 1343 CV, l\u2019Anno dello Stivale; compir\u00e0 27 anni il 30\u00b0 giorno di Alturiak.<br \/>\nNel 1368 ha combattuto in Tethyr per la restaurazione della Regina. Nel 1369 ha aiutato la Guardia Cittadina contro i sahuagin. E\u2019 uno spadaccino scapestrato e gioviale, molto apprezzato da tutti, sia in Villa che in Citt\u00e0.<br \/>\nCorre voce che lui e <a class=\"wp-live-preview\" href=\"https:\/\/www.manq.it\/waterdeep\/wp-content\/gallery\/la-casata-ruldegost\/lady-lethlill.jpg\" target=\"_blank\" rel=\"noopener\">Lady Lethlill<\/a> siano un po\u2019 pi\u00f9 affezionati di quanto convenga a fratello e sorella.<\/p>\n<p align=\"justify\"><a class=\"wp-live-preview\" href=\"https:\/\/www.manq.it\/waterdeep\/wp-content\/gallery\/la-casata-ruldegost\/Zorsra.jpg\" target=\"_blank\" rel=\"noopener\"><em>Lady Zorsra<\/em><\/a><br \/>\nNata nel 1348 CV, l\u2019Anno dello Sperone; compir\u00e0 22 anni il 30\u00b0 giorno di Marpenoth.<br \/>\nGemella di <a class=\"wp-live-preview\" href=\"https:\/\/www.manq.it\/waterdeep\/wp-content\/gallery\/la-casata-ruldegost\/Ambedaelia.jpg\" target=\"_blank\" rel=\"noopener\">Ambedaelia<\/a> e <a class=\"wp-live-preview\" href=\"https:\/\/www.manq.it\/waterdeep\/wp-content\/gallery\/la-casata-ruldegost\/Dethurra.jpg\" target=\"_blank\" rel=\"noopener\">Dethurra<\/a>.<br \/>\nTanto bassa quanto grassa, foruncolosa, aggressiva e viziata. La sua prima occupazione \u00e8 mangiare.<\/p>\n<p align=\"justify\"><a class=\"wp-live-preview\" href=\"https:\/\/www.manq.it\/waterdeep\/wp-content\/gallery\/la-casata-ruldegost\/Ambedaelia.jpg\" target=\"_blank\" rel=\"noopener\"><em>Lady Ambedaelia <\/em><\/a><br \/>\nNata nel 1348 CV, l\u2019Anno dello Sperone; compir\u00e0 22 anni il 30\u00b0 giorno di Marpenoth.<br \/>\nGemella di <a class=\"wp-live-preview\" href=\"https:\/\/www.manq.it\/waterdeep\/wp-content\/gallery\/la-casata-ruldegost\/Zorsra.jpg\" target=\"_blank\" rel=\"noopener\">Zorsra<\/a> e <a class=\"wp-live-preview\" href=\"https:\/\/www.manq.it\/waterdeep\/wp-content\/gallery\/la-casata-ruldegost\/Dethurra.jpg\" target=\"_blank\" rel=\"noopener\">Dethurra<\/a>.<br \/>\nMagra e altissima, ride a sproposito, e adora veder \u201cgiocare\u201d il proprio mastino con i gattini o con i cagnetti che lei gli mette a disposizione.<\/p>\n<p align=\"justify\"><a class=\"wp-live-preview\" href=\"https:\/\/www.manq.it\/waterdeep\/wp-content\/gallery\/la-casata-ruldegost\/Dethurra.jpg\" target=\"_blank\" rel=\"noopener\"><em>Lady Dethurra<\/em><\/a><br \/>\nNata nel 1348 CV, l\u2019Anno dello Sperone; compir\u00e0 22 anni il 30\u00b0 giorno di Marpenoth.<br \/>\nGemella di <a class=\"wp-live-preview\" href=\"https:\/\/www.manq.it\/waterdeep\/wp-content\/gallery\/la-casata-ruldegost\/Ambedaelia.jpg\" target=\"_blank\" rel=\"noopener\">Ambedaelia<\/a> e <a class=\"wp-live-preview\" href=\"https:\/\/www.manq.it\/waterdeep\/wp-content\/gallery\/la-casata-ruldegost\/Zorsra.jpg\" target=\"_blank\" rel=\"noopener\">Zorsra<\/a>, \u00e8 detta \u201cDethur\u201d.<br \/>\nBaffuta, spalle larghe, molto silenziosa, vive nell\u2019ombra di <a class=\"wp-live-preview\" href=\"https:\/\/www.manq.it\/waterdeep\/wp-content\/gallery\/la-casata-ruldegost\/Zorsra.jpg\" target=\"_blank\" rel=\"noopener\">Zorsra<\/a> e <a class=\"wp-live-preview\" href=\"https:\/\/www.manq.it\/waterdeep\/wp-content\/gallery\/la-casata-ruldegost\/Ambedaelia.jpg\" target=\"_blank\" rel=\"noopener\">Ambedaelia<\/a>.<\/p>\n<p align=\"justify\"><a class=\"wp-live-preview\" href=\"https:\/\/www.manq.it\/waterdeep\/wp-content\/gallery\/la-casata-ruldegost\/lady-trethma.jpg\" target=\"_blank\" rel=\"noopener\"><em>Lady Trethma<\/em><\/a><br \/>\nNata nel 1350 CV, l\u2019Anno delle Morningstar; compir\u00e0 20 anni il 15\u00b0 giorno di Ches.<br \/>\nBellissima, \u00e8 spesso al centro dell\u2019attenzione nelle Feste e nelle apparizioni pubbliche in Waterdeep. Il suo carattere giovale ma malizioso la spinge a compiere scherzi verso tutti, per cui quando c\u2019\u00e8 lei, nessuno \u00e8 fuori pericolo, n\u00e9 i Ruldegost, n\u00e9 la servit\u00f9, n\u00e9 gli ospiti, per importanti che siano.<\/p>\nngg_shortcode_0_placeholder\n<h6 style=\"text-align: justify;\"><em>Nota: le immagini qui riportate sono state prese da google e ricaricate per comodit\u00e0 sul server del sito. <strong>Non sono di mia propriet\u00e0<\/strong>. Qualora il proprietario di una di queste immagini ritenesse improprio l&#8217;uso che ne sto facendo, <a href=\"mailto:manq.hsp@libero.it?subject=Richiesta di rimozione immagine dal sito WATERDEEP\">lo segnali<\/a> e l&#8217;immagine verr\u00e0 immediatamente rimossa. Colgo l&#8217;occasione per ringraziare tutti gli autori e complimentarmi per il loro operato.<\/em><\/h6>\n","protected":false},"excerpt":{"rendered":"<p>Anticamente, i Ruldegost erano una famiglia di spadaccini rubizzi, corpulenti, avvezzi ad una vita dura, che sposavano una serie eterogenea di mogli pazienti, che solitamente vivevano pi\u00f9 a lungo dei mariti; oppure restavano celibi e sbarazzini, diventando un altro dei famigerati &#8220;vecchi allupati zii Ruldegost&#8221;. Ma quando Alaerik divenne capo della Casa dopo la morte di suo padre Norond, tutti &hellip; <a class=\"meta-nav\" href=\"https:\/\/www.manq.it\/waterdeep\/?page_id=94\">Continue reading &rarr;<\/a><\/p>\n","protected":false},"author":2,"featured_media":0,"parent":0,"menu_order":4,"comment_status":"open","ping_status":"open","template":"","meta":{"ngg_post_thumbnail":0,"footnotes":""},"class_list":["post-94","page","type-page","status-publish","hentry"],"_links":{"self":[{"href":"https:\/\/www.manq.it\/waterdeep\/index.php?rest_route=\/wp\/v2\/pages\/94","targetHints":{"allow":["GET"]}}],"collection":[{"href":"https:\/\/www.manq.it\/waterdeep\/index.php?rest_route=\/wp\/v2\/pages"}],"about":[{"href":"https:\/\/www.manq.it\/waterdeep\/index.php?rest_route=\/wp\/v2\/types\/page"}],"author":[{"embeddable":true,"href":"https:\/\/www.manq.it\/waterdeep\/index.php?rest_route=\/wp\/v2\/users\/2"}],"replies":[{"embeddable":true,"href":"https:\/\/www.manq.it\/waterdeep\/index.php?rest_route=%2Fwp%2Fv2%2Fcomments&post=94"}],"version-history":[{"count":22,"href":"https:\/\/www.manq.it\/waterdeep\/index.php?rest_route=\/wp\/v2\/pages\/94\/revisions"}],"predecessor-version":[{"id":2548,"href":"https:\/\/www.manq.it\/waterdeep\/index.php?rest_route=\/wp\/v2\/pages\/94\/revisions\/2548"}],"wp:attachment":[{"href":"https:\/\/www.manq.it\/waterdeep\/index.php?rest_route=%2Fwp%2Fv2%2Fmedia&parent=94"}],"curies":[{"name":"wp","href":"https:\/\/api.w.org\/{rel}","templated":true}]}}